{"id":754398,"date":"2025-08-28T06:09:29","date_gmt":"2025-08-28T03:09:29","guid":{"rendered":"https:\/\/roveyayinevi.com.tr\/index.php\/urun\/imparatorluk-varisi-mustafa-kemal-ataturk\/"},"modified":"2026-04-16T03:07:48","modified_gmt":"2026-04-16T00:07:48","slug":"imparatorluk-varisi-mustafa-kemal-ataturk","status":"publish","type":"product","link":"https:\/\/roveyayinevi.com.tr\/index.php\/urun\/imparatorluk-varisi-mustafa-kemal-ataturk\/","title":{"rendered":"\u0130mparatorluk Varisi Mustafa Kemal Atat\u00fcrk"},"content":{"rendered":"<p>Bu eser modern T\u00fcrkiye&#8217;nin kurucusunu anlaml\u0131 bir tarihsel perspektife yerle\u015ftiriyor ve onun temel fikirlerinin ayn\u0131 \u00f6l\u00e7\u00fcde derinlikli bir analizini sunuyor. M. \u015e\u00fckr\u00fc Hanio\u011flu, Princeton \u00dcniversitesi.   Osmanl\u0131 \u0130mparatorlu\u011fu sona yakla\u015ft\u0131k\u00e7a pek \u00e7ok Osmanl\u0131 askeri vatan\u0131 kurtarmak i\u00e7in liderlik vasf\u0131na soyundu. Birinci D\u00fcnya Sava\u015f\u0131 yaln\u0131zca Osmanl\u0131 topraklar\u0131n\u0131n \u00e7\u00f6z\u00fclmesine de\u011fil, \u00f6ne \u00e7\u0131kan bu liderlerin de farkl\u0131 fikirler ortaya atmas\u0131na yol a\u00e7t\u0131. Enver, Talat ve Cemal Pa\u015fa troyka y\u00f6netimi ile birlikte \u0130ttihat ve Terakki Cemiyeti de siyaset sahnesinden silinirken Selanik\u2019ten yeni bir lider \u00e7\u0131kt\u0131. Hem d\u00f6nemin b\u00fct\u00fcn hizipleriyle irtibatta olan hem de onlardan ayr\u0131 bir yola \u00e7\u0131kan Mustafa Kemal, \u0130mparatorluk\u2019tan kalan mirasla bir Cumhuriyet kurdu. \u0130tilaf Devletleri\u2019ni hem sava\u015f meydan\u0131nda hem de masada ma\u011flup ettikten sonra devrald\u0131\u011f\u0131 miras\u0131 t\u00fcm d\u00fcnyan\u0131n g\u00f6zleri \u00f6n\u00fcnde ileriye ta\u015f\u0131d\u0131. Bu miras\u0131n i\u00e7inden al\u0131nanlar ile ge\u00e7mi\u015fe terk edilenler modern Cumhuriyet\u2019in yap\u0131lar\u0131n\u0131 olu\u015fturdu. \u0130mparatorlu\u011fun kaderiyle oynamaya aday Selanikli bir gen\u00e7ten, asker Mustafa Kemal\u2019e oradan devlet kurucusu Atat\u00fcrk\u2019e yolculu\u011fu ele alan bu kitap, hem ge\u00e7 d\u00f6nem Osmanl\u0131 \u0130mparatorlu\u011fu\u2019nun hem de erken Cumhuriyet\u2019in sanc\u0131l\u0131 y\u0131llar\u0131n\u0131n da \u00f6zl\u00fc bir anlat\u0131m\u0131n\u0131 sunuyor. <\/p>\n","protected":false},"excerpt":{"rendered":"<p>Bu eser modern T\u00fcrkiye&#8217;nin kurucusunu anlaml\u0131 bir tarihsel perspektife yerle\u015ftiriyor ve onun temel fikirlerinin ayn\u0131 \u00f6l\u00e7\u00fcde derinlikli bir analizini sunuyor. M. \u015e\u00fckr\u00fc Hanio\u011flu, Princeton \u00dcniversitesi. Osmanl\u0131<span class=\"excerpt-hellip\"> [\u2026]<\/span><\/p>\n","protected":false},"featured_media":0,"template":"","meta":{"_monsterinsights_skip_tracking":false,"_monsterinsights_sitenote_active":false,"_monsterinsights_sitenote_note":"","_monsterinsights_sitenote_category":0},"product_brand":[],"product_cat":[12530,12304],"product_tag":[],"class_list":{"0":"post-754398","1":"product","2":"type-product","3":"status-publish","5":"product_cat-mustafa-kemal-ataturk","6":"product_cat-tarih","7":"pa_cilt-ciltsiz","8":"pa_tur-kitap","9":"pa_yayinevi-fol-kitap","10":"pa_yazar-ryan-gingeras","12":"first","13":"instock","14":"sale","15":"shipping-taxable","16":"purchasable","17":"product-type-simple"},"_links":{"self":[{"href":"https:\/\/roveyayinevi.com.tr\/index.php\/wp-json\/wp\/v2\/product\/754398","targetHints":{"allow":["GET"]}}],"collection":[{"href":"https:\/\/roveyayinevi.com.tr\/index.php\/wp-json\/wp\/v2\/product"}],"about":[{"href":"https:\/\/roveyayinevi.com.tr\/index.php\/wp-json\/wp\/v2\/types\/product"}],"wp:attachment":[{"href":"https:\/\/roveyayinevi.com.tr\/index.php\/wp-json\/wp\/v2\/media?parent=754398"}],"wp:term":[{"taxonomy":"product_brand","embeddable":true,"href":"https:\/\/roveyayinevi.com.tr\/index.php\/wp-json\/wp\/v2\/product_brand?post=754398"},{"taxonomy":"product_cat","embeddable":true,"href":"https:\/\/roveyayinevi.com.tr\/index.php\/wp-json\/wp\/v2\/product_cat?post=754398"},{"taxonomy":"product_tag","embeddable":true,"href":"https:\/\/roveyayinevi.com.tr\/index.php\/wp-json\/wp\/v2\/product_tag?post=754398"}],"curies":[{"name":"wp","href":"https:\/\/api.w.org\/{rel}","templated":true}]}}