{"id":754394,"date":"2025-08-28T06:09:23","date_gmt":"2025-08-28T03:09:23","guid":{"rendered":"https:\/\/roveyayinevi.com.tr\/index.php\/urun\/gizli-bahce-12\/"},"modified":"2026-04-16T03:07:48","modified_gmt":"2026-04-16T00:07:48","slug":"gizli-bahce-12","status":"publish","type":"product","link":"https:\/\/roveyayinevi.com.tr\/index.php\/urun\/gizli-bahce-12\/","title":{"rendered":"Gizli Bah\u00e7e"},"content":{"rendered":"<p>Hayat\u0131 boyunca hizmetlilerin, dad\u0131lar\u0131n yan\u0131nda ya\u015fayan dokuz  ya\u015f\u0131ndaki Mary Lennox, etraf\u0131ndaki herkesi kaybettikten sonra Hindistan\u2019dan \u0130ngiltere\u2019ye gelir. Art\u0131k huysuzluk konusunda kendisiyle yar\u0131\u015fabilecek eni\u015ftesinin b\u00fcy\u00fck malik\u00e2nesinde ya\u015fayacakt\u0131r. Bir bozk\u0131r\u0131n ortas\u0131nda yer alan bu malik\u00e2ne, kilitli kap\u0131lar\u0131, solmu\u015f \u00e7i\u00e7eklerle dolu bah\u00e7eleriyle Mary\u2019nin merak\u0131n\u0131 uyand\u0131r\u0131r. Ba\u015flarda yaln\u0131zl\u0131k \u00e7ekse de yava\u015f yava\u015f d\u0131\u015far\u0131 \u00e7\u0131kmaya, do\u011fayla tan\u0131\u015fmaya ba\u015flar. \u0130nsanlarla kayna\u015f\u0131r, hayvanlarla dost olur. Ama akl\u0131nda tek bir \u015fey vard\u0131r. Kimsenin ad\u0131m\u0131n\u0131 atmad\u0131\u011f\u0131, anahtar\u0131n\u0131n bile g\u00f6m\u00fcl\u00fc oldu\u011funu duydu\u011fu gizli bah\u00e7eye girmek. Ve sonunda iki arkada\u015f\u0131n\u0131n da yard\u0131m\u0131yla amac\u0131na ula\u015f\u0131r. Geriye yap\u0131lacak tek bir \u015fey kalm\u0131\u015ft\u0131r: O k\u00fcsk\u00fcn bah\u00e7eyi hayata d\u00f6nd\u00fcrmek ve o ye\u015fillendik\u00e7e iyile\u015fmek\u2026 <\/p>\n","protected":false},"excerpt":{"rendered":"<p>Hayat\u0131 boyunca hizmetlilerin, dad\u0131lar\u0131n yan\u0131nda ya\u015fayan dokuz ya\u015f\u0131ndaki Mary Lennox, etraf\u0131ndaki herkesi kaybettikten sonra Hindistan\u2019dan \u0130ngiltere\u2019ye gelir. Art\u0131k huysuzluk konusunda kendisiyle yar\u0131\u015fabilecek eni\u015ftesinin b\u00fcy\u00fck malik\u00e2nesinde ya\u015fayacakt\u0131r.<span class=\"excerpt-hellip\"> [\u2026]<\/span><\/p>\n","protected":false},"featured_media":0,"template":"","meta":{"_monsterinsights_skip_tracking":false,"_monsterinsights_sitenote_active":false,"_monsterinsights_sitenote_note":"","_monsterinsights_sitenote_category":0},"product_brand":[],"product_cat":[12274,12467],"product_tag":[],"class_list":{"0":"post-754394","1":"product","2":"type-product","3":"status-publish","5":"product_cat-cocuk-ve-genclik-kitaplari","6":"product_cat-dunya-klasikleri","7":"pa_cilt-ciltsiz","8":"pa_tur-kitap","9":"pa_yayinevi-yapi-kredi-yayinlari","10":"pa_yazar-frances-hodgson-burnett","12":"first","13":"instock","14":"sale","15":"shipping-taxable","16":"purchasable","17":"product-type-simple"},"_links":{"self":[{"href":"https:\/\/roveyayinevi.com.tr\/index.php\/wp-json\/wp\/v2\/product\/754394","targetHints":{"allow":["GET"]}}],"collection":[{"href":"https:\/\/roveyayinevi.com.tr\/index.php\/wp-json\/wp\/v2\/product"}],"about":[{"href":"https:\/\/roveyayinevi.com.tr\/index.php\/wp-json\/wp\/v2\/types\/product"}],"wp:attachment":[{"href":"https:\/\/roveyayinevi.com.tr\/index.php\/wp-json\/wp\/v2\/media?parent=754394"}],"wp:term":[{"taxonomy":"product_brand","embeddable":true,"href":"https:\/\/roveyayinevi.com.tr\/index.php\/wp-json\/wp\/v2\/product_brand?post=754394"},{"taxonomy":"product_cat","embeddable":true,"href":"https:\/\/roveyayinevi.com.tr\/index.php\/wp-json\/wp\/v2\/product_cat?post=754394"},{"taxonomy":"product_tag","embeddable":true,"href":"https:\/\/roveyayinevi.com.tr\/index.php\/wp-json\/wp\/v2\/product_tag?post=754394"}],"curies":[{"name":"wp","href":"https:\/\/api.w.org\/{rel}","templated":true}]}}