{"id":754393,"date":"2025-08-28T06:09:21","date_gmt":"2025-08-28T03:09:21","guid":{"rendered":"https:\/\/roveyayinevi.com.tr\/index.php\/urun\/dunyalik\/"},"modified":"2026-04-16T03:07:48","modified_gmt":"2026-04-16T00:07:48","slug":"dunyalik","status":"publish","type":"product","link":"https:\/\/roveyayinevi.com.tr\/index.php\/urun\/dunyalik\/","title":{"rendered":"D\u00fcnyal\u0131k"},"content":{"rendered":"<p>Serhat Uyurkulak\u2019\u0131n yeni \u015fiir kitab\u0131 D\u00fcnyal\u0131k\u2019ta \u201cYol\u201d, \u201cAda\u201d, \u201cAtlar ve \u00c7ocuklar\u201d ve \u201cD\u00f6n\u00fc\u015f\u201d ba\u015fl\u0131klar\u0131n\u0131 ta\u015f\u0131yan d\u00f6rt b\u00f6l\u00fcm yer al\u0131yor. Her bir ba\u015fl\u0131k onu izleyen b\u00f6l\u00fcm\u00fc \u015fekillendiren bir fig\u00fcr\u00fc ya da temay\u0131 ifade ediyor ve bu b\u00f6l\u00fcmleri ortak bir soru bir arada tutuyor: Acaba insan denilen varl\u0131\u011f\u0131n bir d\u00fcnyas\u0131 var m\u0131d\u0131r? E\u011fer varsa bu d\u00fcnyan\u0131n insan i\u00e7in olanakl\u0131 k\u0131ld\u0131\u011f\u0131 ya da ket vurdu\u011fu deneyim nedir?    D\u00fcnyal\u0131k ba\u015fka ba\u015fka \u00f6zneler ve sesler arac\u0131l\u0131\u011f\u0131yla, lirik, epik ve anlat\u0131mc\u0131 \u015fiirin olanaklar\u0131n\u0131 serbest\u00e7e ara\u015ft\u0131r\u0131p yoklarken insan\u0131n yurtsuzlu\u011fu ve \u201cd\u00fcnyas\u0131zl\u0131\u011f\u0131\u201d \u00fcst\u00fcne d\u00fc\u015f\u00fcn\u00fcyor.   <\/p>\n","protected":false},"excerpt":{"rendered":"<p>Serhat Uyurkulak\u2019\u0131n yeni \u015fiir kitab\u0131 D\u00fcnyal\u0131k\u2019ta \u201cYol\u201d, \u201cAda\u201d, \u201cAtlar ve \u00c7ocuklar\u201d ve \u201cD\u00f6n\u00fc\u015f\u201d ba\u015fl\u0131klar\u0131n\u0131 ta\u015f\u0131yan d\u00f6rt b\u00f6l\u00fcm yer al\u0131yor. Her bir ba\u015fl\u0131k onu izleyen b\u00f6l\u00fcm\u00fc \u015fekillendiren<span class=\"excerpt-hellip\"> [\u2026]<\/span><\/p>\n","protected":false},"featured_media":0,"template":"","meta":{"_monsterinsights_skip_tracking":false,"_monsterinsights_sitenote_active":false,"_monsterinsights_sitenote_note":"","_monsterinsights_sitenote_category":0},"product_brand":[],"product_cat":[12291,12509],"product_tag":[],"class_list":{"0":"post-754393","1":"product","2":"type-product","3":"status-publish","5":"product_cat-edebiyat","6":"product_cat-siir","7":"pa_cilt-ciltsiz","8":"pa_tur-kitap","9":"pa_yayinevi-yapi-kredi-yayinlari","10":"pa_yazar-serhat-uyurkulak","12":"first","13":"instock","14":"sale","15":"shipping-taxable","16":"purchasable","17":"product-type-simple"},"_links":{"self":[{"href":"https:\/\/roveyayinevi.com.tr\/index.php\/wp-json\/wp\/v2\/product\/754393","targetHints":{"allow":["GET"]}}],"collection":[{"href":"https:\/\/roveyayinevi.com.tr\/index.php\/wp-json\/wp\/v2\/product"}],"about":[{"href":"https:\/\/roveyayinevi.com.tr\/index.php\/wp-json\/wp\/v2\/types\/product"}],"wp:attachment":[{"href":"https:\/\/roveyayinevi.com.tr\/index.php\/wp-json\/wp\/v2\/media?parent=754393"}],"wp:term":[{"taxonomy":"product_brand","embeddable":true,"href":"https:\/\/roveyayinevi.com.tr\/index.php\/wp-json\/wp\/v2\/product_brand?post=754393"},{"taxonomy":"product_cat","embeddable":true,"href":"https:\/\/roveyayinevi.com.tr\/index.php\/wp-json\/wp\/v2\/product_cat?post=754393"},{"taxonomy":"product_tag","embeddable":true,"href":"https:\/\/roveyayinevi.com.tr\/index.php\/wp-json\/wp\/v2\/product_tag?post=754393"}],"curies":[{"name":"wp","href":"https:\/\/api.w.org\/{rel}","templated":true}]}}