{"id":754391,"date":"2025-08-28T06:09:18","date_gmt":"2025-08-28T03:09:18","guid":{"rendered":"https:\/\/roveyayinevi.com.tr\/index.php\/urun\/dul-olumsuz-es-ariyor\/"},"modified":"2026-04-16T03:07:48","modified_gmt":"2026-04-16T00:07:48","slug":"dul-olumsuz-es-ariyor","status":"publish","type":"product","link":"https:\/\/roveyayinevi.com.tr\/index.php\/urun\/dul-olumsuz-es-ariyor\/","title":{"rendered":"Dul \u00d6l\u00fcms\u00fcz E\u015f Ar\u0131yor"},"content":{"rendered":"<p>E\u015fi Sylvie\u2019nin \u00f6l\u00fcm\u00fcn\u00fcn ard\u0131ndan mutsuzlu\u011fun doruklar\u0131nda yaln\u0131z ve dul kalan Fournier, hayal k\u0131r\u0131kl\u0131\u011f\u0131 ya\u015famamak i\u00e7in \u00f6l\u00fcms\u00fcz bir e\u015f aray\u0131\u015f\u0131na ba\u015flar ve gazeteye bir ilan verir: Dul, \u00f6l\u00fcms\u00fcz e\u015f ar\u0131yor.  Kimler ba\u015fvurmaz ki bu ilana: Jeanne d\u2019Arc, Maria Callas, Emma Bovary, Carmen, Kleopatra, Ella Fitzgerald, Nefertiti, Yourcenar, Pamuk Prenses ve daha nice \u00f6l\u00fcms\u00fcz isim. Gelen yan\u0131tlara Sylvie\u2019nin \u201c\u00f6teki taraf\u201dtan yapt\u0131\u011f\u0131 yer yer i\u011fneleyici yorumlarla i\u015fler \u00e7\u0131\u011f\u0131r\u0131ndan \u00e7\u0131kar.  Dul \u00d6l\u00fcms\u00fcz E\u015f Ar\u0131yor\u2019da Fournier cebindeki \u00e7uvald\u0131zla kendi kuyusunu kazmaya devam ediyor&#8230; <\/p>\n","protected":false},"excerpt":{"rendered":"<p>E\u015fi Sylvie\u2019nin \u00f6l\u00fcm\u00fcn\u00fcn ard\u0131ndan mutsuzlu\u011fun doruklar\u0131nda yaln\u0131z ve dul kalan Fournier, hayal k\u0131r\u0131kl\u0131\u011f\u0131 ya\u015famamak i\u00e7in \u00f6l\u00fcms\u00fcz bir e\u015f aray\u0131\u015f\u0131na ba\u015flar ve gazeteye bir ilan verir: Dul,<span class=\"excerpt-hellip\"> [\u2026]<\/span><\/p>\n","protected":false},"featured_media":0,"template":"","meta":{"_monsterinsights_skip_tracking":false,"_monsterinsights_sitenote_active":false,"_monsterinsights_sitenote_note":"","_monsterinsights_sitenote_category":0},"product_brand":[],"product_cat":[18545,12291],"product_tag":[],"class_list":{"0":"post-754391","1":"product","2":"type-product","3":"status-publish","5":"product_cat-anlati","6":"product_cat-edebiyat","7":"pa_cilt-ciltsiz","8":"pa_tur-kitap","9":"pa_yayinevi-yapi-kredi-yayinlari","10":"pa_yazar-jean-louis-fournier","12":"first","13":"instock","14":"sale","15":"shipping-taxable","16":"purchasable","17":"product-type-simple"},"_links":{"self":[{"href":"https:\/\/roveyayinevi.com.tr\/index.php\/wp-json\/wp\/v2\/product\/754391","targetHints":{"allow":["GET"]}}],"collection":[{"href":"https:\/\/roveyayinevi.com.tr\/index.php\/wp-json\/wp\/v2\/product"}],"about":[{"href":"https:\/\/roveyayinevi.com.tr\/index.php\/wp-json\/wp\/v2\/types\/product"}],"wp:attachment":[{"href":"https:\/\/roveyayinevi.com.tr\/index.php\/wp-json\/wp\/v2\/media?parent=754391"}],"wp:term":[{"taxonomy":"product_brand","embeddable":true,"href":"https:\/\/roveyayinevi.com.tr\/index.php\/wp-json\/wp\/v2\/product_brand?post=754391"},{"taxonomy":"product_cat","embeddable":true,"href":"https:\/\/roveyayinevi.com.tr\/index.php\/wp-json\/wp\/v2\/product_cat?post=754391"},{"taxonomy":"product_tag","embeddable":true,"href":"https:\/\/roveyayinevi.com.tr\/index.php\/wp-json\/wp\/v2\/product_tag?post=754391"}],"curies":[{"name":"wp","href":"https:\/\/api.w.org\/{rel}","templated":true}]}}