{"id":754390,"date":"2025-08-28T06:09:16","date_gmt":"2025-08-28T03:09:16","guid":{"rendered":"https:\/\/roveyayinevi.com.tr\/index.php\/urun\/en-sevdigim-dinozorlar\/"},"modified":"2026-04-16T03:07:48","modified_gmt":"2026-04-16T00:07:48","slug":"en-sevdigim-dinozorlar","status":"publish","type":"product","link":"https:\/\/roveyayinevi.com.tr\/index.php\/urun\/en-sevdigim-dinozorlar\/","title":{"rendered":"En Sevdi\u011fim Dinozorlar"},"content":{"rendered":"<p>Bu muhte\u015fem hayvanlar 100 milyon y\u0131ldan fazla bir s\u00fcre boyunca yery\u00fcz\u00fcnde dola\u015ft\u0131. Baz\u0131lar\u0131 \u00e7ok korkutucuydu baz\u0131lar\u0131 ise fazlas\u0131yla uyan\u0131k! Devasa dinozorlar da vard\u0131, olduk\u00e7a garip g\u00f6r\u00fcnenler de\u2026 Bu kitapta onlarca dinozorla kar\u015f\u0131la\u015facaks\u0131n\u0131z, aralar\u0131nda belki de ad\u0131n\u0131 daha \u00f6nce hi\u00e7 duymad\u0131klar\u0131n\u0131z da olacak. Okuyun ve s\u00f6yleyin bakal\u0131m, sizin en sevdi\u011finiz dinozorlar hangisi? <\/p>\n","protected":false},"excerpt":{"rendered":"<p>Bu muhte\u015fem hayvanlar 100 milyon y\u0131ldan fazla bir s\u00fcre boyunca yery\u00fcz\u00fcnde dola\u015ft\u0131. Baz\u0131lar\u0131 \u00e7ok korkutucuydu baz\u0131lar\u0131 ise fazlas\u0131yla uyan\u0131k! Devasa dinozorlar da vard\u0131, olduk\u00e7a garip g\u00f6r\u00fcnenler<span class=\"excerpt-hellip\"> [\u2026]<\/span><\/p>\n","protected":false},"featured_media":0,"template":"","meta":{"_monsterinsights_skip_tracking":false,"_monsterinsights_sitenote_active":false,"_monsterinsights_sitenote_note":"","_monsterinsights_sitenote_category":0},"product_brand":[],"product_cat":[12274,12284],"product_tag":[],"class_list":{"0":"post-754390","1":"product","2":"type-product","3":"status-publish","5":"product_cat-cocuk-ve-genclik-kitaplari","6":"product_cat-hikayeler","7":"pa_cilt-ciltsiz","8":"pa_tur-kitap","9":"pa_yayinevi-bookalemun-yayinevi","10":"pa_yazar-emily-kington","12":"first","13":"instock","14":"sale","15":"shipping-taxable","16":"purchasable","17":"product-type-simple"},"_links":{"self":[{"href":"https:\/\/roveyayinevi.com.tr\/index.php\/wp-json\/wp\/v2\/product\/754390","targetHints":{"allow":["GET"]}}],"collection":[{"href":"https:\/\/roveyayinevi.com.tr\/index.php\/wp-json\/wp\/v2\/product"}],"about":[{"href":"https:\/\/roveyayinevi.com.tr\/index.php\/wp-json\/wp\/v2\/types\/product"}],"wp:attachment":[{"href":"https:\/\/roveyayinevi.com.tr\/index.php\/wp-json\/wp\/v2\/media?parent=754390"}],"wp:term":[{"taxonomy":"product_brand","embeddable":true,"href":"https:\/\/roveyayinevi.com.tr\/index.php\/wp-json\/wp\/v2\/product_brand?post=754390"},{"taxonomy":"product_cat","embeddable":true,"href":"https:\/\/roveyayinevi.com.tr\/index.php\/wp-json\/wp\/v2\/product_cat?post=754390"},{"taxonomy":"product_tag","embeddable":true,"href":"https:\/\/roveyayinevi.com.tr\/index.php\/wp-json\/wp\/v2\/product_tag?post=754390"}],"curies":[{"name":"wp","href":"https:\/\/api.w.org\/{rel}","templated":true}]}}