{"id":754388,"date":"2025-08-28T06:09:13","date_gmt":"2025-08-28T03:09:13","guid":{"rendered":"https:\/\/roveyayinevi.com.tr\/index.php\/urun\/sosyal-isinma\/"},"modified":"2026-04-16T03:07:48","modified_gmt":"2026-04-16T00:07:48","slug":"sosyal-isinma","status":"publish","type":"product","link":"https:\/\/roveyayinevi.com.tr\/index.php\/urun\/sosyal-isinma\/","title":{"rendered":"Sosyal Is\u0131nma"},"content":{"rendered":"<p>K\u00fc\u00e7\u00fck bir etkile\u015fim b\u00fcy\u00fck bir y\u0131k\u0131ma neden olabilir! Kimse b\u00f6yle olaca\u011f\u0131n\u0131 d\u00fc\u015f\u00fcnmemi\u015fti. Her \u015feyin daha iyiye gitmesi bekleniyordu, k\u00f6t\u00fcye de\u011fil! G\u00fcn\u00fcm\u00fczde dijital deneyimden yoksun kullan\u0131c\u0131lar Facebook&#8217;u internet zannederken haber ak\u0131\u015f\u0131ndaki her \u015feyin do\u011fru ve ger\u00e7ek oldu\u011funu varsay\u0131yor. \u0130\u015fte size kar\u0131\u015f\u0131kl\u0131k! Twitter&#8217;da masum bir tweet, tweet&#8217;e yap\u0131lan yorum ya da retweet&#8217;le kavga ba\u015fl\u0131yor, insanlar birbirine giriyor. \u0130\u015fte bir kar\u0131\u015f\u0131kl\u0131k daha! Sosyal medya devleri k\u00fcresel \u00e7at\u0131\u015fmalar\u0131 k\u00f6r\u00fckl\u00fcyor ve dezenformasyona izin vererek bizi kaosa s\u00fcr\u00fckl\u00fcyor. Peki, bu kadar b\u00fcy\u00fck bir kontrol\u00fc nas\u0131l elde ettiler ve bunun hayat\u0131m\u0131za etkisi nedir? Sosyal \u0131s\u0131nma, dijital varl\u0131\u011f\u0131m\u0131z\u0131n bir yan \u00fcr\u00fcn\u00fc olarak yava\u015f\u00e7a ger\u00e7ekle\u015fti. K\u00fcresel \u0131s\u0131nma gibi sosyal \u0131s\u0131nma da kaynayan sudaki ba\u015fka bir kurba\u011fa. Her g\u00fcn \u0131s\u0131y\u0131 biraz daha art\u0131r\u0131yoruz ama bu durum kurba\u011fan\u0131n korkup tencereden d\u0131\u015far\u0131ya atlamas\u0131na yetmiyor. Evet, t\u0131pk\u0131 k\u00fcresel \u0131s\u0131nmada oldu\u011fu gibi burada da kim oldu\u011fumuzu ay\u0131rt etmek bazen zorla\u015f\u0131yor. Charles Arthur Sosyal Is\u0131nma&#8217;da, Mark Zuckerberg ve Jack Dorsey gibi milyarder CEO&#8217;lar\u0131n kas\u0131tl\u0131 olmad\u0131\u011f\u0131nda \u0131srar etti\u011fi \u00e7ok say\u0131da \u00f6rne\u011fi inceliyor. Sosyal medyada kullan\u0131lan y\u00f6ntemlerin (algoritmalar, makine \u00f6\u011frenimi vb.) h\u0131zl\u0131 bir \u015fekilde tahamm\u00fcls\u00fczl\u00fc\u011fe, \u0131rk\u00e7\u0131l\u0131\u011fa, \u015fiddete ve hatta soyk\u0131r\u0131ma yol a\u00e7abilece\u011fini; ayr\u0131ca bu platformlar\u0131n sa\u011fl\u0131kl\u0131 kullan\u0131c\u0131 ile sa\u011fl\u0131ks\u0131z kullan\u0131c\u0131 aras\u0131ndaki fark\u0131 ay\u0131rt etme konusunda ne kadar aptalca davrand\u0131klar\u0131n\u0131 ortaya koyuyor. \u015eiddeti k\u00f6r\u00fcklemek i\u00e7in tasarlanm\u0131\u015f sahte haberlerin WhatsApp&#8217;ta k\u00f6r\u00fc k\u00f6r\u00fcne iletilmesi nedeniyle Hindistan&#8217;daki M\u00fcsl\u00fcmanlara yap\u0131lan zulm\u00fc, cep telefonlar\u0131n\u0131n ve Facebook&#8217;un \u00fclkeye girmesiyle Myanmar&#8217;\u0131 kan g\u00f6l\u00fcne \u00e7eviren olaylar\u0131 b\u00fct\u00fcn ger\u00e7ekli\u011fiyle g\u00f6zler \u00f6n\u00fcne seriyor. Kurba\u011fa m\u0131y\u0131z yoksa kaynayan su mu? Hik\u00e2yenin tamam\u0131n\u0131 okuduktan sonra sosyal medyan\u0131n sosyal de\u011fi\u015fim i\u00e7in pozitif bir g\u00fc\u00e7 olmad\u0131\u011f\u0131n\u0131 g\u00f6receksiniz.<\/p>\n","protected":false},"excerpt":{"rendered":"<p>K\u00fc\u00e7\u00fck bir etkile\u015fim b\u00fcy\u00fck bir y\u0131k\u0131ma neden olabilir! Kimse b\u00f6yle olaca\u011f\u0131n\u0131 d\u00fc\u015f\u00fcnmemi\u015fti. Her \u015feyin daha iyiye gitmesi bekleniyordu, k\u00f6t\u00fcye de\u011fil! G\u00fcn\u00fcm\u00fczde dijital deneyimden yoksun kullan\u0131c\u0131lar Facebook&#8217;u<span class=\"excerpt-hellip\"> [\u2026]<\/span><\/p>\n","protected":false},"featured_media":0,"template":"","meta":{"_monsterinsights_skip_tracking":false,"_monsterinsights_sitenote_active":false,"_monsterinsights_sitenote_note":"","_monsterinsights_sitenote_category":0},"product_brand":[],"product_cat":[13590,12337],"product_tag":[],"class_list":{"0":"post-754388","1":"product","2":"type-product","3":"status-publish","5":"product_cat-arastirma-inceleme-politika-siyaset","6":"product_cat-politika-siyaset","7":"pa_cilt-ciltsiz","8":"pa_tur-kitap","9":"pa_yayinevi-altin-kitaplar","10":"pa_yazar-charles-arthur","12":"first","13":"instock","14":"sale","15":"shipping-taxable","16":"purchasable","17":"product-type-simple"},"_links":{"self":[{"href":"https:\/\/roveyayinevi.com.tr\/index.php\/wp-json\/wp\/v2\/product\/754388","targetHints":{"allow":["GET"]}}],"collection":[{"href":"https:\/\/roveyayinevi.com.tr\/index.php\/wp-json\/wp\/v2\/product"}],"about":[{"href":"https:\/\/roveyayinevi.com.tr\/index.php\/wp-json\/wp\/v2\/types\/product"}],"wp:attachment":[{"href":"https:\/\/roveyayinevi.com.tr\/index.php\/wp-json\/wp\/v2\/media?parent=754388"}],"wp:term":[{"taxonomy":"product_brand","embeddable":true,"href":"https:\/\/roveyayinevi.com.tr\/index.php\/wp-json\/wp\/v2\/product_brand?post=754388"},{"taxonomy":"product_cat","embeddable":true,"href":"https:\/\/roveyayinevi.com.tr\/index.php\/wp-json\/wp\/v2\/product_cat?post=754388"},{"taxonomy":"product_tag","embeddable":true,"href":"https:\/\/roveyayinevi.com.tr\/index.php\/wp-json\/wp\/v2\/product_tag?post=754388"}],"curies":[{"name":"wp","href":"https:\/\/api.w.org\/{rel}","templated":true}]}}