{"id":754385,"date":"2025-08-28T06:09:08","date_gmt":"2025-08-28T03:09:08","guid":{"rendered":"https:\/\/roveyayinevi.com.tr\/index.php\/urun\/geri-donusum-toplantisi\/"},"modified":"2026-04-16T03:07:48","modified_gmt":"2026-04-16T00:07:48","slug":"geri-donusum-toplantisi","status":"publish","type":"product","link":"https:\/\/roveyayinevi.com.tr\/index.php\/urun\/geri-donusum-toplantisi\/","title":{"rendered":"Geri D\u00f6n\u00fc\u015f\u00fcm Toplant\u0131s\u0131"},"content":{"rendered":"<p>Mutfak dolab\u0131n\u0131n i\u00e7indeki g\u00f6ru\u0308nmez kahraman \u00c7\u00f6p kovas\u0131d\u0131r o mutsuz duran Camlar, petler, plastikler de \u00e7\u00f6pe at\u0131l\u0131nca, \u201cAt\u0131klar \u00e7\u00f6p de\u011fildir!\u201d diye \u00e7\u0131karacakt\u0131 bir isyan   Ege ve ailesi masan\u0131n etraf\u0131nda toplanm\u0131\u015f planlar yap\u0131yor. At\u0131klardan yap\u0131lm\u0131\u015f geri d\u00f6nu\u0308\u015fu\u0308m masas\u0131 da onlara e\u015flik ediyor. Piller, su\u0308t kutular\u0131, gazeteler hepsi bir bir ayr\u0131\u015f\u0131yor. Plastikler saks\u0131ya, pet \u015fi\u015feler boya f\u0131r\u00e7as\u0131na d\u00f6nu\u0308\u015fu\u0308yor. Ege\u2019nin ve ailesinin geri d\u00f6nu\u0308\u015fu\u0308mle do\u011fan\u0131n avc\u0131s\u0131 de\u011fil, sanat\u00e7\u0131s\u0131 olma yolculu\u011funa siz de kat\u0131l\u0131n! <\/p>\n","protected":false},"excerpt":{"rendered":"<p>Mutfak dolab\u0131n\u0131n i\u00e7indeki g\u00f6ru\u0308nmez kahraman \u00c7\u00f6p kovas\u0131d\u0131r o mutsuz duran Camlar, petler, plastikler de \u00e7\u00f6pe at\u0131l\u0131nca, \u201cAt\u0131klar \u00e7\u00f6p de\u011fildir!\u201d diye \u00e7\u0131karacakt\u0131 bir isyan Ege ve ailesi<span class=\"excerpt-hellip\"> [\u2026]<\/span><\/p>\n","protected":false},"featured_media":0,"template":"","meta":{"_monsterinsights_skip_tracking":false,"_monsterinsights_sitenote_active":false,"_monsterinsights_sitenote_note":"","_monsterinsights_sitenote_category":0},"product_brand":[],"product_cat":[12274,12284],"product_tag":[],"class_list":{"0":"post-754385","1":"product","2":"type-product","3":"status-publish","5":"product_cat-cocuk-ve-genclik-kitaplari","6":"product_cat-hikayeler","7":"pa_cilt-ciltsiz","8":"pa_tur-kitap","9":"pa_yayinevi-abm-yayinevi","10":"pa_yazar-kader-varlik","12":"first","13":"instock","14":"sale","15":"shipping-taxable","16":"purchasable","17":"product-type-simple"},"_links":{"self":[{"href":"https:\/\/roveyayinevi.com.tr\/index.php\/wp-json\/wp\/v2\/product\/754385","targetHints":{"allow":["GET"]}}],"collection":[{"href":"https:\/\/roveyayinevi.com.tr\/index.php\/wp-json\/wp\/v2\/product"}],"about":[{"href":"https:\/\/roveyayinevi.com.tr\/index.php\/wp-json\/wp\/v2\/types\/product"}],"wp:attachment":[{"href":"https:\/\/roveyayinevi.com.tr\/index.php\/wp-json\/wp\/v2\/media?parent=754385"}],"wp:term":[{"taxonomy":"product_brand","embeddable":true,"href":"https:\/\/roveyayinevi.com.tr\/index.php\/wp-json\/wp\/v2\/product_brand?post=754385"},{"taxonomy":"product_cat","embeddable":true,"href":"https:\/\/roveyayinevi.com.tr\/index.php\/wp-json\/wp\/v2\/product_cat?post=754385"},{"taxonomy":"product_tag","embeddable":true,"href":"https:\/\/roveyayinevi.com.tr\/index.php\/wp-json\/wp\/v2\/product_tag?post=754385"}],"curies":[{"name":"wp","href":"https:\/\/api.w.org\/{rel}","templated":true}]}}