{"id":754384,"date":"2025-08-28T06:09:06","date_gmt":"2025-08-28T03:09:06","guid":{"rendered":"https:\/\/roveyayinevi.com.tr\/index.php\/urun\/kusursuz-evlilik\/"},"modified":"2026-04-16T03:07:48","modified_gmt":"2026-04-16T00:07:48","slug":"kusursuz-evlilik","status":"publish","type":"product","link":"https:\/\/roveyayinevi.com.tr\/index.php\/urun\/kusursuz-evlilik\/","title":{"rendered":"Kusursuz Evlilik"},"content":{"rendered":"<p>\u201cPeki ama onu seviyor muydu? V\u00fccudunun her birzerresini seviyordu ama as\u0131l soru sevip sevmedi\u011fide\u011fildi. As\u0131l soru&#8230; Onu \u00f6ld\u00fcrm\u00fc\u015f m\u00fcyd\u00fc?\u201d Sarah Morgan, bu hayatta istedi\u011fi her \u015feye kavu\u015fmu\u015f, ba\u015far\u0131l\u0131ve g\u00fc\u00e7l\u00fc bir savunma avukat\u0131 olmu\u015f, hen\u00fcz 33 ya\u015f\u0131nda\u00e7al\u0131\u015ft\u0131\u011f\u0131 \u015firkette ortakl\u0131\u011fa y\u00fckselmi\u015fti. K\u0131sacas\u0131 hayat\u0131 tam daplanlad\u0131\u011f\u0131 gibiydi. Ne var ki ayn\u0131 \u015fey kocas\u0131 i\u00e7in ge\u00e7erli de\u011fildi. Ba\u015far\u0131s\u0131z biryazar olan Adam, senelerdir ortaya elle konulur bir eser\u00e7\u0131karamam\u0131\u015f ve omuzlar\u0131nda bu y\u00fck\u00fcn a\u011f\u0131rl\u0131\u011f\u0131yla birbiriard\u0131na yanl\u0131\u015f kararlar vermi\u015fti. Kar\u0131s\u0131n\u0131n s\u00fcrekli \u00e7al\u0131\u015fmas\u0131ndan\u015fik\u00e2yet ederken kendini \u00e7ok yaln\u0131z hissediyordu. Teselliyiba\u015fka kollarda arayan Adam, g\u00f6zlerden uzak da\u011f evinde KellySummers ile tutkulu bir ili\u015fki ya\u015famaya ba\u015flad\u0131.Ancak bir g\u00fcn her \u015fey de\u011fi\u015fir. Kelly \u00f6ld\u00fcr\u00fcl\u00fcr ve Adam da ba\u015f\u015f\u00fcpheli olarak tutuklan\u0131r. Sarah ise kendini bir anda metresini \u00f6ld\u00fcrmekle su\u00e7lanankocas\u0131n\u0131n avukatl\u0131\u011f\u0131n\u0131 yaparken bulur. B\u00fct\u00fcn s\u0131rlar\u0131n a\u00e7\u0131\u011fa\u00e7\u0131kmas\u0131yla iyice d\u00fc\u011f\u00fcmlenen bu hik\u00e2yedeki esas soruysa \u015fudur:Adam su\u00e7lu mudur yoksa masum mu? &#8220;Kusursuz Evlilik, elinizden d\u00fc\u015f\u00fcremeyece\u011finiz kadars\u00fcr\u00fckleyici, uykunuzu ka\u00e7\u0131racak kadar merak uyand\u0131r\u0131c\u0131.H\u0131zl\u0131 temposu, \u00e7arp\u0131c\u0131 \u00fcslubu ve \u015fa\u015f\u0131rt\u0131c\u0131 olay \u00f6rg\u00fcs\u00fcyleJeneva Rose, polisiye d\u00fcnyas\u0131nda yeni bir soluk.&#8221;\u2013Samantha Downing<\/p>\n","protected":false},"excerpt":{"rendered":"<p>\u201cPeki ama onu seviyor muydu? V\u00fccudunun her birzerresini seviyordu ama as\u0131l soru sevip sevmedi\u011fide\u011fildi. As\u0131l soru&#8230; Onu \u00f6ld\u00fcrm\u00fc\u015f m\u00fcyd\u00fc?\u201d Sarah Morgan, bu hayatta istedi\u011fi her \u015feye<span class=\"excerpt-hellip\"> [\u2026]<\/span><\/p>\n","protected":false},"featured_media":0,"template":"","meta":{"_monsterinsights_skip_tracking":false,"_monsterinsights_sitenote_active":false,"_monsterinsights_sitenote_note":"","_monsterinsights_sitenote_category":0},"product_brand":[],"product_cat":[12291,12711],"product_tag":[],"class_list":{"0":"post-754384","1":"product","2":"type-product","3":"status-publish","5":"product_cat-edebiyat","6":"product_cat-roman-oyku","7":"pa_cilt-ciltsiz","8":"pa_tur-kitap","9":"pa_yayinevi-epsilon-yayinlari","10":"pa_yazar-jeneva-rose","12":"first","13":"instock","14":"sale","15":"shipping-taxable","16":"purchasable","17":"product-type-simple"},"_links":{"self":[{"href":"https:\/\/roveyayinevi.com.tr\/index.php\/wp-json\/wp\/v2\/product\/754384","targetHints":{"allow":["GET"]}}],"collection":[{"href":"https:\/\/roveyayinevi.com.tr\/index.php\/wp-json\/wp\/v2\/product"}],"about":[{"href":"https:\/\/roveyayinevi.com.tr\/index.php\/wp-json\/wp\/v2\/types\/product"}],"wp:attachment":[{"href":"https:\/\/roveyayinevi.com.tr\/index.php\/wp-json\/wp\/v2\/media?parent=754384"}],"wp:term":[{"taxonomy":"product_brand","embeddable":true,"href":"https:\/\/roveyayinevi.com.tr\/index.php\/wp-json\/wp\/v2\/product_brand?post=754384"},{"taxonomy":"product_cat","embeddable":true,"href":"https:\/\/roveyayinevi.com.tr\/index.php\/wp-json\/wp\/v2\/product_cat?post=754384"},{"taxonomy":"product_tag","embeddable":true,"href":"https:\/\/roveyayinevi.com.tr\/index.php\/wp-json\/wp\/v2\/product_tag?post=754384"}],"curies":[{"name":"wp","href":"https:\/\/api.w.org\/{rel}","templated":true}]}}