{"id":754381,"date":"2025-08-28T06:09:02","date_gmt":"2025-08-28T03:09:02","guid":{"rendered":"https:\/\/roveyayinevi.com.tr\/index.php\/urun\/zahirden-batina-insan\/"},"modified":"2026-04-16T03:07:48","modified_gmt":"2026-04-16T00:07:48","slug":"zahirden-batina-insan","status":"publish","type":"product","link":"https:\/\/roveyayinevi.com.tr\/index.php\/urun\/zahirden-batina-insan\/","title":{"rendered":"Zahirden Bat\u0131na \u0130nsan"},"content":{"rendered":"<p>\u0130nsan\u0131 hayrete d\u00fc\u015f\u00fcren, g\u00f6r\u00fcnen z\u00e2hir \u00e2lem, g\u00f6r\u00fcnmeyip b\u00e2t\u0131n olan m\u00e2n\u00e2n\u0131n suretinden olu\u015fur. \u0130nsan\u0131n hakikati kavrayabilmesi i\u00e7in suretlerin \u00f6tesine bakmay\u0131 ve hissetmeyi \u00f6\u011frenmesi gerekir. Hakikat, buz da\u011f\u0131 gibi g\u00f6r\u00fclebilenin \u00f6tesinde m\u00e2n\u00e2lar ta\u015f\u0131r. D\u00fc\u015f\u00fcn\u00fcrlerce ama\u00e7, m\u00e2n\u00e2larla b\u00fct\u00fcnle\u015fmek iken ariflerce ama\u00e7, seyyah olmak, yola kar\u0131\u015f\u0131p yol olmakt\u0131r. Yolun kutsiyeti, insanl\u0131\u011f\u0131n tek\u00e2m\u00fcl\u00fcn\u00fc tamamlay\u0131c\u0131 ve b\u00fct\u00fcn insanl\u0131\u011f\u0131 b\u00fct\u00fcnle\u015ftirici yap\u0131da olmas\u0131d\u0131r. Bu kitap bir uyan\u0131\u015f; fani d\u00fcnyan\u0131n kand\u0131rmas\u0131na ve g\u00f6z boyamas\u0131na i\u00e7sel, s\u00f6zl\u00fc ama sessiz bir hayk\u0131r\u0131\u015ft\u0131r. Sevenlerle, seveni sevenlerle bulu\u015fma \u00e7abas\u0131d\u0131r. Sohbet-i m\u00e2nevidir. Maksat muhabbettir. Yolculu\u011fun ba\u015f\u0131nda da sonunda da muhabbet vard\u0131r. Muhabbette m\u00e2n\u00e2 Hakk\u2019t\u0131r.   Yunus Emre hazretleri buyurur: \u201cGel \u015fimdi hicab\u0131n a\u00e7 Senden ayr\u0131l sana ka\u00e7 Sende bulas\u0131n mira\u00e7 Sana gelir c\u00fcmle yol.\u201d<\/p>\n","protected":false},"excerpt":{"rendered":"<p>\u0130nsan\u0131 hayrete d\u00fc\u015f\u00fcren, g\u00f6r\u00fcnen z\u00e2hir \u00e2lem, g\u00f6r\u00fcnmeyip b\u00e2t\u0131n olan m\u00e2n\u00e2n\u0131n suretinden olu\u015fur. \u0130nsan\u0131n hakikati kavrayabilmesi i\u00e7in suretlerin \u00f6tesine bakmay\u0131 ve hissetmeyi \u00f6\u011frenmesi gerekir. Hakikat, buz da\u011f\u0131<span class=\"excerpt-hellip\"> [\u2026]<\/span><\/p>\n","protected":false},"featured_media":0,"template":"","meta":{"_monsterinsights_skip_tracking":false,"_monsterinsights_sitenote_active":false,"_monsterinsights_sitenote_note":"","_monsterinsights_sitenote_category":0},"product_brand":[],"product_cat":[12718,12719,15238],"product_tag":[],"class_list":{"0":"post-754381","1":"product","2":"type-product","3":"status-publish","5":"product_cat-din","6":"product_cat-islam","7":"product_cat-tasavvuf","8":"pa_cilt-ciltsiz","9":"pa_tur-kitap","10":"pa_yayinevi-luna-yayinlari","11":"pa_yazar-murat-pehlivan","13":"first","14":"instock","15":"sale","16":"shipping-taxable","17":"purchasable","18":"product-type-simple"},"_links":{"self":[{"href":"https:\/\/roveyayinevi.com.tr\/index.php\/wp-json\/wp\/v2\/product\/754381","targetHints":{"allow":["GET"]}}],"collection":[{"href":"https:\/\/roveyayinevi.com.tr\/index.php\/wp-json\/wp\/v2\/product"}],"about":[{"href":"https:\/\/roveyayinevi.com.tr\/index.php\/wp-json\/wp\/v2\/types\/product"}],"wp:attachment":[{"href":"https:\/\/roveyayinevi.com.tr\/index.php\/wp-json\/wp\/v2\/media?parent=754381"}],"wp:term":[{"taxonomy":"product_brand","embeddable":true,"href":"https:\/\/roveyayinevi.com.tr\/index.php\/wp-json\/wp\/v2\/product_brand?post=754381"},{"taxonomy":"product_cat","embeddable":true,"href":"https:\/\/roveyayinevi.com.tr\/index.php\/wp-json\/wp\/v2\/product_cat?post=754381"},{"taxonomy":"product_tag","embeddable":true,"href":"https:\/\/roveyayinevi.com.tr\/index.php\/wp-json\/wp\/v2\/product_tag?post=754381"}],"curies":[{"name":"wp","href":"https:\/\/api.w.org\/{rel}","templated":true}]}}