{"id":754380,"date":"2025-08-28T06:09:01","date_gmt":"2025-08-28T03:09:01","guid":{"rendered":"https:\/\/roveyayinevi.com.tr\/index.php\/urun\/soyle-haymatlos\/"},"modified":"2026-04-16T03:07:48","modified_gmt":"2026-04-16T00:07:48","slug":"soyle-haymatlos","status":"publish","type":"product","link":"https:\/\/roveyayinevi.com.tr\/index.php\/urun\/soyle-haymatlos\/","title":{"rendered":"S\u00f6yle Haymatlos"},"content":{"rendered":"<p>D\u00fc\u015flerin saydam solu\u011funda Bir k\u0131\u015f bah\u00e7esi kadar bah\u00e7ele\u015firsiniz ancak Bu\u011fulu pencereleriniz tarumar bah\u00e7elere a\u00e7\u0131l\u0131r G\u00fcnleriniz k\u0131r\u0131lganl\u0131\u011fa d\u00f6n\u00fckt\u00fcr \u00d6rt\u00fcl\u00fcr kap\u0131lar\u0131n\u0131z El ayak \u00e7ekilir Siz de bilirsiniz uzak g\u00fcnlerin yas\u0131n\u0131 Yaln\u0131zl\u0131\u011f\u0131 b\u00fcy\u00fcr g\u00fcllerin \u00dc\u015f\u00fcrken k\u0131\u015f\u0131n a\u011fz\u0131nda Siz de bilirsiniz elbet \u00c7a\u011f\u0131rmakla gelmeyece\u011fini \u00f6l\u00fclerin Tela\u015f\u0131n\u0131z\u0131 toprakla \u00f6rtersiniz D\u00fcnyan\u0131n sular\u0131nda\u2026<\/p>\n","protected":false},"excerpt":{"rendered":"<p>D\u00fc\u015flerin saydam solu\u011funda Bir k\u0131\u015f bah\u00e7esi kadar bah\u00e7ele\u015firsiniz ancak Bu\u011fulu pencereleriniz tarumar bah\u00e7elere a\u00e7\u0131l\u0131r G\u00fcnleriniz k\u0131r\u0131lganl\u0131\u011fa d\u00f6n\u00fckt\u00fcr \u00d6rt\u00fcl\u00fcr kap\u0131lar\u0131n\u0131z El ayak \u00e7ekilir Siz de bilirsiniz uzak<span class=\"excerpt-hellip\"> [\u2026]<\/span><\/p>\n","protected":false},"featured_media":0,"template":"","meta":{"_monsterinsights_skip_tracking":false,"_monsterinsights_sitenote_active":false,"_monsterinsights_sitenote_note":"","_monsterinsights_sitenote_category":0},"product_brand":[],"product_cat":[12291,12509],"product_tag":[],"class_list":{"0":"post-754380","1":"product","2":"type-product","3":"status-publish","5":"product_cat-edebiyat","6":"product_cat-siir","7":"pa_cilt-ciltsiz","8":"pa_tur-kitap","9":"pa_yayinevi-luna-yayinlari","10":"pa_yazar-meltem-eylul-berke","12":"first","13":"instock","14":"sale","15":"shipping-taxable","16":"purchasable","17":"product-type-simple"},"_links":{"self":[{"href":"https:\/\/roveyayinevi.com.tr\/index.php\/wp-json\/wp\/v2\/product\/754380","targetHints":{"allow":["GET"]}}],"collection":[{"href":"https:\/\/roveyayinevi.com.tr\/index.php\/wp-json\/wp\/v2\/product"}],"about":[{"href":"https:\/\/roveyayinevi.com.tr\/index.php\/wp-json\/wp\/v2\/types\/product"}],"wp:attachment":[{"href":"https:\/\/roveyayinevi.com.tr\/index.php\/wp-json\/wp\/v2\/media?parent=754380"}],"wp:term":[{"taxonomy":"product_brand","embeddable":true,"href":"https:\/\/roveyayinevi.com.tr\/index.php\/wp-json\/wp\/v2\/product_brand?post=754380"},{"taxonomy":"product_cat","embeddable":true,"href":"https:\/\/roveyayinevi.com.tr\/index.php\/wp-json\/wp\/v2\/product_cat?post=754380"},{"taxonomy":"product_tag","embeddable":true,"href":"https:\/\/roveyayinevi.com.tr\/index.php\/wp-json\/wp\/v2\/product_tag?post=754380"}],"curies":[{"name":"wp","href":"https:\/\/api.w.org\/{rel}","templated":true}]}}