{"id":754378,"date":"2025-08-28T06:08:58","date_gmt":"2025-08-28T03:08:58","guid":{"rendered":"https:\/\/roveyayinevi.com.tr\/index.php\/urun\/kusaklararasi-iletisim\/"},"modified":"2026-01-29T03:42:45","modified_gmt":"2026-01-29T00:42:45","slug":"kusaklararasi-iletisim","status":"publish","type":"product","link":"https:\/\/roveyayinevi.com.tr\/index.php\/urun\/kusaklararasi-iletisim\/","title":{"rendered":"Ku\u015faklararas\u0131 \u0130leti\u015fim"},"content":{"rendered":"<p>Ku\u015faklararas\u0131 ileti\u015fim perspektifi ailelerde, \u00f6rg\u00fctlerde, medyada ve pek \u00e7ok zeminde, bize \u00e7oklu kazan\u0131mlar\u0131 olan yollar sunmaktad\u0131r. Bu anlamda insan kaynaklar\u0131n\u0131n niceliksel ve niteliksel kapasitesindeki farkl\u0131l\u0131klar ve \u00e7e\u015fitlili\u011fin \u00f6nem kazand\u0131\u011f\u0131n\u0131 g\u00f6rmekteyiz. G\u00fcn\u00fcm\u00fczde X, Y, Z gibi farkl\u0131 adland\u0131rmalarla kar\u015f\u0131lanan ku\u015faklar\u0131n tutumlar\u0131, de\u011ferleri, uzmanl\u0131klar\u0131 ve ileti\u015fim kurarken tercih ettikleri kanallar da do\u011fal olarak farkl\u0131l\u0131k g\u00f6sterecektir. Bunun temelinde; farkl\u0131 tarihsel konjonkt\u00fcrler i\u00e7inden gelme, farkl\u0131 ekonomik ve siyasal ba\u011flamlar, d\u00f6nemin aile yap\u0131s\u0131n\u0131n etkileri, biyolojik, psiko-sosyal ve bili\u015fsel fakt\u00f6rler gibi pek \u00e7ok unsur yer almaktad\u0131r. Nil\u00fcfer P\u0131nar K\u0131l\u0131\u00e7 ve Sema Becerikli eserlerinde; farkl\u0131 ku\u015faklar\u0131n biraradal\u0131\u011f\u0131n\u0131n artmas\u0131n\u0131n toplumsal, \u00f6rg\u00fctsel ve ailesel sonu\u00e7lar\u0131n\u0131 tart\u0131\u015fmaktad\u0131rlar. G\u00fcn\u00fcm\u00fczde farkl\u0131 ku\u015faklar\u0131n ortakla\u015ft\u0131\u011f\u0131 pratikler artt\u0131k\u00e7a, ku\u015faklararas\u0131 ileti\u015fim dinamiklerinin anla\u015f\u0131lmas\u0131na daha \u00e7ok ihtiya\u00e7 duyulmaktad\u0131r. Ku\u015faklara \u00f6zg\u00fc kal\u0131pyarg\u0131lar, ya\u015f ayr\u0131mc\u0131l\u0131\u011f\u0131 (ageism) gibi konulara \u0131\u015f\u0131k tutan kavramlar\u0131n da tart\u0131\u015f\u0131ld\u0131\u011f\u0131 kitapta, farkl\u0131 ya\u015f gruplar\u0131n\u0131n ileti\u015fim pratikleri analiz edilmekte, ayn\u0131 zamanda da bireylerin farkl\u0131 ba\u011flamlara nas\u0131l uyum sa\u011flad\u0131klar\u0131 ele al\u0131nmaktad\u0131r. Kitap, aileden ba\u015flayarak t\u00fcm toplumsal d\u00fczlemlerde farkl\u0131 ya\u015f deneyimlerinin getirdi\u011fi kazan\u0131mlar\u0131 arkam\u0131za alarak ve yine farkl\u0131l\u0131klar\u0131n getirdi\u011fi sorunlarla ba\u015f ederek \u2018ileti\u015fim s\u00fcrecini daha anlaml\u0131 hale getirecek\u2019 bir deneyimi vadetmektedir&#8230; <\/p>\n","protected":false},"excerpt":{"rendered":"<p>Ku\u015faklararas\u0131 ileti\u015fim perspektifi ailelerde, \u00f6rg\u00fctlerde, medyada ve pek \u00e7ok zeminde, bize \u00e7oklu kazan\u0131mlar\u0131 olan yollar sunmaktad\u0131r. Bu anlamda insan kaynaklar\u0131n\u0131n niceliksel ve niteliksel kapasitesindeki farkl\u0131l\u0131klar ve<span class=\"excerpt-hellip\"> [\u2026]<\/span><\/p>\n","protected":false},"featured_media":0,"template":"","meta":{"_monsterinsights_skip_tracking":false,"_monsterinsights_sitenote_active":false,"_monsterinsights_sitenote_note":"","_monsterinsights_sitenote_category":0},"product_brand":[],"product_cat":[15983,13488],"product_tag":[],"class_list":{"0":"post-754378","1":"product","2":"type-product","3":"status-publish","5":"product_cat-iletisim-ve-medya","6":"product_cat-toplum-ve-insan","7":"pa_cilt-ciltsiz","8":"pa_tur-kitap","9":"pa_yayinevi-utopya-yayinevi","10":"pa_yazar-nilufer-pinar-kilic-sema-yildirim-becerikli","12":"first","13":"instock","14":"sale","15":"shipping-taxable","16":"purchasable","17":"product-type-simple"},"_links":{"self":[{"href":"https:\/\/roveyayinevi.com.tr\/index.php\/wp-json\/wp\/v2\/product\/754378","targetHints":{"allow":["GET"]}}],"collection":[{"href":"https:\/\/roveyayinevi.com.tr\/index.php\/wp-json\/wp\/v2\/product"}],"about":[{"href":"https:\/\/roveyayinevi.com.tr\/index.php\/wp-json\/wp\/v2\/types\/product"}],"wp:attachment":[{"href":"https:\/\/roveyayinevi.com.tr\/index.php\/wp-json\/wp\/v2\/media?parent=754378"}],"wp:term":[{"taxonomy":"product_brand","embeddable":true,"href":"https:\/\/roveyayinevi.com.tr\/index.php\/wp-json\/wp\/v2\/product_brand?post=754378"},{"taxonomy":"product_cat","embeddable":true,"href":"https:\/\/roveyayinevi.com.tr\/index.php\/wp-json\/wp\/v2\/product_cat?post=754378"},{"taxonomy":"product_tag","embeddable":true,"href":"https:\/\/roveyayinevi.com.tr\/index.php\/wp-json\/wp\/v2\/product_tag?post=754378"}],"curies":[{"name":"wp","href":"https:\/\/api.w.org\/{rel}","templated":true}]}}