{"id":754377,"date":"2025-08-28T06:08:57","date_gmt":"2025-08-28T03:08:57","guid":{"rendered":"https:\/\/roveyayinevi.com.tr\/index.php\/urun\/filozof-yonetmenler\/"},"modified":"2026-01-29T03:42:45","modified_gmt":"2026-01-29T00:42:45","slug":"filozof-yonetmenler","status":"publish","type":"product","link":"https:\/\/roveyayinevi.com.tr\/index.php\/urun\/filozof-yonetmenler\/","title":{"rendered":"Filozof Y\u00f6netmenler"},"content":{"rendered":"<p>Sinema sadece fikirlerin yans\u0131t\u0131ld\u0131\u011f\u0131 bir ayna de\u011fil, ayn\u0131 zamanda de\u011ferli felsefi i\u00e7g\u00f6r\u00fcler sunan bir penceredir. Frans\u0131z filozof Gilles Deleuze\u2019\u00fcn sinema kitaplar\u0131ndan ilham alan \u00e7al\u0131\u015fma, sinema-felsefe ili\u015fkisinden hareketle d\u00fcnya sinemas\u0131n\u0131n \u00f6nemli auteur y\u00f6netmenlerinin de birer filozof gibi d\u00fc\u015f\u00fcnebilece\u011fini tart\u0131\u015fmaktad\u0131r. Sinema felsefesi, sinema sanat\u0131n\u0131n felsefi a\u00e7\u0131dan incelenmesi ve analiz edilmesiyle entelekt\u00fcel bir bak\u0131\u015f a\u00e7\u0131s\u0131 sunar. Bu kitaptaki yazarlar, ele ald\u0131klar\u0131 y\u00f6netmenlerle birlikte, sineman\u0131n do\u011fas\u0131, anlam\u0131, esteti\u011fi, eti\u011fi ve insan deneyimi \u00fczerine d\u00fc\u015f\u00fcnmeyi ama\u00e7l\u0131yor&#8230; <\/p>\n","protected":false},"excerpt":{"rendered":"<p>Sinema sadece fikirlerin yans\u0131t\u0131ld\u0131\u011f\u0131 bir ayna de\u011fil, ayn\u0131 zamanda de\u011ferli felsefi i\u00e7g\u00f6r\u00fcler sunan bir penceredir. Frans\u0131z filozof Gilles Deleuze\u2019\u00fcn sinema kitaplar\u0131ndan ilham alan \u00e7al\u0131\u015fma, sinema-felsefe ili\u015fkisinden<span class=\"excerpt-hellip\"> [\u2026]<\/span><\/p>\n","protected":false},"featured_media":0,"template":"","meta":{"_monsterinsights_skip_tracking":false,"_monsterinsights_sitenote_active":false,"_monsterinsights_sitenote_note":"","_monsterinsights_sitenote_category":0},"product_brand":[],"product_cat":[12389,12388],"product_tag":[],"class_list":{"0":"post-754377","1":"product","2":"type-product","3":"status-publish","5":"product_cat-diger-felsefe","6":"product_cat-felsefe","7":"pa_cilt-ciltsiz","8":"pa_tur-kitap","9":"pa_yayinevi-utopya-yayinevi","10":"pa_yazar-kolektif","12":"first","13":"instock","14":"sale","15":"shipping-taxable","16":"purchasable","17":"product-type-simple"},"_links":{"self":[{"href":"https:\/\/roveyayinevi.com.tr\/index.php\/wp-json\/wp\/v2\/product\/754377","targetHints":{"allow":["GET"]}}],"collection":[{"href":"https:\/\/roveyayinevi.com.tr\/index.php\/wp-json\/wp\/v2\/product"}],"about":[{"href":"https:\/\/roveyayinevi.com.tr\/index.php\/wp-json\/wp\/v2\/types\/product"}],"wp:attachment":[{"href":"https:\/\/roveyayinevi.com.tr\/index.php\/wp-json\/wp\/v2\/media?parent=754377"}],"wp:term":[{"taxonomy":"product_brand","embeddable":true,"href":"https:\/\/roveyayinevi.com.tr\/index.php\/wp-json\/wp\/v2\/product_brand?post=754377"},{"taxonomy":"product_cat","embeddable":true,"href":"https:\/\/roveyayinevi.com.tr\/index.php\/wp-json\/wp\/v2\/product_cat?post=754377"},{"taxonomy":"product_tag","embeddable":true,"href":"https:\/\/roveyayinevi.com.tr\/index.php\/wp-json\/wp\/v2\/product_tag?post=754377"}],"curies":[{"name":"wp","href":"https:\/\/api.w.org\/{rel}","templated":true}]}}