{"id":754362,"date":"2025-08-28T06:08:37","date_gmt":"2025-08-28T03:08:37","guid":{"rendered":"https:\/\/roveyayinevi.com.tr\/index.php\/urun\/ilk-ask-4\/"},"modified":"2026-04-16T03:07:48","modified_gmt":"2026-04-16T00:07:48","slug":"ilk-ask-4","status":"publish","type":"product","link":"https:\/\/roveyayinevi.com.tr\/index.php\/urun\/ilk-ask-4\/","title":{"rendered":"\u0130lk A\u015fk"},"content":{"rendered":"<p>19. y\u00fczy\u0131l Rus edebiyat\u0131n\u0131n \u00f6nde gelen yazarlar\u0131ndan \u0130van Sergeyevi\u00e7 Turgenyev, \u0130lk A\u015fk\u2019ta gen\u00e7lik heyecan\u0131yla dolu ilk a\u015fk\u0131n\u0131n heyecan\u0131n\u0131, tutkusunu anlat\u0131rken ayn\u0131 zamanda ya\u015fad\u0131\u011f\u0131 hayal k\u0131r\u0131kl\u0131\u011f\u0131n\u0131 bir aile dram\u0131yla ele alarak romantik edebiyat\u0131n etkileyici \u00f6rneklerinden birini sunuyor.<\/p>\n","protected":false},"excerpt":{"rendered":"<p>19. y\u00fczy\u0131l Rus edebiyat\u0131n\u0131n \u00f6nde gelen yazarlar\u0131ndan \u0130van Sergeyevi\u00e7 Turgenyev, \u0130lk A\u015fk\u2019ta gen\u00e7lik heyecan\u0131yla dolu ilk a\u015fk\u0131n\u0131n heyecan\u0131n\u0131, tutkusunu anlat\u0131rken ayn\u0131 zamanda ya\u015fad\u0131\u011f\u0131 hayal k\u0131r\u0131kl\u0131\u011f\u0131n\u0131 bir<span class=\"excerpt-hellip\"> [\u2026]<\/span><\/p>\n","protected":false},"featured_media":0,"template":"","meta":{"_monsterinsights_skip_tracking":false,"_monsterinsights_sitenote_active":false,"_monsterinsights_sitenote_note":"","_monsterinsights_sitenote_category":0},"product_brand":[],"product_cat":[12291,12711],"product_tag":[],"class_list":{"0":"post-754362","1":"product","2":"type-product","3":"status-publish","5":"product_cat-edebiyat","6":"product_cat-roman-oyku","7":"pa_cilt-ciltsiz","8":"pa_tur-kitap","9":"pa_yayinevi-turkuvaz-kitap","10":"pa_yazar-ivan-sergeyevic-turgenyev","12":"first","13":"instock","14":"sale","15":"shipping-taxable","16":"purchasable","17":"product-type-simple"},"_links":{"self":[{"href":"https:\/\/roveyayinevi.com.tr\/index.php\/wp-json\/wp\/v2\/product\/754362","targetHints":{"allow":["GET"]}}],"collection":[{"href":"https:\/\/roveyayinevi.com.tr\/index.php\/wp-json\/wp\/v2\/product"}],"about":[{"href":"https:\/\/roveyayinevi.com.tr\/index.php\/wp-json\/wp\/v2\/types\/product"}],"wp:attachment":[{"href":"https:\/\/roveyayinevi.com.tr\/index.php\/wp-json\/wp\/v2\/media?parent=754362"}],"wp:term":[{"taxonomy":"product_brand","embeddable":true,"href":"https:\/\/roveyayinevi.com.tr\/index.php\/wp-json\/wp\/v2\/product_brand?post=754362"},{"taxonomy":"product_cat","embeddable":true,"href":"https:\/\/roveyayinevi.com.tr\/index.php\/wp-json\/wp\/v2\/product_cat?post=754362"},{"taxonomy":"product_tag","embeddable":true,"href":"https:\/\/roveyayinevi.com.tr\/index.php\/wp-json\/wp\/v2\/product_tag?post=754362"}],"curies":[{"name":"wp","href":"https:\/\/api.w.org\/{rel}","templated":true}]}}