{"id":754360,"date":"2025-08-28T06:08:34","date_gmt":"2025-08-28T03:08:34","guid":{"rendered":"https:\/\/roveyayinevi.com.tr\/index.php\/urun\/uygarliktan-once-savaslar\/"},"modified":"2026-04-16T03:07:48","modified_gmt":"2026-04-16T00:07:48","slug":"uygarliktan-once-savaslar","status":"publish","type":"product","link":"https:\/\/roveyayinevi.com.tr\/index.php\/urun\/uygarliktan-once-savaslar\/","title":{"rendered":"Uygarl\u0131ktan \u00d6nce Sava\u015flar"},"content":{"rendered":"<p>Kendimizi canavarla\u015ft\u0131rd\u0131\u011f\u0131m\u0131zda insan olman\u0131n ac\u0131lar\u0131ndan ve y\u00fcklerinden kurtuluyor muyuz? \u0130ki d\u00fcnya sava\u015f\u0131n\u0131n yaratt\u0131\u011f\u0131 sars\u0131nt\u0131n\u0131n ve y\u0131k\u0131m\u0131n ortas\u0131nda Bat\u0131, uygarla\u015fman\u0131n bedelini tart\u0131\u015fmaya a\u00e7m\u0131\u015ft\u0131. Ya\u015fananlar\u0131n hat\u0131ras\u0131 tazeydi ve yeni \u015fekillenen So\u011fuk Sava\u015f nedeniyle topyek\u00fbn y\u0131k\u0131m olas\u0131l\u0131\u011f\u0131n\u0131n ilk kez ufukta belirmesiyle gelecek de parlak g\u00f6r\u00fcnm\u00fcyordu. B\u00f6yle bir ortamda sosyal bilimciler, \u00f6zellikle de baz\u0131 \u00f6nde gelen antropologlar ve etnologlar felaketten \u00e7\u0131k\u0131\u015f yolunu uzak ge\u00e7mi\u015fte, tarih\u00f6ncesinde, \u201cyaban\u201d ve \u201cilkel\u201d uygarl\u0131klarda, kay\u0131p bir \u201calt\u0131n \u00e7a\u011f\u201dda arad\u0131lar: Tarih\u00f6ncesi ve yaban toplumlarda sava\u015f \u00e7ok nadir g\u00f6r\u00fcl\u00fcyordu, fazla can kayb\u0131na yol a\u00e7m\u0131yordu, \u00e7ocuksuydu. Vah\u015filer soylu ve bar\u0131\u015f\u00e7\u0131ld\u0131, uygarlarsa sava\u015f\u00e7\u0131 ve \u201c\u015feytan\u201d; gittikleri yere hastal\u0131k, \u00f6l\u00fcm, k\u00f6t\u00fcl\u00fck ve ac\u0131 g\u00f6t\u00fcrm\u00fc\u015flerdi. Bu anlay\u0131\u015f son elli y\u0131l i\u00e7inde itiraz edilemeyen bir tabu h\u00e2line geldi. Yay\u0131mland\u0131\u011f\u0131 tarihten beri \u00e7oksatanlar aras\u0131nda yer alan bu k\u0131\u015fk\u0131rt\u0131c\u0131 kitap, i\u015fte bu anlay\u0131\u015fa meydan okuyor. Amerika\u2019dan Okyanusya\u2019ya, Bat\u0131 Avrupa\u2019dan Kuzey Kutup Dairesi\u2019ne ve Asya\u2019ya kadar d\u00fcnyan\u0131n d\u00f6rt bir yan\u0131ndan derledi\u011fi antropolojik, arkeolojik ve etnografik bulgularla bize bamba\u015fka ve \u00fcrk\u00fct\u00fcc\u00fc bir tablo sunuyor. Vah\u015filerin sava\u015flar\u0131n\u0131n da en az uygarlar\u0131nki kadar ac\u0131mas\u0131z, \u015fiddetli ve tehditk\u00e2r oldu\u011funu ortaya koyuyor. Toplu k\u0131y\u0131mlar\u0131n ger\u00e7ekle\u015fti\u011fi tarih\u00f6ncesi mezarl\u0131klardan, ilkel toplumlar\u0131n sava\u015f, m\u00fczakere ve m\u00fcbadele bi\u00e7imlerine kadar bir\u00e7ok konuya e\u011filerek, ge\u00e7mi\u015fi bar\u0131\u015f\u00e7\u0131lla\u015ft\u0131ran \u201cuygar\u201d yorumlar\u0131n da Bat\u0131 insan\u0131n\u0131n kibrinin bir \u00fcr\u00fcn\u00fc oldu\u011funu g\u00f6zler \u00f6n\u00fcne seriyor.<\/p>\n","protected":false},"excerpt":{"rendered":"<p>Kendimizi canavarla\u015ft\u0131rd\u0131\u011f\u0131m\u0131zda insan olman\u0131n ac\u0131lar\u0131ndan ve y\u00fcklerinden kurtuluyor muyuz? \u0130ki d\u00fcnya sava\u015f\u0131n\u0131n yaratt\u0131\u011f\u0131 sars\u0131nt\u0131n\u0131n ve y\u0131k\u0131m\u0131n ortas\u0131nda Bat\u0131, uygarla\u015fman\u0131n bedelini tart\u0131\u015fmaya a\u00e7m\u0131\u015ft\u0131. Ya\u015fananlar\u0131n hat\u0131ras\u0131 tazeydi ve<span class=\"excerpt-hellip\"> [\u2026]<\/span><\/p>\n","protected":false},"featured_media":0,"template":"","meta":{"_monsterinsights_skip_tracking":false,"_monsterinsights_sitenote_active":false,"_monsterinsights_sitenote_note":"","_monsterinsights_sitenote_category":0},"product_brand":[],"product_cat":[15499,13488],"product_tag":[],"class_list":{"0":"post-754360","1":"product","2":"type-product","3":"status-publish","5":"product_cat-antropoloji","6":"product_cat-toplum-ve-insan","7":"pa_cilt-ciltsiz","8":"pa_tur-kitap","9":"pa_yayinevi-fol-kitap","10":"pa_yazar-lawrence-h-keeley","12":"first","13":"instock","14":"sale","15":"shipping-taxable","16":"purchasable","17":"product-type-simple"},"_links":{"self":[{"href":"https:\/\/roveyayinevi.com.tr\/index.php\/wp-json\/wp\/v2\/product\/754360","targetHints":{"allow":["GET"]}}],"collection":[{"href":"https:\/\/roveyayinevi.com.tr\/index.php\/wp-json\/wp\/v2\/product"}],"about":[{"href":"https:\/\/roveyayinevi.com.tr\/index.php\/wp-json\/wp\/v2\/types\/product"}],"wp:attachment":[{"href":"https:\/\/roveyayinevi.com.tr\/index.php\/wp-json\/wp\/v2\/media?parent=754360"}],"wp:term":[{"taxonomy":"product_brand","embeddable":true,"href":"https:\/\/roveyayinevi.com.tr\/index.php\/wp-json\/wp\/v2\/product_brand?post=754360"},{"taxonomy":"product_cat","embeddable":true,"href":"https:\/\/roveyayinevi.com.tr\/index.php\/wp-json\/wp\/v2\/product_cat?post=754360"},{"taxonomy":"product_tag","embeddable":true,"href":"https:\/\/roveyayinevi.com.tr\/index.php\/wp-json\/wp\/v2\/product_tag?post=754360"}],"curies":[{"name":"wp","href":"https:\/\/api.w.org\/{rel}","templated":true}]}}