{"id":754359,"date":"2025-08-28T06:08:32","date_gmt":"2025-08-28T03:08:32","guid":{"rendered":"https:\/\/roveyayinevi.com.tr\/index.php\/urun\/osmanlida-tembelligin-icadi\/"},"modified":"2026-04-16T03:07:48","modified_gmt":"2026-04-16T00:07:48","slug":"osmanlida-tembelligin-icadi","status":"publish","type":"product","link":"https:\/\/roveyayinevi.com.tr\/index.php\/urun\/osmanlida-tembelligin-icadi\/","title":{"rendered":"Osmanl\u0131\u2019da Tembelli\u011fin \u0130cad\u0131"},"content":{"rendered":"<p>\u00c7al\u0131\u015fkanl\u0131\u011f\u0131n y\u00fcceltildi\u011fi bir d\u00f6nemde tembel olmak bir ahlak zafiyeti miydi, yoksa de\u011fi\u015fen k\u00fclt\u00fcrel hayat\u0131n ritimlerinden biri miydi?   \u201cMelis Hafez\u2019in, Osmanl\u0131 vatanda\u015flar\u0131n\u0131n verimlili\u011finin art\u0131r\u0131lmas\u0131 i\u00e7in yap\u0131lan \u00e7a\u011fr\u0131lar\u0131 ayd\u0131nlatan bu parlak de\u011ferlendirmesi, modern devleti, kapitalizmi ve burjuva entelekt\u00fcel se\u00e7kinler toplulu\u011funu ilgilendiren, daha b\u00fcy\u00fck \u00e7apl\u0131 bir k\u00fcresel d\u00f6n\u00fc\u015f\u00fcmle ili\u015fkilendiriyor. Tembelli\u011fin \u0130cad\u0131, bu bak\u0131mdan hem Osmanl\u0131 ara\u015ft\u0131rmalar\u0131nda hem de daha geni\u015f kapsaml\u0131 olan Avrupa ara\u015ft\u0131rmalar\u0131nda gelecek nesiller i\u00e7in standartlar\u0131 belirleyen, ayd\u0131nlat\u0131c\u0131 bir \u00e7al\u0131\u015fmad\u0131r.\u201d Isa Blumi \u2013 Stockholm \u00dcniversitesi   \u201cMelis Hafez, tembelli\u011fi toplumun ciddi bir hastal\u0131\u011f\u0131 olarak g\u00f6ren ge\u00e7 d\u00f6nem Osmanl\u0131 s\u00f6ylemlerini, kayg\u0131lar\u0131n\u0131 ve Osmanl\u0131lar\u0131 ileriyi d\u00fc\u015f\u00fcnen, \u00fcretken yurtta\u015flara d\u00f6n\u00fc\u015ft\u00fcrme ihtiyac\u0131n\u0131 etkileyici bir bi\u00e7imde ele al\u0131yor. Geni\u015f bir Osmanl\u0131ca metin ve kaynak toplulu\u011fundan yararlanarak bunlar\u0131n \u00e7o\u011funu ilk defa ele alan Hafez, bu yeni \u00fcretkenlik k\u00fclt\u00fcr\u00fcn\u00fc \u00e7\u00f6z\u00fcmleyip onun entelekt\u00fcel ve \u0130slami kaynaklar\u0131, geli\u015fimi ve sonu\u00e7lar\u0131 hakk\u0131nda incelikli, \u00e7ok katmanl\u0131 ve ikna edici bir tart\u0131\u015fma sunuyor.\u201d Eyal Ginio \u2013 Kud\u00fcs \u0130brani \u00dcniversitesi   \u201cHafez\u2019in bu \u00f6zg\u00fcn ve esasl\u0131 \u00e7al\u0131\u015fmas\u0131, ulus projesi bak\u0131m\u0131ndan hayati \u00f6nem ta\u015f\u0131yan bir Osmanl\u0131 \u00fcretkenlik k\u00fclt\u00fcr\u00fcn\u00fcn hangi yollarla geli\u015ftirildi\u011fini ve te\u015fvik edildi\u011fini ele al\u0131yor. Yeni bir Osmanl\u0131 ulusu i\u00e7in \u0130slam\u2019\u0131n oynad\u0131\u011f\u0131 rol\u00fc savunan ve onun ta\u015f\u0131d\u0131\u011f\u0131 \u00f6nemi vurgulayan \u0130slamc\u0131 yazarlar\u0131n bu esnada \u00fcretkenlik dilini nas\u0131l kulland\u0131klar\u0131n\u0131 ortaya koyuyor. Merak uyand\u0131r\u0131c\u0131 bir kitap.\u201d Palmira Brummett \u2013 Tennessee \u00dcniversitesi <\/p>\n","protected":false},"excerpt":{"rendered":"<p>\u00c7al\u0131\u015fkanl\u0131\u011f\u0131n y\u00fcceltildi\u011fi bir d\u00f6nemde tembel olmak bir ahlak zafiyeti miydi, yoksa de\u011fi\u015fen k\u00fclt\u00fcrel hayat\u0131n ritimlerinden biri miydi? \u201cMelis Hafez\u2019in, Osmanl\u0131 vatanda\u015flar\u0131n\u0131n verimlili\u011finin art\u0131r\u0131lmas\u0131 i\u00e7in yap\u0131lan \u00e7a\u011fr\u0131lar\u0131<span class=\"excerpt-hellip\"> [\u2026]<\/span><\/p>\n","protected":false},"featured_media":0,"template":"","meta":{"_monsterinsights_skip_tracking":false,"_monsterinsights_sitenote_active":false,"_monsterinsights_sitenote_note":"","_monsterinsights_sitenote_category":0},"product_brand":[],"product_cat":[13517,12304],"product_tag":[],"class_list":{"0":"post-754359","1":"product","2":"type-product","3":"status-publish","5":"product_cat-osmanli-tarihi","6":"product_cat-tarih","7":"pa_cilt-ciltsiz","8":"pa_tur-kitap","9":"pa_yayinevi-fol-kitap","10":"pa_yazar-melis-hafez","12":"first","13":"instock","14":"sale","15":"shipping-taxable","16":"purchasable","17":"product-type-simple"},"_links":{"self":[{"href":"https:\/\/roveyayinevi.com.tr\/index.php\/wp-json\/wp\/v2\/product\/754359","targetHints":{"allow":["GET"]}}],"collection":[{"href":"https:\/\/roveyayinevi.com.tr\/index.php\/wp-json\/wp\/v2\/product"}],"about":[{"href":"https:\/\/roveyayinevi.com.tr\/index.php\/wp-json\/wp\/v2\/types\/product"}],"wp:attachment":[{"href":"https:\/\/roveyayinevi.com.tr\/index.php\/wp-json\/wp\/v2\/media?parent=754359"}],"wp:term":[{"taxonomy":"product_brand","embeddable":true,"href":"https:\/\/roveyayinevi.com.tr\/index.php\/wp-json\/wp\/v2\/product_brand?post=754359"},{"taxonomy":"product_cat","embeddable":true,"href":"https:\/\/roveyayinevi.com.tr\/index.php\/wp-json\/wp\/v2\/product_cat?post=754359"},{"taxonomy":"product_tag","embeddable":true,"href":"https:\/\/roveyayinevi.com.tr\/index.php\/wp-json\/wp\/v2\/product_tag?post=754359"}],"curies":[{"name":"wp","href":"https:\/\/api.w.org\/{rel}","templated":true}]}}