{"id":754357,"date":"2025-08-28T06:08:30","date_gmt":"2025-08-28T03:08:30","guid":{"rendered":"https:\/\/roveyayinevi.com.tr\/index.php\/urun\/sinema-ve-mimarlik\/"},"modified":"2026-04-16T03:07:47","modified_gmt":"2026-04-16T00:07:47","slug":"sinema-ve-mimarlik","status":"publish","type":"product","link":"https:\/\/roveyayinevi.com.tr\/index.php\/urun\/sinema-ve-mimarlik\/","title":{"rendered":"Sinema ve Mimarl\u0131k"},"content":{"rendered":"<p>\u0130zledi\u011fimiz baz\u0131 filmler hayata bak\u0131\u015f\u0131m\u0131z\u0131 de\u011fi\u015ftirir hatta katmanla\u015ft\u0131r\u0131r. Bu kitap, bak\u0131\u015f\u0131m\u0131z\u0131 hayattan sinemaya \u00e7evirmek i\u00e7in kaleme al\u0131nd\u0131. Bildi\u011fimiz sokaklara, caddelere, evlere, yani mek\u00e2n\u0131n farkl\u0131 bi\u00e7imlerine bakmaya davet ederken sineman\u0131n mimariyle kurdu\u011fu yak\u0131n temas\u0131 a\u00e7\u0131k ediyor. Tan\u0131d\u0131k yerleri yabanc\u0131, yabanc\u0131 oldu\u011fumuz yerleri tan\u0131d\u0131k k\u0131lan sineman\u0131n mimariden ald\u0131\u011f\u0131 g\u00fcc\u00fc analiz eden bu kitap, sinemay\u0131 anlamland\u0131rman\u0131n yeni anahtarlar\u0131n\u0131 sunuyor. Celal Abdi G\u00fczer\u2019in derledi\u011fi bu \u00e7al\u0131\u015fmada yer alan de\u011ferli yazarlar, hayranl\u0131kla izledi\u011fimiz filmlere farkl\u0131 bir g\u00f6zle bakmam\u0131za olanak sa\u011fl\u0131yor. Say\u0131s\u0131z kez izledi\u011fimiz filmleri yeniden izleme iste\u011fi uyand\u0131racak ve belki de ka\u00e7\u0131rd\u0131\u011f\u0131m\u0131z ba\u015fyap\u0131tlar\u0131 ke\u015ffetmemizi sa\u011flayacak bu kitap mimarlar\u0131, sinefilleri ve sinefil adaylar\u0131n\u0131, beyaz perdeyle aram\u0131zdaki mesafeyi k\u0131saltmaya \u00e7a\u011f\u0131r\u0131yor.<\/p>\n","protected":false},"excerpt":{"rendered":"<p>\u0130zledi\u011fimiz baz\u0131 filmler hayata bak\u0131\u015f\u0131m\u0131z\u0131 de\u011fi\u015ftirir hatta katmanla\u015ft\u0131r\u0131r. Bu kitap, bak\u0131\u015f\u0131m\u0131z\u0131 hayattan sinemaya \u00e7evirmek i\u00e7in kaleme al\u0131nd\u0131. Bildi\u011fimiz sokaklara, caddelere, evlere, yani mek\u00e2n\u0131n farkl\u0131 bi\u00e7imlerine bakmaya<span class=\"excerpt-hellip\"> [\u2026]<\/span><\/p>\n","protected":false},"featured_media":0,"template":"","meta":{"_monsterinsights_skip_tracking":false,"_monsterinsights_sitenote_active":false,"_monsterinsights_sitenote_note":"","_monsterinsights_sitenote_category":0},"product_brand":[],"product_cat":[13512,12408],"product_tag":[],"class_list":{"0":"post-754357","1":"product","2":"type-product","3":"status-publish","5":"product_cat-mimarlik","6":"product_cat-sanat","7":"pa_cilt-ciltsiz","8":"pa_tur-kitap","9":"pa_yayinevi-fol-kitap","10":"pa_yazar-kolektif","12":"first","13":"instock","14":"sale","15":"shipping-taxable","16":"purchasable","17":"product-type-simple"},"_links":{"self":[{"href":"https:\/\/roveyayinevi.com.tr\/index.php\/wp-json\/wp\/v2\/product\/754357","targetHints":{"allow":["GET"]}}],"collection":[{"href":"https:\/\/roveyayinevi.com.tr\/index.php\/wp-json\/wp\/v2\/product"}],"about":[{"href":"https:\/\/roveyayinevi.com.tr\/index.php\/wp-json\/wp\/v2\/types\/product"}],"wp:attachment":[{"href":"https:\/\/roveyayinevi.com.tr\/index.php\/wp-json\/wp\/v2\/media?parent=754357"}],"wp:term":[{"taxonomy":"product_brand","embeddable":true,"href":"https:\/\/roveyayinevi.com.tr\/index.php\/wp-json\/wp\/v2\/product_brand?post=754357"},{"taxonomy":"product_cat","embeddable":true,"href":"https:\/\/roveyayinevi.com.tr\/index.php\/wp-json\/wp\/v2\/product_cat?post=754357"},{"taxonomy":"product_tag","embeddable":true,"href":"https:\/\/roveyayinevi.com.tr\/index.php\/wp-json\/wp\/v2\/product_tag?post=754357"}],"curies":[{"name":"wp","href":"https:\/\/api.w.org\/{rel}","templated":true}]}}