{"id":754354,"date":"2025-08-28T06:08:26","date_gmt":"2025-08-28T03:08:26","guid":{"rendered":"https:\/\/roveyayinevi.com.tr\/index.php\/urun\/osmanlinin-uc-harflileri\/"},"modified":"2026-04-16T03:07:47","modified_gmt":"2026-04-16T00:07:47","slug":"osmanlinin-uc-harflileri","status":"publish","type":"product","link":"https:\/\/roveyayinevi.com.tr\/index.php\/urun\/osmanlinin-uc-harflileri\/","title":{"rendered":"Osmanl\u0131\u2019n\u0131n \u00dc\u00e7 Harflileri"},"content":{"rendered":"<p>Bir mezarl\u0131\u011f\u0131n yan\u0131ndan ge\u00e7erken i\u00e7imizi saran bir \u00fcrperti duyar\u0131z veya uykunun en derin yerinde bu d\u00fcnyadan g\u00f6\u00e7\u00fcp gidenler r\u00fcyalar\u0131m\u0131za girmek ister. Ad\u0131n\u0131 an\u0131nca musallat olmalar\u0131ndan korkup \u00fc\u00e7 harfliler deriz. Bunlar\u0131n olu\u015f nedenleri farkl\u0131 zamanlarda farkl\u0131 bi\u00e7imlerde yorumlanm\u0131\u015f. Osmanl\u0131lar, bazen \u00fc\u00e7 harflinin dinine g\u00f6re yan\u0131t vermi\u015f, bazen de d\u00fczeni bozmayacak \u00f6nlemler alm\u0131\u015flar. Evliya \u00c7elebi\u2019nin anlat\u0131lanlar\u0131nda mezarda dirilenler obur, Cin\u00e2n\u00ee\u2019de cin veya B\u00eecan\u2019da cadu ad\u0131yla Osmanl\u0131 tarihinin aca\u2019ib ve garaib yarat\u0131klar\u0131 olarak sosyal hayat\u0131n i\u00e7inde kendilerine yer bulur. Marinos Sariyannis, Osmanl\u0131 d\u00fcnya g\u00f6r\u00fc\u015f\u00fcnde bu yarat\u0131klar\u0131n ne anlama geldi\u011fini, din\u00ee teoloji ile halk inan\u0131\u015flar\u0131n\u0131n kesi\u015fimlerini anlat\u0131yor. Devlet akl\u0131n\u0131n, bug\u00fcn ola\u011fan\u00fcst\u00fc hatta do\u011fa\u00fcst\u00fc olarak adland\u0131rd\u0131\u011f\u0131m\u0131z s\u0131radan olaylar\u0131 nas\u0131l g\u00f6rd\u00fc\u011f\u00fcn\u00fc zengin kaynaklarla ele al\u0131yor. B\u00f6ylelikle, d\u00f6nemin \u00fc\u00e7 harflilere ili\u015fkin anlat\u0131lar\u0131ndan hareketle Osmanl\u0131lar\u0131n d\u00fcnya g\u00f6r\u00fc\u015f\u00fcn\u00fc anlam\u0131m\u0131z i\u00e7in farkl\u0131 perspektifler sunuyor.<\/p>\n","protected":false},"excerpt":{"rendered":"<p>Bir mezarl\u0131\u011f\u0131n yan\u0131ndan ge\u00e7erken i\u00e7imizi saran bir \u00fcrperti duyar\u0131z veya uykunun en derin yerinde bu d\u00fcnyadan g\u00f6\u00e7\u00fcp gidenler r\u00fcyalar\u0131m\u0131za girmek ister. Ad\u0131n\u0131 an\u0131nca musallat olmalar\u0131ndan korkup<span class=\"excerpt-hellip\"> [\u2026]<\/span><\/p>\n","protected":false},"featured_media":0,"template":"","meta":{"_monsterinsights_skip_tracking":false,"_monsterinsights_sitenote_active":false,"_monsterinsights_sitenote_note":"","_monsterinsights_sitenote_category":0},"product_brand":[],"product_cat":[13517,12304],"product_tag":[],"class_list":{"0":"post-754354","1":"product","2":"type-product","3":"status-publish","5":"product_cat-osmanli-tarihi","6":"product_cat-tarih","7":"pa_cilt-ciltsiz","8":"pa_tur-kitap","9":"pa_yayinevi-fol-kitap","10":"pa_yazar-marinos-sariyannis","12":"first","13":"instock","14":"sale","15":"shipping-taxable","16":"purchasable","17":"product-type-simple"},"_links":{"self":[{"href":"https:\/\/roveyayinevi.com.tr\/index.php\/wp-json\/wp\/v2\/product\/754354","targetHints":{"allow":["GET"]}}],"collection":[{"href":"https:\/\/roveyayinevi.com.tr\/index.php\/wp-json\/wp\/v2\/product"}],"about":[{"href":"https:\/\/roveyayinevi.com.tr\/index.php\/wp-json\/wp\/v2\/types\/product"}],"wp:attachment":[{"href":"https:\/\/roveyayinevi.com.tr\/index.php\/wp-json\/wp\/v2\/media?parent=754354"}],"wp:term":[{"taxonomy":"product_brand","embeddable":true,"href":"https:\/\/roveyayinevi.com.tr\/index.php\/wp-json\/wp\/v2\/product_brand?post=754354"},{"taxonomy":"product_cat","embeddable":true,"href":"https:\/\/roveyayinevi.com.tr\/index.php\/wp-json\/wp\/v2\/product_cat?post=754354"},{"taxonomy":"product_tag","embeddable":true,"href":"https:\/\/roveyayinevi.com.tr\/index.php\/wp-json\/wp\/v2\/product_tag?post=754354"}],"curies":[{"name":"wp","href":"https:\/\/api.w.org\/{rel}","templated":true}]}}