{"id":754353,"date":"2025-08-28T06:08:25","date_gmt":"2025-08-28T03:08:25","guid":{"rendered":"https:\/\/roveyayinevi.com.tr\/index.php\/urun\/osmanlida-kriz-ve-isyan-sultanin-dususu\/"},"modified":"2026-04-16T03:07:47","modified_gmt":"2026-04-16T00:07:47","slug":"osmanlida-kriz-ve-isyan-sultanin-dususu","status":"publish","type":"product","link":"https:\/\/roveyayinevi.com.tr\/index.php\/urun\/osmanlida-kriz-ve-isyan-sultanin-dususu\/","title":{"rendered":"Osmanl\u0131&#8217;da Kriz ve \u0130syan Sultan\u0131n D\u00fc\u015f\u00fc\u015f\u00fc"},"content":{"rendered":"<p>\u201cM\u00fcthi\u015f&#8230; III. Selim\u2019in tahttan indirilmesi \u00fczerine muhakkak okunmas\u0131 gereken bir kitap. Y\u0131ld\u0131z, inceledi\u011fi konuyu t\u00fcm boyutlar\u0131yla ele alarak harika bir i\u015f \u00e7\u0131karm\u0131\u015f ve her \u015feyi b\u00fcy\u00fck bir titizlikle ara\u015ft\u0131rm\u0131\u015f. Onun tarihyaz\u0131m\u0131na odaklanan \u00f6nceki \u00e7al\u0131\u015fmas\u0131ndan haberdard\u0131m, fakat bu \u00e7al\u0131\u015fmas\u0131nda Osmanl\u0131 tarihinin ar\u015fivlerinin derinliklerine iniyor ve sosyoekonomik tarih, siyasi tarih, diplomasi tarihi, prosopografi ve k\u00fclt\u00fcrel tarih d\u00e2hil \u00e7evrilmemi\u015f hi\u00e7bir sayfa b\u0131rakm\u0131yor: Bu kitaba bay\u0131ld\u0131m.\u201d Baki Tezcan, UC Davis Tarih B\u00f6l\u00fcm\u00fcnde \u00f6\u011fretim \u00fcyesi ve The Second Ottoman Empire (2012) kitab\u0131n\u0131n yazar\u0131   1807 y\u0131l\u0131nda reformcu padi\u015fah III. Selim bir saray darbesiyle tahttan indirildi. Darbe yeni\u00e7eriler taraf\u0131ndan yap\u0131ld\u0131 ama arka planda bir\u00e7ok akt\u00f6r yer ald\u0131. Devrimler \u00e7a\u011f\u0131n\u0131n tam ortas\u0131nda, ekonomik kriz, idare sorunlar\u0131 ve bunlar\u0131n getirdi\u011fi hizipler, bir sultan\u0131 taht\u0131ndan etti. Sultan\u0131n d\u00fc\u015f\u00fc\u015f\u00fc krizlerin akt\u00f6rleri aras\u0131ndaki hiziple\u015fmeyi bertaraf edemedi ama yeni sultan\u0131n kim olaca\u011f\u0131 sorusu baz\u0131 hiziplerin y\u00fckseli\u015fine vesile oldu, ta ki II. Mahmud kendi stratejisini \u00e7izene kadar. Devrimler \u00e7a\u011f\u0131n\u0131n b\u00fct\u00fcn sanc\u0131lar\u0131n\u0131 hisseden \u0130mparatorlu\u011fun krizlere verdi\u011fi yan\u0131tlar\u0131, par\u00e7as\u0131 oldu\u011fu d\u00fcnya d\u00fczeniyle inceleyen bu kitap, imparatorlu\u011fun 19. y\u00fczy\u0131lda hayatta kalma m\u00fccadelesini g\u00f6zler \u00f6n\u00fcne seriyor. <\/p>\n","protected":false},"excerpt":{"rendered":"<p>\u201cM\u00fcthi\u015f&#8230; III. Selim\u2019in tahttan indirilmesi \u00fczerine muhakkak okunmas\u0131 gereken bir kitap. Y\u0131ld\u0131z, inceledi\u011fi konuyu t\u00fcm boyutlar\u0131yla ele alarak harika bir i\u015f \u00e7\u0131karm\u0131\u015f ve her \u015feyi b\u00fcy\u00fck<span class=\"excerpt-hellip\"> [\u2026]<\/span><\/p>\n","protected":false},"featured_media":0,"template":"","meta":{"_monsterinsights_skip_tracking":false,"_monsterinsights_sitenote_active":false,"_monsterinsights_sitenote_note":"","_monsterinsights_sitenote_category":0},"product_brand":[],"product_cat":[13517,12304],"product_tag":[],"class_list":{"0":"post-754353","1":"product","2":"type-product","3":"status-publish","5":"product_cat-osmanli-tarihi","6":"product_cat-tarih","7":"pa_cilt-ciltsiz","8":"pa_tur-kitap","9":"pa_yayinevi-fol-kitap","10":"pa_yazar-aysel-yildiz","12":"first","13":"instock","14":"sale","15":"shipping-taxable","16":"purchasable","17":"product-type-simple"},"_links":{"self":[{"href":"https:\/\/roveyayinevi.com.tr\/index.php\/wp-json\/wp\/v2\/product\/754353","targetHints":{"allow":["GET"]}}],"collection":[{"href":"https:\/\/roveyayinevi.com.tr\/index.php\/wp-json\/wp\/v2\/product"}],"about":[{"href":"https:\/\/roveyayinevi.com.tr\/index.php\/wp-json\/wp\/v2\/types\/product"}],"wp:attachment":[{"href":"https:\/\/roveyayinevi.com.tr\/index.php\/wp-json\/wp\/v2\/media?parent=754353"}],"wp:term":[{"taxonomy":"product_brand","embeddable":true,"href":"https:\/\/roveyayinevi.com.tr\/index.php\/wp-json\/wp\/v2\/product_brand?post=754353"},{"taxonomy":"product_cat","embeddable":true,"href":"https:\/\/roveyayinevi.com.tr\/index.php\/wp-json\/wp\/v2\/product_cat?post=754353"},{"taxonomy":"product_tag","embeddable":true,"href":"https:\/\/roveyayinevi.com.tr\/index.php\/wp-json\/wp\/v2\/product_tag?post=754353"}],"curies":[{"name":"wp","href":"https:\/\/api.w.org\/{rel}","templated":true}]}}