{"id":754351,"date":"2025-08-28T06:08:23","date_gmt":"2025-08-28T03:08:23","guid":{"rendered":"https:\/\/roveyayinevi.com.tr\/index.php\/urun\/mimarlik-dusunmek-icin-verimli-arizalar\/"},"modified":"2026-04-16T03:07:47","modified_gmt":"2026-04-16T00:07:47","slug":"mimarlik-dusunmek-icin-verimli-arizalar","status":"publish","type":"product","link":"https:\/\/roveyayinevi.com.tr\/index.php\/urun\/mimarlik-dusunmek-icin-verimli-arizalar\/","title":{"rendered":"Mimarl\u0131k D\u00fc\u015f\u00fcnmek \u0130\u00e7in Verimli Ar\u0131zalar"},"content":{"rendered":"<p>Mimarl\u0131k D\u00fc\u015f\u00fcnmek \u0130\u00e7in Verimli Ar\u0131zalar Hegel\u2019in \u015fu vecizesine dayan\u0131yor: \u201cYanl\u0131\u015f yapma korkusu bizatihi bir yanl\u0131\u015ft\u0131r\u201d. Dolay\u0131s\u0131yla mimarl\u0131kta ar\u0131za, \u00f6rne\u011fin, k\u00f6t\u00fc tasarlanm\u0131\u015f ve k\u00f6t\u00fc in\u015fa edilmi\u015f oldu\u011fu i\u00e7in depremde y\u0131k\u0131lan yap\u0131 yapmak de\u011fildir. O sadece bir \u201cg\u00f6r\u00fcn\u00fcr kaza\u201ddan ibaret. Verimli ar\u0131za, mimarl\u0131k ad\u0131yla ifade edilen toplumsal sistemin \u00e7al\u0131\u015fmas\u0131n\u0131 sa\u011flayan dinamiklerden biridir. Yap\u0131lagelmekte olana ele\u015ftirel te\u015fhisler koymak ve ard\u0131ndan da o aksakl\u0131\u011f\u0131 gidermek i\u00e7in \u00e7al\u0131\u015fmak anlam\u0131na gelir. Sistem ge\u00e7 15. y\u00fczy\u0131ldan beri b\u00f6yle \u00e7al\u0131\u015f\u0131r. Krizler ve kriz \u00e7\u00f6z\u00fcmleri \u00fcretir. Pop\u00fcler k\u00fclt\u00fcrde ar\u0131za diye nitelenmeyen pek \u00e7ok de\u011fi\u015fim asl\u0131nda ar\u0131zad\u0131r; \u00e7\u00fcnk\u00fc o zamana dek yap\u0131lmakta ve d\u00fc\u015f\u00fcn\u00fclmekte olanlar\u0131 tart\u0131\u015fmal\u0131 ve\/veya ge\u00e7ersiz k\u0131larlar. Mimarl\u0131\u011f\u0131n kitabi bir pratik h\u00e2line geli\u015fi, mizah, uluslar\u00fcst\u00fcle\u015fme, tarihselli\u011fin ke\u015ffi, m\u00fchendisli\u011fin do\u011fu\u015fu, rol \u00e7at\u0131\u015fmalar\u0131, rastlant\u0131sall\u0131k vb. hep verimli ar\u0131zalar \u00e7\u0131karm\u0131\u015flard\u0131r. \u0130steyen, bunlara ve bu kitapta tart\u0131\u015f\u0131lan di\u011ferlerine daha pek \u00e7ok yeni ba\u015fl\u0131k ekleyebilir. \u00c7\u00fcnk\u00fc mimarl\u0131k ar\u0131zalar\u0131, \u00f6rne\u011fin, siyasal ve ekonomik ar\u0131zalara pek az benzer; ortam\u0131 paralize etmez, \u00e7al\u0131\u015famaz k\u0131lmazlar. Daha \u00f6nemlisi, belirli bir olgu ya da de\u011fi\u015fim onun ar\u0131za oldu\u011funu bir fark eden varsa ar\u0131zaya d\u00f6n\u00fc\u015f\u00fcr. Muhalefettir, ar\u0131zay\u0131 ar\u0131za k\u0131lan. Mimarl\u0131k o muhalif tav\u0131r olmaks\u0131z\u0131n verimli d\u00fc\u015f\u00fcnce ve tasar\u0131m ortaya koyamaz.<\/p>\n","protected":false},"excerpt":{"rendered":"<p>Mimarl\u0131k D\u00fc\u015f\u00fcnmek \u0130\u00e7in Verimli Ar\u0131zalar Hegel\u2019in \u015fu vecizesine dayan\u0131yor: \u201cYanl\u0131\u015f yapma korkusu bizatihi bir yanl\u0131\u015ft\u0131r\u201d. Dolay\u0131s\u0131yla mimarl\u0131kta ar\u0131za, \u00f6rne\u011fin, k\u00f6t\u00fc tasarlanm\u0131\u015f ve k\u00f6t\u00fc in\u015fa edilmi\u015f oldu\u011fu<span class=\"excerpt-hellip\"> [\u2026]<\/span><\/p>\n","protected":false},"featured_media":0,"template":"","meta":{"_monsterinsights_skip_tracking":false,"_monsterinsights_sitenote_active":false,"_monsterinsights_sitenote_note":"","_monsterinsights_sitenote_category":0},"product_brand":[],"product_cat":[13512,12408],"product_tag":[],"class_list":{"0":"post-754351","1":"product","2":"type-product","3":"status-publish","5":"product_cat-mimarlik","6":"product_cat-sanat","7":"pa_cilt-ciltsiz","8":"pa_tur-kitap","9":"pa_yayinevi-fol-kitap","10":"pa_yazar-ugur-tanyeli","12":"first","13":"instock","14":"sale","15":"shipping-taxable","16":"purchasable","17":"product-type-simple"},"_links":{"self":[{"href":"https:\/\/roveyayinevi.com.tr\/index.php\/wp-json\/wp\/v2\/product\/754351","targetHints":{"allow":["GET"]}}],"collection":[{"href":"https:\/\/roveyayinevi.com.tr\/index.php\/wp-json\/wp\/v2\/product"}],"about":[{"href":"https:\/\/roveyayinevi.com.tr\/index.php\/wp-json\/wp\/v2\/types\/product"}],"wp:attachment":[{"href":"https:\/\/roveyayinevi.com.tr\/index.php\/wp-json\/wp\/v2\/media?parent=754351"}],"wp:term":[{"taxonomy":"product_brand","embeddable":true,"href":"https:\/\/roveyayinevi.com.tr\/index.php\/wp-json\/wp\/v2\/product_brand?post=754351"},{"taxonomy":"product_cat","embeddable":true,"href":"https:\/\/roveyayinevi.com.tr\/index.php\/wp-json\/wp\/v2\/product_cat?post=754351"},{"taxonomy":"product_tag","embeddable":true,"href":"https:\/\/roveyayinevi.com.tr\/index.php\/wp-json\/wp\/v2\/product_tag?post=754351"}],"curies":[{"name":"wp","href":"https:\/\/api.w.org\/{rel}","templated":true}]}}