{"id":754349,"date":"2025-08-28T06:08:20","date_gmt":"2025-08-28T03:08:20","guid":{"rendered":"https:\/\/roveyayinevi.com.tr\/index.php\/urun\/ana-hatlariyla-tasavvuf-tarihi\/"},"modified":"2026-04-16T03:07:47","modified_gmt":"2026-04-16T00:07:47","slug":"ana-hatlariyla-tasavvuf-tarihi","status":"publish","type":"product","link":"https:\/\/roveyayinevi.com.tr\/index.php\/urun\/ana-hatlariyla-tasavvuf-tarihi\/","title":{"rendered":"Ana Hatlar\u0131yla Tasavvuf Tarihi"},"content":{"rendered":"<p>As\u0131rlar boyu \u0130sl\u00e2m d\u00fcnyas\u0131nda mevcudiyetini koruyan ve insanlar\u0131 pek \u00e7ok y\u00f6nden etkileyen en \u00f6nemli ak\u0131mlardan biri de tasavvuftur. \u0130sl\u00e2m k\u00fclt\u00fcr birikiminin temel unsurlar\u0131ndan birini olu\u015fturan ve inan\u00e7, d\u00fc\u015f\u00fcnce, ahl\u00e2k,sanat ve aksiyon pl\u00e2n\u0131nda yo\u011fun bir \u015fekilde tesirini hissettiren tasavvuf hareketi, son zamanlarda gerek \u00fclkemizde, gerekse t\u00fcm d\u00fcnyada tekrar ilgi oda\u011f\u0131 haline gelmeye ba\u015flam\u0131\u015ft\u0131r. Ne var ki, tasavvuf ve tarikat meselesi,eskiden oldu\u011fu gibi g\u00fcn\u00fcm\u00fczde de en \u00e7ok tart\u0131\u015f\u0131lan, lehinde ve aleyhinde g\u00f6r\u00fc\u015fler serdedilen konulardan biridir.       Elinizdeki eser, konu hakk\u0131nda ilgili veya ilgisiz herkesin bir \u015feyler s\u00f6yledi\u011fi, bu y\u00fczden b\u00fcy\u00fck fikr\u00ee karga\u015falar\u0131n ya\u015fand\u0131\u011f\u0131, lehte ve aleyhte a\u015f\u0131r\u0131 temay\u00fcllerin belirdi\u011fi bir ortamda, meselenin ilm\u00ee ve objektif olarak \u00f6zl\u00fc bir \u015fekilde incelenip ortaya konulmas\u0131 amac\u0131yla kaleme al\u0131nm\u0131\u015ft\u0131r.       Bu \u00e7al\u0131\u015fmada, tasavvuf ahl\u00e2k\u0131n\u0131 ve s\u00fbf\u00eelerin h\u00e2l ve makamlar\u0131n\u0131 al\u00e2kadar eden mevzularla, tasavvuf\u00ee \u0131st\u0131lahlar\u0131n izah\u0131na, konuyu fazla da\u011f\u0131tmamak ve hacmi geni\u015fletmemek d\u00fc\u015f\u00fcncesiyle yer verilmemi\u015ftir. Fakat b\u00fct\u00fcn bu konularda k\u0131sa ve \u00f6zl\u00fc bilgiler ihtiva eden ve herkesin rahatl\u0131kla okuyup istifade edebilece\u011fini \u00fcmit etti\u011fimiz bir m\u00fcracaat kitab\u0131 \u00f6zelli\u011fi ta\u015f\u0131maktad\u0131r..<\/p>\n","protected":false},"excerpt":{"rendered":"<p>As\u0131rlar boyu \u0130sl\u00e2m d\u00fcnyas\u0131nda mevcudiyetini koruyan ve insanlar\u0131 pek \u00e7ok y\u00f6nden etkileyen en \u00f6nemli ak\u0131mlardan biri de tasavvuftur. \u0130sl\u00e2m k\u00fclt\u00fcr birikiminin temel unsurlar\u0131ndan birini olu\u015fturan ve<span class=\"excerpt-hellip\"> [\u2026]<\/span><\/p>\n","protected":false},"featured_media":0,"template":"","meta":{"_monsterinsights_skip_tracking":false,"_monsterinsights_sitenote_active":false,"_monsterinsights_sitenote_note":"","_monsterinsights_sitenote_category":0},"product_brand":[],"product_cat":[12718,12719,15238],"product_tag":[],"class_list":{"0":"post-754349","1":"product","2":"type-product","3":"status-publish","5":"product_cat-din","6":"product_cat-islam","7":"product_cat-tasavvuf","8":"pa_cilt-ciltsiz","9":"pa_tur-kitap","10":"pa_yayinevi-atac-yayinlari","11":"pa_yazar-osman-turer","13":"first","14":"instock","15":"sale","16":"shipping-taxable","17":"purchasable","18":"product-type-simple"},"_links":{"self":[{"href":"https:\/\/roveyayinevi.com.tr\/index.php\/wp-json\/wp\/v2\/product\/754349","targetHints":{"allow":["GET"]}}],"collection":[{"href":"https:\/\/roveyayinevi.com.tr\/index.php\/wp-json\/wp\/v2\/product"}],"about":[{"href":"https:\/\/roveyayinevi.com.tr\/index.php\/wp-json\/wp\/v2\/types\/product"}],"wp:attachment":[{"href":"https:\/\/roveyayinevi.com.tr\/index.php\/wp-json\/wp\/v2\/media?parent=754349"}],"wp:term":[{"taxonomy":"product_brand","embeddable":true,"href":"https:\/\/roveyayinevi.com.tr\/index.php\/wp-json\/wp\/v2\/product_brand?post=754349"},{"taxonomy":"product_cat","embeddable":true,"href":"https:\/\/roveyayinevi.com.tr\/index.php\/wp-json\/wp\/v2\/product_cat?post=754349"},{"taxonomy":"product_tag","embeddable":true,"href":"https:\/\/roveyayinevi.com.tr\/index.php\/wp-json\/wp\/v2\/product_tag?post=754349"}],"curies":[{"name":"wp","href":"https:\/\/api.w.org\/{rel}","templated":true}]}}