{"id":754341,"date":"2025-08-28T06:08:08","date_gmt":"2025-08-28T03:08:08","guid":{"rendered":"https:\/\/roveyayinevi.com.tr\/index.php\/urun\/hitlerin-celladi\/"},"modified":"2026-04-16T03:07:47","modified_gmt":"2026-04-16T00:07:47","slug":"hitlerin-celladi","status":"publish","type":"product","link":"https:\/\/roveyayinevi.com.tr\/index.php\/urun\/hitlerin-celladi\/","title":{"rendered":"Hitler\u2019in Cellad\u0131"},"content":{"rendered":"<p>Reinhard Heydrich, 20. y\u00fczy\u0131l\u0131n en \u00fcnl\u00fc k\u00f6t\u00fc adam timsallerinden biri. Hatta Nazi liderli\u011fi taraf\u0131ndan bile \u00fcrk\u00fct\u00fcc\u00fc biri olarak g\u00f6r\u00fcl\u00fcyordu. SS, SD ve Gestapo\u2019nun ba\u015f\u0131, Nazi i\u015fgali alt\u0131ndaki Bohemya ve Moravya\u2019n\u0131n ac\u0131mas\u0131z y\u00f6neticisi ve soyk\u0131r\u0131mla sonu\u00e7lanacak \u201cNihai \u00c7\u00f6z\u00fcm\u201d plan\u0131n\u0131n ba\u015f mimar\u0131 olarak, Hitler Almanyas\u0131\u2019n\u0131n me\u015fum hedeflerine ula\u015ft\u0131r\u0131lmas\u0131 yolunda hayati bir rol oynad\u0131. Prag\u2019da d\u00fczenlenen bir suikast\u0131n ard\u0131ndan \u00f6ld\u00fc\u011f\u00fc 1942 y\u0131l\u0131na kadar Nazi Almanyas\u0131\u2019n\u0131n en tehlikeli ve gelece\u011fi en parlak isimlerinden biri say\u0131l\u0131yordu. Yine de, halk aras\u0131nda \u201cPrag Kasab\u0131\u201d olarak tan\u0131nan ve yapt\u0131klar\u0131yla Hollywood filmlerindeki Nazi tipini esinleyen bu gizemli ve karanl\u0131k isim ve onun Nazi bask\u0131 ve ter\u00f6r ayg\u0131t\u0131n\u0131n in\u015fas\u0131nda \u00fcstlendi\u011fi hayati rol konusunda bug\u00fcne kadar yap\u0131lan \u00e7al\u0131\u015fmalar\u0131n say\u0131s\u0131 \u015fa\u015f\u0131rt\u0131c\u0131 derecede azd\u0131r. Bu kitap, alandaki \u00e7ok \u00f6nemli bir bo\u015flu\u011fu dolduruyor. Sayg\u0131n tarih\u00e7i Robert Gerwarth, bu kitapta Heydrich\u2019in \u00f6zel hayat\u0131n\u0131n bilinen ve daha \u00f6nce bilinmeyen yanlar\u0131n\u0131, Reich\u2019\u0131n g\u00fcvenli\u011finden sorumlu Nazi subay\u0131 olarak yapt\u0131klar\u0131yla birle\u015ftiriyor. Heydrich\u2019in g\u00f6z\u00fcnden, 20. y\u00fczy\u0131l\u0131n ilk yar\u0131s\u0131nda d\u00fcnyaya korku ve deh\u015fet sa\u00e7an Nazi y\u00f6netiminin en karanl\u0131k y\u00f6nlerinin do\u011fal ve makyajlanmam\u0131\u015f bir tablosunu sunuyor. Orta s\u0131n\u0131fa mensup iyi yeti\u015fmi\u015f gen\u00e7lerin, d\u00fcnyay\u0131 yutmaya kararl\u0131 ac\u0131mas\u0131z katillere nas\u0131l d\u00f6n\u00fc\u015ft\u00fcklerini ad\u0131m ad\u0131m ve bir tarih\u00e7i duyarl\u0131l\u0131\u011f\u0131yla, ele ald\u0131\u011f\u0131 konuyu karikat\u00fcrle\u015ftirmeden, t\u00fcm \u00e7\u0131plakl\u0131\u011f\u0131yla g\u00f6zler \u00f6n\u00fcne seriyor. Gerwarth, daha \u00f6nce hi\u00e7 yay\u0131mlanmam\u0131\u015f yaz\u0131\u015fmalar, mektuplar, notlar ve belgelerle \u0130kinci D\u00fcnya Sava\u015f\u0131\u2019n\u0131n karanl\u0131k g\u00fcnleri ve Nazi \u0130mparatorlu\u011fu hakk\u0131nda ger\u00e7ek bilgiler edinmek isteyen herkesin kitapl\u0131\u011f\u0131nda bulunmas\u0131 gereken bir ba\u015fucu eseri sunuyor.<\/p>\n","protected":false},"excerpt":{"rendered":"<p>Reinhard Heydrich, 20. y\u00fczy\u0131l\u0131n en \u00fcnl\u00fc k\u00f6t\u00fc adam timsallerinden biri. Hatta Nazi liderli\u011fi taraf\u0131ndan bile \u00fcrk\u00fct\u00fcc\u00fc biri olarak g\u00f6r\u00fcl\u00fcyordu. SS, SD ve Gestapo\u2019nun ba\u015f\u0131, Nazi i\u015fgali<span class=\"excerpt-hellip\"> [\u2026]<\/span><\/p>\n","protected":false},"featured_media":0,"template":"","meta":{"_monsterinsights_skip_tracking":false,"_monsterinsights_sitenote_active":false,"_monsterinsights_sitenote_note":"","_monsterinsights_sitenote_category":0},"product_brand":[],"product_cat":[12304],"product_tag":[],"class_list":{"0":"post-754341","1":"product","2":"type-product","3":"status-publish","5":"product_cat-tarih","6":"pa_cilt-ciltsiz","7":"pa_tur-kitap","8":"pa_yayinevi-fol-kitap","9":"pa_yazar-robert-gerwarth","11":"first","12":"instock","13":"sale","14":"shipping-taxable","15":"purchasable","16":"product-type-simple"},"_links":{"self":[{"href":"https:\/\/roveyayinevi.com.tr\/index.php\/wp-json\/wp\/v2\/product\/754341","targetHints":{"allow":["GET"]}}],"collection":[{"href":"https:\/\/roveyayinevi.com.tr\/index.php\/wp-json\/wp\/v2\/product"}],"about":[{"href":"https:\/\/roveyayinevi.com.tr\/index.php\/wp-json\/wp\/v2\/types\/product"}],"wp:attachment":[{"href":"https:\/\/roveyayinevi.com.tr\/index.php\/wp-json\/wp\/v2\/media?parent=754341"}],"wp:term":[{"taxonomy":"product_brand","embeddable":true,"href":"https:\/\/roveyayinevi.com.tr\/index.php\/wp-json\/wp\/v2\/product_brand?post=754341"},{"taxonomy":"product_cat","embeddable":true,"href":"https:\/\/roveyayinevi.com.tr\/index.php\/wp-json\/wp\/v2\/product_cat?post=754341"},{"taxonomy":"product_tag","embeddable":true,"href":"https:\/\/roveyayinevi.com.tr\/index.php\/wp-json\/wp\/v2\/product_tag?post=754341"}],"curies":[{"name":"wp","href":"https:\/\/api.w.org\/{rel}","templated":true}]}}