{"id":754339,"date":"2025-08-28T06:08:06","date_gmt":"2025-08-28T03:08:06","guid":{"rendered":"https:\/\/roveyayinevi.com.tr\/index.php\/urun\/dijital-kapitalizmin-ruhu\/"},"modified":"2026-04-16T03:07:47","modified_gmt":"2026-04-16T00:07:47","slug":"dijital-kapitalizmin-ruhu","status":"publish","type":"product","link":"https:\/\/roveyayinevi.com.tr\/index.php\/urun\/dijital-kapitalizmin-ruhu\/","title":{"rendered":"Dijital Kapitalizmin Ruhu"},"content":{"rendered":"<p>2000\u2019li y\u0131llar\u0131n ba\u015flar\u0131nda kamu k\u00fclt\u00fcr\u00fcn\u00fcn, i\u015fbirli\u011finin ve bilginin zaferi olarak g\u00f6r\u00fclen dijital teknolojiler ve bu teknolojilerin besledi\u011fi dijital k\u00fclt\u00fcr, aradan ge\u00e7en y\u0131llar i\u00e7inde kapitalizmin en sa\u011flam \u00e7arklar\u0131ndan biri h\u00e2line geldi. D\u00fcnyay\u0131 birbirine yakla\u015ft\u0131ran a\u011flar\u0131n, g\u00f6n\u00fcll\u00fc topluluklar\u0131n\u0131n, kitlekayna\u011f\u0131n\u0131n g\u00fcc\u00fcn\u00fc fark eden Silikon Vadisi\u2019nin teknose\u00e7kinleri, i\u015f d\u00fcnyas\u0131n\u0131n gurular\u0131, giri\u015fimciler ve risk sermayedarlar\u0131 son y\u0131llarda bu yeni k\u00fclt\u00fcr\u00fc kapitalizmin insanl\u0131\u011fa bir \u201carma\u011fan\u0131\u201d ve kapitalizm hakk\u0131ndaki olumsuz kanaatlerin haks\u0131z \u00e7\u0131k\u0131\u015f\u0131n\u0131n bir belirtisi olarak g\u00f6r\u00fcyorlar. Bu kitapta Jenny Huberman bu iddiay\u0131 enine boyuna sorgulay\u0131p de\u011fi\u015fenin kapitalist d\u00fczenin kendisi de\u011fil, y\u00fcz\u00fc ve ara\u00e7lar\u0131 oldu\u011funu ileri s\u00fcr\u00fcyor. Dijital d\u00fcnyan\u0131n yaratt\u0131\u011f\u0131 imk\u00e2nlar\u0131n kapitalist sistem taraf\u0131ndan  k\u0131sa s\u00fcrede yeni sermaye birikimi, tahakk\u00fcm ve el koyma bi\u00e7imleri yaratmak i\u00e7in nas\u0131l kullan\u0131ld\u0131\u011f\u0131n\u0131 ortaya koyuyor. Bu yeni bi\u00e7imleri me\u015frula\u015ft\u0131ran ideolojilerin hangileri oldu\u011funu soruyor. Bu ideolojilerin, kamu yarar\u0131n\u0131 ve a\u00e7\u0131k kaynaklar\u0131, k\u00fc\u00e7\u00fck bir grup ayr\u0131cal\u0131kl\u0131 insan\u0131n elinde toplanan \u00fcretim ve propaganda ara\u00e7lar\u0131 h\u00e2line getirdi\u011fini if\u015fa ediyor.<\/p>\n","protected":false},"excerpt":{"rendered":"<p>2000\u2019li y\u0131llar\u0131n ba\u015flar\u0131nda kamu k\u00fclt\u00fcr\u00fcn\u00fcn, i\u015fbirli\u011finin ve bilginin zaferi olarak g\u00f6r\u00fclen dijital teknolojiler ve bu teknolojilerin besledi\u011fi dijital k\u00fclt\u00fcr, aradan ge\u00e7en y\u0131llar i\u00e7inde kapitalizmin en sa\u011flam<span class=\"excerpt-hellip\"> [\u2026]<\/span><\/p>\n","protected":false},"featured_media":0,"template":"","meta":{"_monsterinsights_skip_tracking":false,"_monsterinsights_sitenote_active":false,"_monsterinsights_sitenote_note":"","_monsterinsights_sitenote_category":0},"product_brand":[],"product_cat":[13043],"product_tag":[],"class_list":{"0":"post-754339","1":"product","2":"type-product","3":"status-publish","5":"product_cat-ekonomi","6":"pa_cilt-ciltsiz","7":"pa_tur-kitap","8":"pa_yayinevi-fol-kitap","9":"pa_yazar-jenny-huberman","11":"first","12":"instock","13":"sale","14":"shipping-taxable","15":"purchasable","16":"product-type-simple"},"_links":{"self":[{"href":"https:\/\/roveyayinevi.com.tr\/index.php\/wp-json\/wp\/v2\/product\/754339","targetHints":{"allow":["GET"]}}],"collection":[{"href":"https:\/\/roveyayinevi.com.tr\/index.php\/wp-json\/wp\/v2\/product"}],"about":[{"href":"https:\/\/roveyayinevi.com.tr\/index.php\/wp-json\/wp\/v2\/types\/product"}],"wp:attachment":[{"href":"https:\/\/roveyayinevi.com.tr\/index.php\/wp-json\/wp\/v2\/media?parent=754339"}],"wp:term":[{"taxonomy":"product_brand","embeddable":true,"href":"https:\/\/roveyayinevi.com.tr\/index.php\/wp-json\/wp\/v2\/product_brand?post=754339"},{"taxonomy":"product_cat","embeddable":true,"href":"https:\/\/roveyayinevi.com.tr\/index.php\/wp-json\/wp\/v2\/product_cat?post=754339"},{"taxonomy":"product_tag","embeddable":true,"href":"https:\/\/roveyayinevi.com.tr\/index.php\/wp-json\/wp\/v2\/product_tag?post=754339"}],"curies":[{"name":"wp","href":"https:\/\/api.w.org\/{rel}","templated":true}]}}