{"id":754338,"date":"2025-08-28T06:08:05","date_gmt":"2025-08-28T03:08:05","guid":{"rendered":"https:\/\/roveyayinevi.com.tr\/index.php\/urun\/burjuvazinin-yukselisi-imparatorlugun-cokusu\/"},"modified":"2026-04-16T03:07:47","modified_gmt":"2026-04-16T00:07:47","slug":"burjuvazinin-yukselisi-imparatorlugun-cokusu","status":"publish","type":"product","link":"https:\/\/roveyayinevi.com.tr\/index.php\/urun\/burjuvazinin-yukselisi-imparatorlugun-cokusu\/","title":{"rendered":"Burjuvazinin Y\u00fckseli\u015fi, \u0130mparatorlu\u011fun \u00c7\u00f6k\u00fc\u015f\u00fc"},"content":{"rendered":"<p>40 y\u0131l\u0131 a\u015fk\u0131n bir s\u00fcredir Osmanl\u0131 \u00e7al\u0131\u015fmalar\u0131nda bir t\u00fcr r\u00f6nesans ya\u015f\u0131yoruz. Bu alana y\u00f6n veren sorular ayn\u0131 kalsa da, yeni cevaplar daha yarat\u0131c\u0131, daha kapsaml\u0131 ve hepsinden \u00f6nemlisi di\u011fer tarihlerle diyalo\u011fa a\u00e7\u0131k olma e\u011filiminde. \u201cBat\u0131 ilerlerken Osmanl\u0131 \u0130mparatorlu\u011fu neden geriledi?\u201d, \u201cT\u00fcccarlar\u0131n gayrim\u00fcslim, b\u00fcrokrat veya askerlerin M\u00fcsl\u00fcman oldu\u011fu do\u011fru mu?\u201d gibi sorular sorulmaya devam ediyor. Fatma M\u00fcge G\u00f6\u00e7ek&#8217;in bu de\u011ferli \u00e7al\u0131\u015fmas\u0131 eskiden \u201cimparatorlu\u011fun gerilemesi\u201d olarak \u00f6zetlenen \u015feyin, farkl\u0131 b\u00f6lgeleri, gruplar\u0131, ili\u015fkileri ve kurumlar\u0131 \u00e7e\u015fitli \u015fekillerde etkileyen \u00e7ok say\u0131da s\u00fcreci i\u00e7erdi\u011fini g\u00f6steriyor. Uzun y\u0131llard\u0131r bize anlat\u0131lanlar\u0131n aksine, bu zengin dokulu tarihi tek bir b\u00fcy\u00fck gerileme veya modernle\u015fme anlat\u0131s\u0131na s\u0131\u011fd\u0131rman\u0131n imk\u00e2ns\u0131z oldu\u011funu g\u00f6steriyor. \u00d6zellikle, Osmanl\u0131 toplumsal yap\u0131s\u0131 i\u00e7inde etnik-dinsel \u00e7izgilerdeki b\u00f6l\u00fcnmenin, sava\u015f\u0131n ve Bat\u0131 ile ticaretin dinamikleri ile etkile\u015fime girerek \u00e7atallanm\u0131\u015f bir Osmanl\u0131 burjuvazisi \u00fcretti\u011fini iddia ediyor. Birbirinden farkl\u0131 ticari ve b\u00fcrokratik unsurlara b\u00f6l\u00fcnm\u00fc\u015f bu burjuvazi sultana meydan okuyabildi ancak nihayetinde imparatorlu\u011fu kurtaramad\u0131. Osmanl\u0131 \u0130mparatorlu\u011fu&#8217;nun yerini T\u00fcrk ulus devleti ile Balkanlar ve Ortado\u011fu\u2019daki di\u011ferleri ald\u0131. Ba\u015fka t\u00fcrl\u00fc bir tarihin m\u00fcmk\u00fcn olup olmayaca\u011f\u0131n\u0131 d\u00fc\u015f\u00fcnmeye sevk eden bu kitap, muazzam bir sosyal tarih anlat\u0131s\u0131 kurarak, Osmanl\u0131 \u0130mparatorlu\u011fu&#8217;nda s\u0131n\u0131f olu\u015fumu ve toplumsal de\u011fi\u015fim \u00e7al\u0131\u015fmalar\u0131na \u00f6nemli bir katk\u0131 sunuyor.<\/p>\n","protected":false},"excerpt":{"rendered":"<p>40 y\u0131l\u0131 a\u015fk\u0131n bir s\u00fcredir Osmanl\u0131 \u00e7al\u0131\u015fmalar\u0131nda bir t\u00fcr r\u00f6nesans ya\u015f\u0131yoruz. Bu alana y\u00f6n veren sorular ayn\u0131 kalsa da, yeni cevaplar daha yarat\u0131c\u0131, daha kapsaml\u0131 ve<span class=\"excerpt-hellip\"> [\u2026]<\/span><\/p>\n","protected":false},"featured_media":0,"template":"","meta":{"_monsterinsights_skip_tracking":false,"_monsterinsights_sitenote_active":false,"_monsterinsights_sitenote_note":"","_monsterinsights_sitenote_category":0},"product_brand":[],"product_cat":[12304],"product_tag":[],"class_list":{"0":"post-754338","1":"product","2":"type-product","3":"status-publish","5":"product_cat-tarih","6":"pa_cilt-ciltsiz","7":"pa_tur-kitap","8":"pa_yayinevi-fol-kitap","9":"pa_yazar-fatma-muge-gocek","11":"first","12":"instock","13":"sale","14":"shipping-taxable","15":"purchasable","16":"product-type-simple"},"_links":{"self":[{"href":"https:\/\/roveyayinevi.com.tr\/index.php\/wp-json\/wp\/v2\/product\/754338","targetHints":{"allow":["GET"]}}],"collection":[{"href":"https:\/\/roveyayinevi.com.tr\/index.php\/wp-json\/wp\/v2\/product"}],"about":[{"href":"https:\/\/roveyayinevi.com.tr\/index.php\/wp-json\/wp\/v2\/types\/product"}],"wp:attachment":[{"href":"https:\/\/roveyayinevi.com.tr\/index.php\/wp-json\/wp\/v2\/media?parent=754338"}],"wp:term":[{"taxonomy":"product_brand","embeddable":true,"href":"https:\/\/roveyayinevi.com.tr\/index.php\/wp-json\/wp\/v2\/product_brand?post=754338"},{"taxonomy":"product_cat","embeddable":true,"href":"https:\/\/roveyayinevi.com.tr\/index.php\/wp-json\/wp\/v2\/product_cat?post=754338"},{"taxonomy":"product_tag","embeddable":true,"href":"https:\/\/roveyayinevi.com.tr\/index.php\/wp-json\/wp\/v2\/product_tag?post=754338"}],"curies":[{"name":"wp","href":"https:\/\/api.w.org\/{rel}","templated":true}]}}