{"id":754335,"date":"2025-08-28T06:08:02","date_gmt":"2025-08-28T03:08:02","guid":{"rendered":"https:\/\/roveyayinevi.com.tr\/index.php\/urun\/uluslararasi-iliskileri-dinlemek\/"},"modified":"2026-04-16T03:07:47","modified_gmt":"2026-04-16T00:07:47","slug":"uluslararasi-iliskileri-dinlemek","status":"publish","type":"product","link":"https:\/\/roveyayinevi.com.tr\/index.php\/urun\/uluslararasi-iliskileri-dinlemek\/","title":{"rendered":"Uluslararas\u0131 \u0130li\u015fkileri Dinlemek"},"content":{"rendered":"<p>\u201c\u00c7e\u015fitli t\u00fcrleriyle co\u011frafi, sosyok\u00fclt\u00fcrel ve psikolojik s\u0131n\u0131rlar\u0131 a\u015fabilen m\u00fczi\u011fin, uluslararas\u0131 siyasette k\u00fcresel ve yerel akt\u00f6rlerin g\u00fc\u00e7 m\u00fccadelesi ve kimlik aray\u0131\u015f\u0131ndaki yerini inceleyen bu eser, Uluslararas\u0131 \u0130li\u015fkiler ve Siyaset Bilimi alanlar\u0131nda T\u00fcrk\u00e7e literat\u00fcr\u00fcn \u00f6nemli bir a\u00e7\u0131\u011f\u0131n\u0131 kapatm\u0131\u015ft\u0131r. K\u00fclt\u00fcrel diplomasiden pop\u00fclizme, jeopolitikten ter\u00f6rizme, ekonomi politikten k\u00fclt\u00fcr politikalar\u0131na, \u00e7ok \u00e7e\u015fitli alanlarda yetkin ara\u015ft\u0131rmac\u0131lar\u0131 bir araya getirerek m\u00fczi\u011fin hem d\u00fczen bozucu hem de iktidar\u0131 peki\u015ftiren etkilerine detayl\u0131 ve kapsaml\u0131 bir \u015fekilde odaklanmaktad\u0131r. \u00c7e\u015fitli co\u011frafyalardan ve tarihsel d\u00f6nemlerden zengin \u00f6rneklerle m\u00fczi\u011fin sava\u015flar\u0131, \u00e7at\u0131\u015fmalar\u0131, devrim ve halk ayaklanmalar\u0131n\u0131 hem k\u00f6r\u00fckleyebildi\u011fine hem de yat\u0131\u015ft\u0131r\u0131p d\u00f6n\u00fc\u015ft\u00fcrebildi\u011fine dikkat \u00e7ekmektedir. \u00d6zetle, Yukaru\u00e7 ve G\u00fcrseler\u2019in derledi\u011fi \u201cUluslararas\u0131 \u0130li\u015fkileri Dinlemek: M\u00fczik ve Uluslararas\u0131 \u0130li\u015fkiler\u201d okurlara m\u00fczi\u011fin uluslararas\u0131 siyasetteki yerine ili\u015fkin hem uzamsal hem de zamansal boyutlarda ufuk a\u00e7\u0131c\u0131 yolculuklar vadetmektedir\u201d. Prof. Dr. Didem BUHAR\u0130 \u201cElinizdeki kitap protesto hareketlerinden yumu\u015fak g\u00fc\u00e7 kavram\u0131na kadar geni\u015f bir yelpazede siyaset ve m\u00fczik aras\u0131ndaki ili\u015fkiye mercek tutuyor. Bir yandan m\u00fczi\u011fin siyasetini anlamaya \u00e7al\u0131\u015f\u0131rken \u00f6te yandan siyaseti m\u00fczikle okuyor.  Kitap m\u00fczik ve siyaset aras\u0131ndaki kar\u015f\u0131l\u0131kl\u0131 ili\u015fkiyi sosyal bilimlerin hemen b\u00fct\u00fcn alt disiplinlerinin temel kavram setleri ve kuramlar\u0131na ba\u015fvurarak a\u00e7\u0131kl\u0131yor. M\u00fczik festivalleri siyaseti nas\u0131l kurgular? M\u00fczi\u011fin bir jeopolitikas\u0131 var m\u0131d\u0131r? M\u00fczik ve kimlik aras\u0131ndaki ili\u015fki nedir? Bu ve benzeri pek \u00e7ok soruya yan\u0131t arayan bu zengin i\u00e7erikli kitap sadece m\u00fczik ve siyaset aras\u0131ndaki ili\u015fki ile akademik olarak ilgilenenler i\u00e7in de\u011fil ayn\u0131 zamanda \u00e7ok geni\u015f bir okuyucu kitlesi i\u00e7in de son derece keyifli ve ilgi \u00e7ekici bir okuma olacakt\u0131r\u201d.Prof. Dr. Evren BALTA AdagioSenfonik Milliyet\u00e7ilikten Operatif Milliyet\u00e7ili\u011fe:  Beethoven\u2019\u0131n \u0130zindeki Wagner, Debussy ve D\u00fcnya Sava\u015flar\u0131 Mehmet Evren Eken ve Eylem \u00d6zkaya Lassalle \u2022 \u00c7iftli\u011fi Sev. Ard\u0131nda \u00c7\u00f6p\u00fcn\u00fc B\u0131rakma\u201d: Glastonbury M\u00fczik Festivali ve S\u0131n\u0131r \u00d6tesi Sevgi Politikalar\u0131 Cemile Ak\u00e7a Ata\u00e7  \u2022 \u00c7at\u0131\u015fmalar\u0131n D\u00f6n\u00fc\u015f\u00fcm\u00fcnde M\u00fczik: \u0130\u015flevler, Uygulamalar ve S\u0131n\u0131rl\u0131l\u0131klar Bet\u00fcl \u00d6zy\u0131lmaz KirazModeratoG\u00fcney Afrika Cumhuriyeti: \u00d6tekinin \u00d6tekisi Ve Kimlik \u0130n\u015faas\u0131nda Heavy Metal Ceren G\u00fcrseler  \u2022 \u0130yi Ak\u015famlar Avrupa, Jeopolitika Ba\u015flas\u0131n! Poyraz \u00c7ini ve Umut Yukaru\u00e7 \u2022 Eurovision \u015eark\u0131 Yar\u0131\u015fmas\u0131: Vitrinin \u00d6tesinde Kimlik ve Siyasal Didem \u0130\u015f\u00e7i Kuru ve Batuhan Parmaks\u0131z  \u2022 Bir Kimlik Olarak T\u00fcrk\u00e7e S\u00f6zl\u00fc M\u00fczi\u011fin Ekonomi-Politik Evrimi: \u0130\u00e7erisi\/D\u0131\u015far\u0131s\u0131 Hakan \u00d6v\u00fcn\u00e7 Ongur ve Ece Zeynep Ger\u00e7ekAllegroM\u00fczi\u011fin Pop\u00fclist Partiler Taraf\u0131ndan Ara\u00e7salla\u015ft\u0131r\u0131lmas\u0131: Donald Trump&#8217;\u0131n Se\u00e7im Mitinglerinde Pop\u00fcler \u015eark\u0131lar\u0131 \u0130zinsiz Kullanmas\u0131 Emre Metin Bilginer \u2022 M\u00fczikaller; Bir \u201cYumu\u015fak G\u00fc\u00e7\u201d Arac\u0131 Osman Erg\u00fcl \u2022 Yak\u0131n \u00dclkeler, Uzak Kom\u015fular: K\u00fclt\u00fcrel Diyalog ve M\u00fczik Senem B. \u00c7evik \u2022 T\u00fcrk Rock M\u00fczi\u011finde Sava\u015f Kar\u015f\u0131tl\u0131\u011f\u0131: \u201cSilah\u0131n\u0131 Al, Huzurumu Ver Mr. Brown\u201d Mehmet Atilla G\u00fcler ve Yavuz Y\u0131ld\u0131r\u0131mPrestoK\u00fcresel \u0130ktidar Ayg\u0131tlar\u0131na Kar\u015f\u0131 Sosyalist \u00d6fke: Rage Against The Machine\u2019in Siyasal S\u00f6ylemi \u00d6mer Atagen\u00e7 \u2022 M\u00fczi\u011fin Politikle\u015fmesinde Ter\u00f6rizm ve Yeni Kar\u015f\u0131 Hareketler Hakan K\u0131y\u0131c\u0131 \u2022 M\u00fczi\u011fi Etkileyen K\u00fclt\u00fcr Politikalar\u0131n\u0131n Tarihsel Arka Plan\u0131: AB ve T\u00fcrkiye \u00d6rnekleri Tunca Ar\u0131can \u2022 K\u00fclt\u00fcrel Diplomasi, M\u00fczik ve Medya \u0130li\u015fkisi: Kore K\u00fclt\u00fcr Merkezi \u00d6rne\u011fi Alptekin Keskin <\/p>\n","protected":false},"excerpt":{"rendered":"<p>\u201c\u00c7e\u015fitli t\u00fcrleriyle co\u011frafi, sosyok\u00fclt\u00fcrel ve psikolojik s\u0131n\u0131rlar\u0131 a\u015fabilen m\u00fczi\u011fin, uluslararas\u0131 siyasette k\u00fcresel ve yerel akt\u00f6rlerin g\u00fc\u00e7 m\u00fccadelesi ve kimlik aray\u0131\u015f\u0131ndaki yerini inceleyen bu eser, Uluslararas\u0131 \u0130li\u015fkiler<span class=\"excerpt-hellip\"> [\u2026]<\/span><\/p>\n","protected":false},"featured_media":0,"template":"","meta":{"_monsterinsights_skip_tracking":false,"_monsterinsights_sitenote_active":false,"_monsterinsights_sitenote_note":"","_monsterinsights_sitenote_category":0},"product_brand":[],"product_cat":[12337],"product_tag":[],"class_list":{"0":"post-754335","1":"product","2":"type-product","3":"status-publish","5":"product_cat-politika-siyaset","6":"pa_cilt-ciltsiz","7":"pa_tur-kitap","8":"pa_yayinevi-nika-yayinevi","9":"pa_yazar-kolektif","11":"first","12":"instock","13":"sale","14":"shipping-taxable","15":"purchasable","16":"product-type-simple"},"_links":{"self":[{"href":"https:\/\/roveyayinevi.com.tr\/index.php\/wp-json\/wp\/v2\/product\/754335","targetHints":{"allow":["GET"]}}],"collection":[{"href":"https:\/\/roveyayinevi.com.tr\/index.php\/wp-json\/wp\/v2\/product"}],"about":[{"href":"https:\/\/roveyayinevi.com.tr\/index.php\/wp-json\/wp\/v2\/types\/product"}],"wp:attachment":[{"href":"https:\/\/roveyayinevi.com.tr\/index.php\/wp-json\/wp\/v2\/media?parent=754335"}],"wp:term":[{"taxonomy":"product_brand","embeddable":true,"href":"https:\/\/roveyayinevi.com.tr\/index.php\/wp-json\/wp\/v2\/product_brand?post=754335"},{"taxonomy":"product_cat","embeddable":true,"href":"https:\/\/roveyayinevi.com.tr\/index.php\/wp-json\/wp\/v2\/product_cat?post=754335"},{"taxonomy":"product_tag","embeddable":true,"href":"https:\/\/roveyayinevi.com.tr\/index.php\/wp-json\/wp\/v2\/product_tag?post=754335"}],"curies":[{"name":"wp","href":"https:\/\/api.w.org\/{rel}","templated":true}]}}