{"id":754334,"date":"2025-08-28T06:08:01","date_gmt":"2025-08-28T03:08:01","guid":{"rendered":"https:\/\/roveyayinevi.com.tr\/index.php\/urun\/bizi-ayiran-ucurum\/"},"modified":"2026-04-16T03:07:47","modified_gmt":"2026-04-16T00:07:47","slug":"bizi-ayiran-ucurum","status":"publish","type":"product","link":"https:\/\/roveyayinevi.com.tr\/index.php\/urun\/bizi-ayiran-ucurum\/","title":{"rendered":"Bizi Ay\u0131ran U\u00e7urum"},"content":{"rendered":"<p>Kalk\u0131nma s\u00fcrecinde i\u015flerin yolunda gitti\u011fi, d\u00fcnyan\u0131n G\u00fcney\u2019inin Kuzey\u2019ini neredeyse yakalad\u0131\u011f\u0131, yoksullu\u011fun son 30 y\u0131lda yar\u0131 yar\u0131ya azald\u0131\u011f\u0131, 2030\u2019a gelindi\u011finde yery\u00fcz\u00fcnden b\u00fct\u00fcn b\u00fct\u00fcn silinece\u011fi s\u00f6yleniyor. Oysa d\u00fcnyan\u0131n en g\u00fc\u00e7l\u00fc devlet ve \u015firketlerinin deste\u011fiyle anlat\u0131lan bir masal bu.   1960\u2019dan bu yana Kuzey ile G\u00fcney aras\u0131ndaki gelir fark\u0131 neredeyse \u00fc\u00e7 kat\u0131na \u00e7\u0131kt\u0131. G\u00fcn\u00fcm\u00fczde 4,3 milyar insan, yani d\u00fcnya n\u00fcfusunun yar\u0131s\u0131ndan fazlas\u0131, g\u00fcnde 5 dolar\u0131n alt\u0131nda bir kazan\u00e7la ya\u015famak zorunda. \u00d6te yandaysa d\u00fcnyan\u0131n en zengin 8 insan\u0131 insanl\u0131\u011f\u0131n yar\u0131s\u0131n\u0131n toplam gelirine denk bir serveti y\u00f6netiyor.   Peki bu u\u00e7urumu yaratan ne? 15. y\u00fczy\u0131ldan bu yana Bat\u0131\u2019n\u0131n d\u00fcnyan\u0131n kalan\u0131n\u0131 s\u00f6m\u00fcrm\u00fc\u015f olmas\u0131n\u0131n yol a\u00e7t\u0131\u011f\u0131 tahribat bir yana, yoksul \u00fclkeler bug\u00fcn de k\u00fcresel ekonomik sisteme e\u015fit ko\u015fullarda kat\u0131lm\u0131yor. D\u00fcnya Bankas\u0131 ve IMF gibi uluslararas\u0131 kurulu\u015flar eliyle G\u00fcney \u00fclkelerine dayat\u0131lan yap\u0131sal reformlar ekonomilerine kas\u0131tl\u0131 olarak zarar veriyor, D\u00fcnya Ticaret \u00d6rg\u00fct\u00fc\u2019n\u00fcn getirdi\u011fi kurallar da e\u015fitsiz m\u00fcbadeleyi k\u00f6r\u00fckl\u00fcyor. Dahas\u0131, Kuzey\u2019in s\u00f6m\u00fcr\u00fcs\u00fcn\u00fcn yaratt\u0131\u011f\u0131 yoksullu\u011fa art\u0131k k\u00fcresel iklim krizinin olumsuz sonu\u00e7lar\u0131 ekleniyor.    Bizi Ay\u0131ran U\u00e7urum, sorunlar\u0131 ge\u00e7mi\u015fi ve bug\u00fcn\u00fcyle berrak bir \u015fekilde ortaya koyan bir kitap. K\u00fcresel ekonomi i\u00e7inde yoksullu\u011fa getirilecek ekonomik \u00e7\u00f6z\u00fcmler ile iklim felaketine getirilecek ekolojik \u00e7\u00f6z\u00fcmleri birlikte d\u00fc\u015f\u00fcn\u00fcyor. Jason Hickel\u2019\u0131n T\u00fcrk\u00e7e bas\u0131ma \u00f6zel \u00f6ns\u00f6z ve sons\u00f6z\u00fcyle. <\/p>\n","protected":false},"excerpt":{"rendered":"<p>Kalk\u0131nma s\u00fcrecinde i\u015flerin yolunda gitti\u011fi, d\u00fcnyan\u0131n G\u00fcney\u2019inin Kuzey\u2019ini neredeyse yakalad\u0131\u011f\u0131, yoksullu\u011fun son 30 y\u0131lda yar\u0131 yar\u0131ya azald\u0131\u011f\u0131, 2030\u2019a gelindi\u011finde yery\u00fcz\u00fcnden b\u00fct\u00fcn b\u00fct\u00fcn silinece\u011fi s\u00f6yleniyor. Oysa d\u00fcnyan\u0131n<span class=\"excerpt-hellip\"> [\u2026]<\/span><\/p>\n","protected":false},"featured_media":0,"template":"","meta":{"_monsterinsights_skip_tracking":false,"_monsterinsights_sitenote_active":false,"_monsterinsights_sitenote_note":"","_monsterinsights_sitenote_category":0},"product_brand":[],"product_cat":[12337],"product_tag":[],"class_list":{"0":"post-754334","1":"product","2":"type-product","3":"status-publish","5":"product_cat-politika-siyaset","6":"pa_cilt-ciltsiz","7":"pa_tur-kitap","8":"pa_yayinevi-metis-yayinlari","9":"pa_yazar-jason-hickel","11":"first","12":"instock","13":"sale","14":"shipping-taxable","15":"purchasable","16":"product-type-simple"},"_links":{"self":[{"href":"https:\/\/roveyayinevi.com.tr\/index.php\/wp-json\/wp\/v2\/product\/754334","targetHints":{"allow":["GET"]}}],"collection":[{"href":"https:\/\/roveyayinevi.com.tr\/index.php\/wp-json\/wp\/v2\/product"}],"about":[{"href":"https:\/\/roveyayinevi.com.tr\/index.php\/wp-json\/wp\/v2\/types\/product"}],"wp:attachment":[{"href":"https:\/\/roveyayinevi.com.tr\/index.php\/wp-json\/wp\/v2\/media?parent=754334"}],"wp:term":[{"taxonomy":"product_brand","embeddable":true,"href":"https:\/\/roveyayinevi.com.tr\/index.php\/wp-json\/wp\/v2\/product_brand?post=754334"},{"taxonomy":"product_cat","embeddable":true,"href":"https:\/\/roveyayinevi.com.tr\/index.php\/wp-json\/wp\/v2\/product_cat?post=754334"},{"taxonomy":"product_tag","embeddable":true,"href":"https:\/\/roveyayinevi.com.tr\/index.php\/wp-json\/wp\/v2\/product_tag?post=754334"}],"curies":[{"name":"wp","href":"https:\/\/api.w.org\/{rel}","templated":true}]}}