{"id":754333,"date":"2025-08-28T06:08:00","date_gmt":"2025-08-28T03:08:00","guid":{"rendered":"https:\/\/roveyayinevi.com.tr\/index.php\/urun\/mimarlikta-teknik-resim\/"},"modified":"2026-04-16T03:07:47","modified_gmt":"2026-04-16T00:07:47","slug":"mimarlikta-teknik-resim","status":"publish","type":"product","link":"https:\/\/roveyayinevi.com.tr\/index.php\/urun\/mimarlikta-teknik-resim\/","title":{"rendered":"Mimarl\u0131kta Teknik Resim"},"content":{"rendered":"<p>T\u00fcm mimarlar ve \u00f6\u011frenciler i\u00e7in temel bir ba\u015fvuru kitab\u0131&#8230; Prof. Dr. Tahsin Canbulat\u2019\u0131n \u00f6zenle haz\u0131rlad\u0131\u011f\u0131 bu kitap, mimarl\u0131k \u00f6\u011frencilerinin \u00f6\u011frenimleri boyunca ve profesyonel hayatta kullanabilecekleri t\u00fcm teknik resim bilgilerini kaps\u0131yor. Mimarl\u0131k mesle\u011finde kullan\u0131lan temel \u00e7izim kurallar\u0131n\u0131n yan\u0131 s\u0131ra, \u00e7izim s\u0131ras\u0131nda yararl\u0131 olabilecek temel geometri bilgisi ve perspektif \u00e7izim y\u00f6ntemleri de bu kapsaml\u0131 \u00e7al\u0131\u015fmada yer al\u0131yor. <\/p>\n","protected":false},"excerpt":{"rendered":"<p>T\u00fcm mimarlar ve \u00f6\u011frenciler i\u00e7in temel bir ba\u015fvuru kitab\u0131&#8230; Prof. Dr. Tahsin Canbulat\u2019\u0131n \u00f6zenle haz\u0131rlad\u0131\u011f\u0131 bu kitap, mimarl\u0131k \u00f6\u011frencilerinin \u00f6\u011frenimleri boyunca ve profesyonel hayatta kullanabilecekleri t\u00fcm<span class=\"excerpt-hellip\"> [\u2026]<\/span><\/p>\n","protected":false},"featured_media":0,"template":"","meta":{"_monsterinsights_skip_tracking":false,"_monsterinsights_sitenote_active":false,"_monsterinsights_sitenote_note":"","_monsterinsights_sitenote_category":0},"product_brand":[],"product_cat":[13512,12408],"product_tag":[],"class_list":{"0":"post-754333","1":"product","2":"type-product","3":"status-publish","5":"product_cat-mimarlik","6":"product_cat-sanat","7":"pa_cilt-ciltsiz","8":"pa_tur-kitap","9":"pa_yayinevi-remzi-kitabevi","10":"pa_yazar-tahsin-canbulat","12":"first","13":"instock","14":"sale","15":"shipping-taxable","16":"purchasable","17":"product-type-simple"},"_links":{"self":[{"href":"https:\/\/roveyayinevi.com.tr\/index.php\/wp-json\/wp\/v2\/product\/754333","targetHints":{"allow":["GET"]}}],"collection":[{"href":"https:\/\/roveyayinevi.com.tr\/index.php\/wp-json\/wp\/v2\/product"}],"about":[{"href":"https:\/\/roveyayinevi.com.tr\/index.php\/wp-json\/wp\/v2\/types\/product"}],"wp:attachment":[{"href":"https:\/\/roveyayinevi.com.tr\/index.php\/wp-json\/wp\/v2\/media?parent=754333"}],"wp:term":[{"taxonomy":"product_brand","embeddable":true,"href":"https:\/\/roveyayinevi.com.tr\/index.php\/wp-json\/wp\/v2\/product_brand?post=754333"},{"taxonomy":"product_cat","embeddable":true,"href":"https:\/\/roveyayinevi.com.tr\/index.php\/wp-json\/wp\/v2\/product_cat?post=754333"},{"taxonomy":"product_tag","embeddable":true,"href":"https:\/\/roveyayinevi.com.tr\/index.php\/wp-json\/wp\/v2\/product_tag?post=754333"}],"curies":[{"name":"wp","href":"https:\/\/api.w.org\/{rel}","templated":true}]}}