{"id":754330,"date":"2025-08-28T06:07:55","date_gmt":"2025-08-28T03:07:55","guid":{"rendered":"https:\/\/roveyayinevi.com.tr\/index.php\/urun\/suryani-koyleri\/"},"modified":"2026-04-16T03:07:47","modified_gmt":"2026-04-16T00:07:47","slug":"suryani-koyleri","status":"publish","type":"product","link":"https:\/\/roveyayinevi.com.tr\/index.php\/urun\/suryani-koyleri\/","title":{"rendered":"S\u00fcryani K\u00f6yleri"},"content":{"rendered":"<p>S\u00fcryani k\u00f6yleri\u2026 Tarihin sessiz tan\u0131klar\u0131\u2026   G\u00fcneydo\u011fu Anadolu\u2019da, Dicle\u2019yle Suriye s\u0131n\u0131r\u0131 aras\u0131nda kalan y\u00fcksek kalker platosu, ini\u015fli \u00e7\u0131k\u0131\u015fl\u0131 tepeleri ve vadileriyle g\u00fcn\u00fcm\u00fczde bile, h\u00e2l\u00e2, her yere ve herkese olduk\u00e7a uzak.   S\u00fcryaniler say\u0131ca \u00e7ok azalm\u0131\u015f olsalar da, eskilerde ula\u015f\u0131m\u0131 g\u00fc\u00e7, d\u0131\u015f d\u00fcnyayla \u00e7o\u011funlukla ba\u011flant\u0131s\u0131 kesik, da\u011fl\u0131k Turabdin\u2019de salt buraya \u00f6zg\u00fc, buradan ba\u015fka hi\u00e7bir yerde ye\u015fermesi m\u00fcmk\u00fcn olmayan k\u00fclt\u00fcrlerini -\u00f6zellikle de  UNSECO\u2019nun \u2018risk alt\u0131ndaki diller\u2019 aras\u0131nda g\u00f6sterdi\u011fi, S\u00fcryanice\u2019nin halk dili versiyonu olan  Surayt \/ Turoyo\u2019yu-  korumay\u0131 ba\u015far\u0131yorlar.   B\u00f6lgeyi tam anlam\u0131yla tan\u0131mak ve anlamak i\u00e7in \u00f6ncelikle S\u00fcryani k\u00fclt\u00fcr\u00fc detayl\u0131ca incelenmelidir. Mardin ve y\u00f6resini gezmi\u015f olanlar\u0131n b\u00f6lgenin kadim k\u00fclt\u00fcr\u00fcn\u00fc ger\u00e7ek anlamda hissedebilmesi i\u00e7in \u00e7o\u011fu kimsenin bilmedi\u011fi, tan\u0131mad\u0131\u011f\u0131 bu d\u00fcnyaya ad\u0131m atmalar\u0131 gerekir.    E\u015fi benzeri zor bulunur bir \u00e7e\u015fitlili\u011fi yans\u0131tan bu co\u011frafyay\u0131, evrensel bir mirasa sahip olman\u0131n getirdi\u011fi sorumlulukla ele almal\u0131 ve bu k\u00fclt\u00fcr mozai\u011finin bizden sonraki nesillere aktar\u0131m\u0131na olanak sa\u011flamal\u0131y\u0131z. <\/p>\n","protected":false},"excerpt":{"rendered":"<p>S\u00fcryani k\u00f6yleri\u2026 Tarihin sessiz tan\u0131klar\u0131\u2026 G\u00fcneydo\u011fu Anadolu\u2019da, Dicle\u2019yle Suriye s\u0131n\u0131r\u0131 aras\u0131nda kalan y\u00fcksek kalker platosu, ini\u015fli \u00e7\u0131k\u0131\u015fl\u0131 tepeleri ve vadileriyle g\u00fcn\u00fcm\u00fczde bile, h\u00e2l\u00e2, her yere ve<span class=\"excerpt-hellip\"> [\u2026]<\/span><\/p>\n","protected":false},"featured_media":0,"template":"","meta":{"_monsterinsights_skip_tracking":false,"_monsterinsights_sitenote_active":false,"_monsterinsights_sitenote_note":"","_monsterinsights_sitenote_category":0},"product_brand":[],"product_cat":[13055,13054],"product_tag":[],"class_list":{"0":"post-754330","1":"product","2":"type-product","3":"status-publish","5":"product_cat-gezi-rehberi","6":"product_cat-gezi-ve-rehber-kitaplari","7":"pa_cilt-ciltsiz","8":"pa_tur-kitap","9":"pa_yayinevi-e-yayinlari","10":"pa_yazar-nukhet-everi","12":"first","13":"instock","14":"sale","15":"shipping-taxable","16":"purchasable","17":"product-type-simple"},"_links":{"self":[{"href":"https:\/\/roveyayinevi.com.tr\/index.php\/wp-json\/wp\/v2\/product\/754330","targetHints":{"allow":["GET"]}}],"collection":[{"href":"https:\/\/roveyayinevi.com.tr\/index.php\/wp-json\/wp\/v2\/product"}],"about":[{"href":"https:\/\/roveyayinevi.com.tr\/index.php\/wp-json\/wp\/v2\/types\/product"}],"wp:attachment":[{"href":"https:\/\/roveyayinevi.com.tr\/index.php\/wp-json\/wp\/v2\/media?parent=754330"}],"wp:term":[{"taxonomy":"product_brand","embeddable":true,"href":"https:\/\/roveyayinevi.com.tr\/index.php\/wp-json\/wp\/v2\/product_brand?post=754330"},{"taxonomy":"product_cat","embeddable":true,"href":"https:\/\/roveyayinevi.com.tr\/index.php\/wp-json\/wp\/v2\/product_cat?post=754330"},{"taxonomy":"product_tag","embeddable":true,"href":"https:\/\/roveyayinevi.com.tr\/index.php\/wp-json\/wp\/v2\/product_tag?post=754330"}],"curies":[{"name":"wp","href":"https:\/\/api.w.org\/{rel}","templated":true}]}}