{"id":754328,"date":"2025-08-28T06:07:52","date_gmt":"2025-08-28T03:07:52","guid":{"rendered":"https:\/\/roveyayinevi.com.tr\/index.php\/urun\/cetin-ceviz-ve-gizemli-misafirler\/"},"modified":"2026-04-16T03:07:47","modified_gmt":"2026-04-16T00:07:47","slug":"cetin-ceviz-ve-gizemli-misafirler","status":"publish","type":"product","link":"https:\/\/roveyayinevi.com.tr\/index.php\/urun\/cetin-ceviz-ve-gizemli-misafirler\/","title":{"rendered":"\u00c7etin Ceviz ve Gizemli Misafirler"},"content":{"rendered":"<p>\u201c\u015eimdi bizi b\u00fcy\u00fck bir tehlike bekliyor \u00e7ocuklar. Misafirlerimizin dost mu d\u00fc\u015fman m\u0131 oldu\u011funu bilmiyoruz. Sahip olduklar\u0131 teknolojiyi bilmiyoruz. Benim i\u00e7in en \u00f6nemlisi ise radyasyon sorunu. Uzaydaki radyasyon seviyesi d\u00fcnyam\u0131zdaki radyasyondan onlarca kat fazla. \u00d6zel k\u0131yafetlerimiz olmadan onlara yakla\u015fmam\u0131z sonumuz olabilir.&#8221; Sinan Ya\u015far&#8217;\u0131n \u00c7etin Ceviz be\u015flemesinin bu kitab\u0131 \u00c7etin Ceviz ve Gizemli Misafirler &#8211; S\u0131ra D\u0131\u015f\u0131 Bir Son&#8217;da \u00f6z ele\u015ftiri yapman\u0131n \u00f6nemini, yard\u0131mla\u015fman\u0131n g\u00fczelli\u011fini ve bilimin \u0131\u015f\u0131k tuttu\u011fu bir\u00e7ok ger\u00e7e\u011fi okuyacaks\u0131n\u0131z. <\/p>\n","protected":false},"excerpt":{"rendered":"<p>\u201c\u015eimdi bizi b\u00fcy\u00fck bir tehlike bekliyor \u00e7ocuklar. Misafirlerimizin dost mu d\u00fc\u015fman m\u0131 oldu\u011funu bilmiyoruz. Sahip olduklar\u0131 teknolojiyi bilmiyoruz. Benim i\u00e7in en \u00f6nemlisi ise radyasyon sorunu. Uzaydaki<span class=\"excerpt-hellip\"> [\u2026]<\/span><\/p>\n","protected":false},"featured_media":0,"template":"","meta":{"_monsterinsights_skip_tracking":false,"_monsterinsights_sitenote_active":false,"_monsterinsights_sitenote_note":"","_monsterinsights_sitenote_category":0},"product_brand":[],"product_cat":[12274],"product_tag":[],"class_list":{"0":"post-754328","1":"product","2":"type-product","3":"status-publish","5":"product_cat-cocuk-ve-genclik-kitaplari","6":"pa_cilt-ciltsiz","7":"pa_tur-kitap","8":"pa_yayinevi-fom-kitap","9":"pa_yazar-sinan-yasar","11":"first","12":"instock","13":"sale","14":"shipping-taxable","15":"purchasable","16":"product-type-simple"},"_links":{"self":[{"href":"https:\/\/roveyayinevi.com.tr\/index.php\/wp-json\/wp\/v2\/product\/754328","targetHints":{"allow":["GET"]}}],"collection":[{"href":"https:\/\/roveyayinevi.com.tr\/index.php\/wp-json\/wp\/v2\/product"}],"about":[{"href":"https:\/\/roveyayinevi.com.tr\/index.php\/wp-json\/wp\/v2\/types\/product"}],"wp:attachment":[{"href":"https:\/\/roveyayinevi.com.tr\/index.php\/wp-json\/wp\/v2\/media?parent=754328"}],"wp:term":[{"taxonomy":"product_brand","embeddable":true,"href":"https:\/\/roveyayinevi.com.tr\/index.php\/wp-json\/wp\/v2\/product_brand?post=754328"},{"taxonomy":"product_cat","embeddable":true,"href":"https:\/\/roveyayinevi.com.tr\/index.php\/wp-json\/wp\/v2\/product_cat?post=754328"},{"taxonomy":"product_tag","embeddable":true,"href":"https:\/\/roveyayinevi.com.tr\/index.php\/wp-json\/wp\/v2\/product_tag?post=754328"}],"curies":[{"name":"wp","href":"https:\/\/api.w.org\/{rel}","templated":true}]}}