{"id":754326,"date":"2025-08-28T06:07:50","date_gmt":"2025-08-28T03:07:50","guid":{"rendered":"https:\/\/roveyayinevi.com.tr\/index.php\/urun\/gaslight\/"},"modified":"2025-11-21T09:38:48","modified_gmt":"2025-11-21T06:38:48","slug":"gaslight","status":"publish","type":"product","link":"https:\/\/roveyayinevi.com.tr\/index.php\/urun\/gaslight\/","title":{"rendered":"Gaslight"},"content":{"rendered":"<p>\u0130nsan zihninde ger\u00e7e\u011fin yerine ger\u00e7ek olmayan\u0131 koymaya, yanl\u0131\u015f\u0131 do\u011fruymu\u015f gibi inand\u0131rmaya deniyor, gaslight&#8230; Hi\u00e7 ya\u015fanmam\u0131\u015f olaylar\u0131 ya\u015fanm\u0131\u015f gibi g\u00f6sterip, somut olarak ya\u015fanm\u0131\u015f olaylar\u0131 hi\u00e7 ya\u015fanmam\u0131\u015f gibi kabul ettirmeye deniyor. Cumhuriyetimizin y\u00fcz\u00fcnc\u00fc y\u0131l\u0131nda, hepimizin g\u00f6z\u00fcn\u00fcn i\u00e7ine baka baka, usul usul, sinsi sinsi, ad\u0131m ad\u0131m, bamba\u015fka bir cumhuriyeti i\u015fte bu alg\u0131 y\u00f6ntemiyle monte ettiler. Ba\u015fl\u0131\u011f\u0131 niye \u0130ngilizce yazd\u0131n diye merak edebilirsiniz. \u00c7\u00fcnk\u00fc, bu kavram\u0131n T\u00fcrk\u00e7e kar\u015f\u0131l\u0131\u011f\u0131 yok. Ama asl\u0131nda, bizatihi T\u00fcrkiye\u2019nin \u00f6zeti! <\/p>\n","protected":false},"excerpt":{"rendered":"<p>\u0130nsan zihninde ger\u00e7e\u011fin yerine ger\u00e7ek olmayan\u0131 koymaya, yanl\u0131\u015f\u0131 do\u011fruymu\u015f gibi inand\u0131rmaya deniyor, gaslight&#8230; Hi\u00e7 ya\u015fanmam\u0131\u015f olaylar\u0131 ya\u015fanm\u0131\u015f gibi g\u00f6sterip, somut olarak ya\u015fanm\u0131\u015f olaylar\u0131 hi\u00e7 ya\u015fanmam\u0131\u015f gibi<span class=\"excerpt-hellip\"> [\u2026]<\/span><\/p>\n","protected":false},"featured_media":0,"template":"","meta":{"_monsterinsights_skip_tracking":false,"_monsterinsights_sitenote_active":false,"_monsterinsights_sitenote_note":"","_monsterinsights_sitenote_category":0},"product_brand":[],"product_cat":[12337],"product_tag":[],"class_list":{"0":"post-754326","1":"product","2":"type-product","3":"status-publish","5":"product_cat-politika-siyaset","6":"pa_cilt-ciltsiz","7":"pa_tur-kitap","8":"pa_yayinevi-sia-kitap","9":"pa_yazar-yilmaz-ozdil","11":"first","12":"instock","13":"sale","14":"shipping-taxable","15":"purchasable","16":"product-type-simple"},"_links":{"self":[{"href":"https:\/\/roveyayinevi.com.tr\/index.php\/wp-json\/wp\/v2\/product\/754326","targetHints":{"allow":["GET"]}}],"collection":[{"href":"https:\/\/roveyayinevi.com.tr\/index.php\/wp-json\/wp\/v2\/product"}],"about":[{"href":"https:\/\/roveyayinevi.com.tr\/index.php\/wp-json\/wp\/v2\/types\/product"}],"wp:attachment":[{"href":"https:\/\/roveyayinevi.com.tr\/index.php\/wp-json\/wp\/v2\/media?parent=754326"}],"wp:term":[{"taxonomy":"product_brand","embeddable":true,"href":"https:\/\/roveyayinevi.com.tr\/index.php\/wp-json\/wp\/v2\/product_brand?post=754326"},{"taxonomy":"product_cat","embeddable":true,"href":"https:\/\/roveyayinevi.com.tr\/index.php\/wp-json\/wp\/v2\/product_cat?post=754326"},{"taxonomy":"product_tag","embeddable":true,"href":"https:\/\/roveyayinevi.com.tr\/index.php\/wp-json\/wp\/v2\/product_tag?post=754326"}],"curies":[{"name":"wp","href":"https:\/\/api.w.org\/{rel}","templated":true}]}}