{"id":754325,"date":"2025-08-28T06:07:49","date_gmt":"2025-08-28T03:07:49","guid":{"rendered":"https:\/\/roveyayinevi.com.tr\/index.php\/urun\/zaman-ve-asimi\/"},"modified":"2026-01-29T03:42:44","modified_gmt":"2026-01-29T00:42:44","slug":"zaman-ve-asimi","status":"publish","type":"product","link":"https:\/\/roveyayinevi.com.tr\/index.php\/urun\/zaman-ve-asimi\/","title":{"rendered":"Zaman ve A\u015f\u0131m\u0131"},"content":{"rendered":"<p>T\u00fcrkiye\u2019nin yak\u0131n tarihi, kendini s\u00fcrekli tekrar eden, adaletle sonu\u00e7lanamayan cezas\u0131zl\u0131k hik\u00e2yeleri ile dolu. Cumhuriyet\u2019in 100 y\u0131l\u0131n\u0131 niteleyen en \u00f6nemli \u00f6zelliklerden biri, unutulmayaca\u011f\u0131na s\u00f6z verilen, ama hi\u00e7bir zaman ger\u00e7ek anlamda hat\u0131rlanamayan, yarg\u0131lanamayan a\u011f\u0131r insan haklar\u0131 ihlallerinin varl\u0131\u011f\u0131. A\u011f\u0131r insan haklar\u0131 ihlallerine ili\u015fkin bu s\u00fcre\u011fen cezas\u0131zl\u0131\u011f\u0131n arkas\u0131nda siyasi bir iradenin oldu\u011fu \u015f\u00fcphesiz. Bu kararl\u0131 cezas\u0131zl\u0131k politikas\u0131n\u0131 m\u00fcmk\u00fcn k\u0131lan ara\u00e7 ise hukuk. Kerem Alt\u0131parmak taraf\u0131ndan kaleme al\u0131nan bu kitap, bu cezas\u0131zl\u0131k politikas\u0131n\u0131n en \u00f6nemli ara\u00e7lar\u0131ndan biri olan zamana\u015f\u0131m\u0131 kavram\u0131n\u0131n z\u0131rh\u0131n\u0131 kald\u0131rmay\u0131 ve bu kavram\u0131 alternatif bir hukuk okumas\u0131yla tart\u0131\u015fmay\u0131 ama\u00e7l\u0131yor. Yazar, hakikatin \u00f6n\u00fcndeki en \u00f6nemli engellerden biri olan zamana\u015f\u0131m\u0131 kavram\u0131n\u0131, uluslararas\u0131 insan haklar\u0131 hukukundaki geli\u015fmeler ve farkl\u0131 ulusal ve uluslararas\u0131 yarg\u0131 kararlar\u0131n\u0131n konusu olan vakalar \u0131\u015f\u0131\u011f\u0131nda kar\u015f\u0131la\u015ft\u0131rmal\u0131 bir \u015fekilde inceleyerek, bu engelin nas\u0131l kald\u0131r\u0131labilece\u011fini tart\u0131\u015f\u0131yor. Kitap, a\u011f\u0131r insan haklar\u0131 ihlallerinin ma\u011fdurlar\u0131n\u0131n adalet talebinin, faillerin hukuki g\u00fcvenlik iddialar\u0131 ile \u00e7at\u0131\u015fmas\u0131n\u0131n nas\u0131l \u00e7\u00f6z\u00fcmlenebilece\u011fine ili\u015fkin yeni \u00f6neriler sunuyor&#8230;. <\/p>\n","protected":false},"excerpt":{"rendered":"<p>T\u00fcrkiye\u2019nin yak\u0131n tarihi, kendini s\u00fcrekli tekrar eden, adaletle sonu\u00e7lanamayan cezas\u0131zl\u0131k hik\u00e2yeleri ile dolu. Cumhuriyet\u2019in 100 y\u0131l\u0131n\u0131 niteleyen en \u00f6nemli \u00f6zelliklerden biri, unutulmayaca\u011f\u0131na s\u00f6z verilen, ama hi\u00e7bir<span class=\"excerpt-hellip\"> [\u2026]<\/span><\/p>\n","protected":false},"featured_media":0,"template":"","meta":{"_monsterinsights_skip_tracking":false,"_monsterinsights_sitenote_active":false,"_monsterinsights_sitenote_note":"","_monsterinsights_sitenote_category":0},"product_brand":[],"product_cat":[15350],"product_tag":[],"class_list":{"0":"post-754325","1":"product","2":"type-product","3":"status-publish","5":"product_cat-hukuk","6":"pa_cilt-ciltsiz","7":"pa_tur-kitap","8":"pa_yayinevi-utopya-yayinevi","9":"pa_yazar-kerem-altiparmak","11":"first","12":"instock","13":"sale","14":"shipping-taxable","15":"purchasable","16":"product-type-simple"},"_links":{"self":[{"href":"https:\/\/roveyayinevi.com.tr\/index.php\/wp-json\/wp\/v2\/product\/754325","targetHints":{"allow":["GET"]}}],"collection":[{"href":"https:\/\/roveyayinevi.com.tr\/index.php\/wp-json\/wp\/v2\/product"}],"about":[{"href":"https:\/\/roveyayinevi.com.tr\/index.php\/wp-json\/wp\/v2\/types\/product"}],"wp:attachment":[{"href":"https:\/\/roveyayinevi.com.tr\/index.php\/wp-json\/wp\/v2\/media?parent=754325"}],"wp:term":[{"taxonomy":"product_brand","embeddable":true,"href":"https:\/\/roveyayinevi.com.tr\/index.php\/wp-json\/wp\/v2\/product_brand?post=754325"},{"taxonomy":"product_cat","embeddable":true,"href":"https:\/\/roveyayinevi.com.tr\/index.php\/wp-json\/wp\/v2\/product_cat?post=754325"},{"taxonomy":"product_tag","embeddable":true,"href":"https:\/\/roveyayinevi.com.tr\/index.php\/wp-json\/wp\/v2\/product_tag?post=754325"}],"curies":[{"name":"wp","href":"https:\/\/api.w.org\/{rel}","templated":true}]}}