{"id":754324,"date":"2025-08-28T06:07:48","date_gmt":"2025-08-28T03:07:48","guid":{"rendered":"https:\/\/roveyayinevi.com.tr\/index.php\/urun\/bosluklarin-insani\/"},"modified":"2026-04-16T03:07:47","modified_gmt":"2026-04-16T00:07:47","slug":"bosluklarin-insani","status":"publish","type":"product","link":"https:\/\/roveyayinevi.com.tr\/index.php\/urun\/bosluklarin-insani\/","title":{"rendered":"Bo\u015fluklar\u0131n \u0130nsan\u0131"},"content":{"rendered":"<p>\u201cYa\u015fayanlar\u0131n Krall\u0131\u011f\u0131nda \u0130nsan\u0131n Kurtulu\u015fu\u201d \u0130bn Haldun\u2019un s\u00f6yledi\u011fi nakledilir ya \u201cco\u011frafya kaderdir\u201d diye.  Ya\u015fad\u0131\u011f\u0131m\u0131z zamanda bu s\u00f6z bask\u0131nl\u0131\u011f\u0131n\u0131 iyiden iyiye yitirmi\u015ftir.  \u00c7\u00fcnk\u00fc art\u0131k insanlar i\u00e7inde ya\u015fad\u0131klar\u0131 co\u011frafyan\u0131n kaderi olma potansiyelindedir.  Her \u015feyin \u00f6l\u00e7\u00fct\u00fc insan gibi g\u00f6r\u00fcn\u00fcyor. \u00d6yle ki binlerce y\u0131ld\u0131r bir kas\u0131rga ya Tanr\u0131\u2019n\u0131n \u00f6fkesine ya da \u015feytanlar\u0131n k\u0131skan\u00e7l\u0131\u011f\u0131na delalet diye d\u00fc\u015f\u00fcn\u00fcld\u00fc. Oysa ger\u00e7ek olan \u015fey bo\u015fluklar\u0131n insanlar\u0131n\u0131n zihniydi&#8230; O bo\u015fluklar art\u0131k daha da derinlerde! Peki her \u015feyle ve \u00f6zellikle kendimizle nas\u0131l ba\u015fa \u00e7\u0131kar\u0131z? Kitapta\u2026<\/p>\n","protected":false},"excerpt":{"rendered":"<p>\u201cYa\u015fayanlar\u0131n Krall\u0131\u011f\u0131nda \u0130nsan\u0131n Kurtulu\u015fu\u201d \u0130bn Haldun\u2019un s\u00f6yledi\u011fi nakledilir ya \u201cco\u011frafya kaderdir\u201d diye. Ya\u015fad\u0131\u011f\u0131m\u0131z zamanda bu s\u00f6z bask\u0131nl\u0131\u011f\u0131n\u0131 iyiden iyiye yitirmi\u015ftir. \u00c7\u00fcnk\u00fc art\u0131k insanlar i\u00e7inde ya\u015fad\u0131klar\u0131 co\u011frafyan\u0131n<span class=\"excerpt-hellip\"> [\u2026]<\/span><\/p>\n","protected":false},"featured_media":0,"template":"","meta":{"_monsterinsights_skip_tracking":false,"_monsterinsights_sitenote_active":false,"_monsterinsights_sitenote_note":"","_monsterinsights_sitenote_category":0},"product_brand":[],"product_cat":[13005,13006],"product_tag":[],"class_list":{"0":"post-754324","1":"product","2":"type-product","3":"status-publish","5":"product_cat-bilim-muhendislik","6":"product_cat-populer-bilim","7":"pa_cilt-ciltsiz","8":"pa_tur-kitap","9":"pa_yayinevi-tuti-kitap","10":"pa_yazar-sinan-canan-ugur-bati","12":"first","13":"instock","14":"sale","15":"shipping-taxable","16":"purchasable","17":"product-type-simple"},"_links":{"self":[{"href":"https:\/\/roveyayinevi.com.tr\/index.php\/wp-json\/wp\/v2\/product\/754324","targetHints":{"allow":["GET"]}}],"collection":[{"href":"https:\/\/roveyayinevi.com.tr\/index.php\/wp-json\/wp\/v2\/product"}],"about":[{"href":"https:\/\/roveyayinevi.com.tr\/index.php\/wp-json\/wp\/v2\/types\/product"}],"wp:attachment":[{"href":"https:\/\/roveyayinevi.com.tr\/index.php\/wp-json\/wp\/v2\/media?parent=754324"}],"wp:term":[{"taxonomy":"product_brand","embeddable":true,"href":"https:\/\/roveyayinevi.com.tr\/index.php\/wp-json\/wp\/v2\/product_brand?post=754324"},{"taxonomy":"product_cat","embeddable":true,"href":"https:\/\/roveyayinevi.com.tr\/index.php\/wp-json\/wp\/v2\/product_cat?post=754324"},{"taxonomy":"product_tag","embeddable":true,"href":"https:\/\/roveyayinevi.com.tr\/index.php\/wp-json\/wp\/v2\/product_tag?post=754324"}],"curies":[{"name":"wp","href":"https:\/\/api.w.org\/{rel}","templated":true}]}}