{"id":754322,"date":"2025-08-28T06:07:45","date_gmt":"2025-08-28T03:07:45","guid":{"rendered":"https:\/\/roveyayinevi.com.tr\/index.php\/urun\/gonul-dilinden-siirler\/"},"modified":"2026-04-16T03:07:47","modified_gmt":"2026-04-16T00:07:47","slug":"gonul-dilinden-siirler","status":"publish","type":"product","link":"https:\/\/roveyayinevi.com.tr\/index.php\/urun\/gonul-dilinden-siirler\/","title":{"rendered":"G\u00f6n\u00fcl Dilinden \u015eiirler"},"content":{"rendered":"<p>Anadolu\u2019muzdaki ya\u015fanm\u0131\u015fl\u0131klardan ve tarihimizdeki g\u00fczel olaylardan yola \u00e7\u0131karak \u015fiir kitab\u0131 yay\u0131nlamak iste\u011fi duymu\u015ftum. \u0130lk \u015fiir kitab\u0131m\u0131 mesle\u011fimden emekli olduktan sonra 2021 Y\u0131l\u0131nda \u2018\u2019ANADOLU\u2019DAN ES\u0130NT\u0130LER\u2018\u2019 ad\u0131yla \u00e7\u0131kard\u0131m. Ancak Cumhuriyetimizin kurulu\u015funun 100. y\u0131l\u0131nda \u015fiir kitab\u0131 \u00e7\u0131karmak i\u00e7in kendime verdi\u011fim s\u00f6z\u00fc yerine getirmek \u00fczere bu kitab\u0131m\u0131 yay\u0131mlamay\u0131 ba\u015fard\u0131\u011f\u0131m i\u00e7in \u00e7ok mutlu oldu\u011fumu ifade etmek isterim. Bu duygu ve d\u00fc\u015f\u00fcncelerle; t\u00fcm \u015fiir sever okurlar\u0131ma sa\u011fl\u0131k, huzur ve mutluluk dileklerimle sel\u00e2m ve sayg\u0131lar\u0131m\u0131 sunar\u0131m. <\/p>\n","protected":false},"excerpt":{"rendered":"<p>Anadolu\u2019muzdaki ya\u015fanm\u0131\u015fl\u0131klardan ve tarihimizdeki g\u00fczel olaylardan yola \u00e7\u0131karak \u015fiir kitab\u0131 yay\u0131nlamak iste\u011fi duymu\u015ftum. \u0130lk \u015fiir kitab\u0131m\u0131 mesle\u011fimden emekli olduktan sonra 2021 Y\u0131l\u0131nda \u2018\u2019ANADOLU\u2019DAN ES\u0130NT\u0130LER\u2018\u2019 ad\u0131yla \u00e7\u0131kard\u0131m.<span class=\"excerpt-hellip\"> [\u2026]<\/span><\/p>\n","protected":false},"featured_media":0,"template":"","meta":{"_monsterinsights_skip_tracking":false,"_monsterinsights_sitenote_active":false,"_monsterinsights_sitenote_note":"","_monsterinsights_sitenote_category":0},"product_brand":[],"product_cat":[12291,12509],"product_tag":[],"class_list":{"0":"post-754322","1":"product","2":"type-product","3":"status-publish","5":"product_cat-edebiyat","6":"product_cat-siir","7":"pa_cilt-ciltsiz","8":"pa_tur-kitap","9":"pa_yayinevi-zet-yayinlari","10":"pa_yazar-ibrahim-memis","12":"first","13":"instock","14":"sale","15":"shipping-taxable","16":"purchasable","17":"product-type-simple"},"_links":{"self":[{"href":"https:\/\/roveyayinevi.com.tr\/index.php\/wp-json\/wp\/v2\/product\/754322","targetHints":{"allow":["GET"]}}],"collection":[{"href":"https:\/\/roveyayinevi.com.tr\/index.php\/wp-json\/wp\/v2\/product"}],"about":[{"href":"https:\/\/roveyayinevi.com.tr\/index.php\/wp-json\/wp\/v2\/types\/product"}],"wp:attachment":[{"href":"https:\/\/roveyayinevi.com.tr\/index.php\/wp-json\/wp\/v2\/media?parent=754322"}],"wp:term":[{"taxonomy":"product_brand","embeddable":true,"href":"https:\/\/roveyayinevi.com.tr\/index.php\/wp-json\/wp\/v2\/product_brand?post=754322"},{"taxonomy":"product_cat","embeddable":true,"href":"https:\/\/roveyayinevi.com.tr\/index.php\/wp-json\/wp\/v2\/product_cat?post=754322"},{"taxonomy":"product_tag","embeddable":true,"href":"https:\/\/roveyayinevi.com.tr\/index.php\/wp-json\/wp\/v2\/product_tag?post=754322"}],"curies":[{"name":"wp","href":"https:\/\/api.w.org\/{rel}","templated":true}]}}