{"id":754321,"date":"2025-08-28T06:07:43","date_gmt":"2025-08-28T03:07:43","guid":{"rendered":"https:\/\/roveyayinevi.com.tr\/index.php\/urun\/bizim-kitabimiz-5-yelhuderin-tecrubeleri\/"},"modified":"2026-04-16T03:07:47","modified_gmt":"2026-04-16T00:07:47","slug":"bizim-kitabimiz-5-yelhuderin-tecrubeleri","status":"publish","type":"product","link":"https:\/\/roveyayinevi.com.tr\/index.php\/urun\/bizim-kitabimiz-5-yelhuderin-tecrubeleri\/","title":{"rendered":"Bizim Kitab\u0131m\u0131z-5 Yelhuder\u2019in Tecr\u00fcbeleri"},"content":{"rendered":"<p>\u201cBizim Kitab\u0131m\u0131z\u201d serisinin be\u015fincisi olan bu kitapta Yelhuder&#8217;in, birbirinden g\u00fczel, heyecanl\u0131, e\u011flenceli ve faydal\u0131 tecr\u00fcbelerine \u015fahit olaca\u011f\u0131z. Bir \u00e7ocu\u011fun ya\u015fama dair \u00e7e\u015fitli deneyimler kazanmas\u0131n\u0131n en kolay, en ger\u00e7ek\u00e7i ve en do\u011fal yolu yine do\u011fal bir ortamda, do\u011fan\u0131n tam merkezinde olmas\u0131 \u00e7ok daha verimli ve keyifli olacakt\u0131r. Bunun i\u00e7in, \u015fehirde ya\u015fayanlar mutlaka s\u0131k s\u0131k k\u00f6ylere gidip oradaki zor g\u00f6r\u00fcnen ya\u015fam \u015fartlar\u0131n\u0131 birebir ya\u015fay\u0131p \u00f6\u011frenmeli ve tecr\u00fcbe etmelidirler. \u00c7\u00fcnk\u00fc \u015fehirlerde bir\u00e7ok i\u015fi makineler yapt\u0131\u011f\u0131 i\u00e7in \u00e7o\u011fu insan bunlar\u0131 her yerde b\u00f6yle oldu\u011funu zannediyor ve gitti\u011fi her yerde bu konforu ar\u0131yor. Oysa hayat\u0131n ger\u00e7ek hali k\u00f6y ortam\u0131nda ya\u015fan\u0131lanlard\u0131r. Yelhuder&#8217;in ailesi de bu d\u00fc\u015f\u00fcnceyle \u00e7ocuklar\u0131n\u0131 s\u0131k s\u0131k memlekete g\u00f6t\u00fcr\u00fcp, k\u00f6ylerde ve yaylalarda bu g\u00fczellikleri ya\u015famalar\u0131n\u0131 sa\u011flamaktad\u0131rlar. Baltayla odun kesmeyi, suyu \u00e7e\u015fmeden ta\u015f\u0131may\u0131, ke\u00e7i ve koyundan s\u00fct sa\u011fmay\u0131, \u00f6\u011fretirler. \u00c7ocuklar da zaten do\u011fas\u0131 gere\u011fi do\u011fay\u0131 \u00e7ok severler ve her t\u00fcrl\u00fc zorlu\u011fa ra\u011fmen buralarda vakit ge\u00e7irmekten \u00e7ok keyif al\u0131rlar. Hele de oralarda macera ya\u015famaya bay\u0131l\u0131rlar. Bu kitapta, Yelhuder&#8217;in \u0131srarl\u0131 arzusu \u00fczerine ailesiyle yaylaya gidip yaz tatilini orada ge\u00e7irmesi, \u00e7ad\u0131rda ya\u015faman\u0131n zevki ve zorluklar\u0131, e\u011fitici, \u00f6\u011fretici ve e\u011flenceli hikayelerle anlat\u0131lm\u0131\u015f ve her konuya uygun \u015fark\u0131lar hareket kat\u0131lm\u0131\u015ft\u0131r Bu hikaye 7-12 ya\u015f grubu \u00e7ocuklar ve yeti\u015fkinler hi\u00e7 s\u0131k\u0131lmadan keyifle okuyabilirler.<\/p>\n","protected":false},"excerpt":{"rendered":"<p>\u201cBizim Kitab\u0131m\u0131z\u201d serisinin be\u015fincisi olan bu kitapta Yelhuder&#8217;in, birbirinden g\u00fczel, heyecanl\u0131, e\u011flenceli ve faydal\u0131 tecr\u00fcbelerine \u015fahit olaca\u011f\u0131z. Bir \u00e7ocu\u011fun ya\u015fama dair \u00e7e\u015fitli deneyimler kazanmas\u0131n\u0131n en kolay,<span class=\"excerpt-hellip\"> [\u2026]<\/span><\/p>\n","protected":false},"featured_media":0,"template":"","meta":{"_monsterinsights_skip_tracking":false,"_monsterinsights_sitenote_active":false,"_monsterinsights_sitenote_note":"","_monsterinsights_sitenote_category":0},"product_brand":[],"product_cat":[12291,18202],"product_tag":[],"class_list":{"0":"post-754321","1":"product","2":"type-product","3":"status-publish","5":"product_cat-edebiyat","6":"product_cat-hikaye","7":"pa_cilt-ciltsiz","8":"pa_tur-kitap","9":"pa_yayinevi-zet-yayinlari","10":"pa_yazar-muberra-nurten-yildiz","12":"first","13":"instock","14":"sale","15":"shipping-taxable","16":"purchasable","17":"product-type-simple"},"_links":{"self":[{"href":"https:\/\/roveyayinevi.com.tr\/index.php\/wp-json\/wp\/v2\/product\/754321","targetHints":{"allow":["GET"]}}],"collection":[{"href":"https:\/\/roveyayinevi.com.tr\/index.php\/wp-json\/wp\/v2\/product"}],"about":[{"href":"https:\/\/roveyayinevi.com.tr\/index.php\/wp-json\/wp\/v2\/types\/product"}],"wp:attachment":[{"href":"https:\/\/roveyayinevi.com.tr\/index.php\/wp-json\/wp\/v2\/media?parent=754321"}],"wp:term":[{"taxonomy":"product_brand","embeddable":true,"href":"https:\/\/roveyayinevi.com.tr\/index.php\/wp-json\/wp\/v2\/product_brand?post=754321"},{"taxonomy":"product_cat","embeddable":true,"href":"https:\/\/roveyayinevi.com.tr\/index.php\/wp-json\/wp\/v2\/product_cat?post=754321"},{"taxonomy":"product_tag","embeddable":true,"href":"https:\/\/roveyayinevi.com.tr\/index.php\/wp-json\/wp\/v2\/product_tag?post=754321"}],"curies":[{"name":"wp","href":"https:\/\/api.w.org\/{rel}","templated":true}]}}