{"id":754320,"date":"2025-08-28T06:07:42","date_gmt":"2025-08-28T03:07:42","guid":{"rendered":"https:\/\/roveyayinevi.com.tr\/index.php\/urun\/gonulden-dile-dilden-niceye-kuranda-muminler\/"},"modified":"2026-04-16T03:07:46","modified_gmt":"2026-04-16T00:07:46","slug":"gonulden-dile-dilden-niceye-kuranda-muminler","status":"publish","type":"product","link":"https:\/\/roveyayinevi.com.tr\/index.php\/urun\/gonulden-dile-dilden-niceye-kuranda-muminler\/","title":{"rendered":"G\u00f6n\u00fclden Dile Dilden Niceye \u201cKur\u2019an\u2019da M\u00fc\u2019minler\u201d"},"content":{"rendered":"<p>M\u00dc\u2019M\u0130N NASIL OLMALI? Kimi ilm saya kimi ipek \u015fal dokur, Kimi f\u0131k\u0131h der, kimi ilm\u00ee hal okur! Hangisi makbul? Mecnun sorar veliye: Ey veli! M\u00fc\u2019min nas\u0131l olmal\u0131, s\u00f6yle. \u201c-Son anda nas\u0131l olacak ise, \u00f6yle!\u201d   MEHMET \u015eAHAN (P\u0130R-\u00ce F\u00c2N\u0130) <\/p>\n","protected":false},"excerpt":{"rendered":"<p>M\u00dc\u2019M\u0130N NASIL OLMALI? Kimi ilm saya kimi ipek \u015fal dokur, Kimi f\u0131k\u0131h der, kimi ilm\u00ee hal okur! Hangisi makbul? Mecnun sorar veliye: Ey veli! M\u00fc\u2019min nas\u0131l<span class=\"excerpt-hellip\"> [\u2026]<\/span><\/p>\n","protected":false},"featured_media":0,"template":"","meta":{"_monsterinsights_skip_tracking":false,"_monsterinsights_sitenote_active":false,"_monsterinsights_sitenote_note":"","_monsterinsights_sitenote_category":0},"product_brand":[],"product_cat":[12718],"product_tag":[],"class_list":{"0":"post-754320","1":"product","2":"type-product","3":"status-publish","5":"product_cat-din","6":"pa_cilt-ciltsiz","7":"pa_tur-kitap","8":"pa_yayinevi-doksan-dokuz-yayinlari","9":"pa_yazar-mehmet-sahan","11":"first","12":"instock","13":"sale","14":"shipping-taxable","15":"purchasable","16":"product-type-simple"},"_links":{"self":[{"href":"https:\/\/roveyayinevi.com.tr\/index.php\/wp-json\/wp\/v2\/product\/754320","targetHints":{"allow":["GET"]}}],"collection":[{"href":"https:\/\/roveyayinevi.com.tr\/index.php\/wp-json\/wp\/v2\/product"}],"about":[{"href":"https:\/\/roveyayinevi.com.tr\/index.php\/wp-json\/wp\/v2\/types\/product"}],"wp:attachment":[{"href":"https:\/\/roveyayinevi.com.tr\/index.php\/wp-json\/wp\/v2\/media?parent=754320"}],"wp:term":[{"taxonomy":"product_brand","embeddable":true,"href":"https:\/\/roveyayinevi.com.tr\/index.php\/wp-json\/wp\/v2\/product_brand?post=754320"},{"taxonomy":"product_cat","embeddable":true,"href":"https:\/\/roveyayinevi.com.tr\/index.php\/wp-json\/wp\/v2\/product_cat?post=754320"},{"taxonomy":"product_tag","embeddable":true,"href":"https:\/\/roveyayinevi.com.tr\/index.php\/wp-json\/wp\/v2\/product_tag?post=754320"}],"curies":[{"name":"wp","href":"https:\/\/api.w.org\/{rel}","templated":true}]}}