{"id":754317,"date":"2025-08-28T06:07:37","date_gmt":"2025-08-28T03:07:37","guid":{"rendered":"https:\/\/roveyayinevi.com.tr\/index.php\/urun\/geveze-kedi\/"},"modified":"2026-04-16T03:07:46","modified_gmt":"2026-04-16T00:07:46","slug":"geveze-kedi","status":"publish","type":"product","link":"https:\/\/roveyayinevi.com.tr\/index.php\/urun\/geveze-kedi\/","title":{"rendered":"Geveze Kedi"},"content":{"rendered":"<p>Rosemary Bliss, ailesine ait b\u00fcy\u00fcl\u00fc tarif kitab\u0131n\u0131 geri almak i\u00e7in elinden gelen her \u015feyi yapacak. Bu y\u00fczden Paris\u2019teki uluslararas\u0131 bir tarif yar\u0131\u015fmas\u0131nda Lily teyzesine meydan okuyor: Yar\u0131\u015fmay\u0131 Rose kazan\u0131rsa Lily \u00e7ald\u0131\u011f\u0131 tarif kitab\u0131n\u0131 geri vermeyi kabul edecek. Rose kaybederse\u2026   Eh, sonu\u00e7lar hayal edilemeyecek kadar k\u00f6t\u00fc olabilir.  Uzun zaman sonra buldu\u011fu b\u00fcy\u00fckbabas\u0131, onun geveze kedisi ve Frans\u0131z faresiyle birlikte Rose ve karde\u015fleri teyzesini yenmesinde yard\u0131m edecek en \u00f6nemli ve b\u00fcy\u00fcl\u00fc malzemeleri bulmak i\u00e7in Paris\u2019i alt\u00fcst ediyor. Rose yar\u0131\u015fmay\u0131 kazanmak zorunda yoksa Bliss Tarif Kitab\u0131&#8217;n\u0131 sonsuza dek kaybetmi\u015f olacak.<\/p>\n","protected":false},"excerpt":{"rendered":"<p>Rosemary Bliss, ailesine ait b\u00fcy\u00fcl\u00fc tarif kitab\u0131n\u0131 geri almak i\u00e7in elinden gelen her \u015feyi yapacak. Bu y\u00fczden Paris\u2019teki uluslararas\u0131 bir tarif yar\u0131\u015fmas\u0131nda Lily teyzesine meydan okuyor:<span class=\"excerpt-hellip\"> [\u2026]<\/span><\/p>\n","protected":false},"featured_media":0,"template":"","meta":{"_monsterinsights_skip_tracking":false,"_monsterinsights_sitenote_active":false,"_monsterinsights_sitenote_note":"","_monsterinsights_sitenote_category":0},"product_brand":[],"product_cat":[12274,12284],"product_tag":[],"class_list":{"0":"post-754317","1":"product","2":"type-product","3":"status-publish","5":"product_cat-cocuk-ve-genclik-kitaplari","6":"product_cat-hikayeler","7":"pa_cilt-ciltsiz","8":"pa_tur-kitap","9":"pa_yayinevi-parola-yayinlari","10":"pa_yazar-kathryn-littlewood","12":"first","13":"instock","14":"sale","15":"shipping-taxable","16":"purchasable","17":"product-type-simple"},"_links":{"self":[{"href":"https:\/\/roveyayinevi.com.tr\/index.php\/wp-json\/wp\/v2\/product\/754317","targetHints":{"allow":["GET"]}}],"collection":[{"href":"https:\/\/roveyayinevi.com.tr\/index.php\/wp-json\/wp\/v2\/product"}],"about":[{"href":"https:\/\/roveyayinevi.com.tr\/index.php\/wp-json\/wp\/v2\/types\/product"}],"wp:attachment":[{"href":"https:\/\/roveyayinevi.com.tr\/index.php\/wp-json\/wp\/v2\/media?parent=754317"}],"wp:term":[{"taxonomy":"product_brand","embeddable":true,"href":"https:\/\/roveyayinevi.com.tr\/index.php\/wp-json\/wp\/v2\/product_brand?post=754317"},{"taxonomy":"product_cat","embeddable":true,"href":"https:\/\/roveyayinevi.com.tr\/index.php\/wp-json\/wp\/v2\/product_cat?post=754317"},{"taxonomy":"product_tag","embeddable":true,"href":"https:\/\/roveyayinevi.com.tr\/index.php\/wp-json\/wp\/v2\/product_tag?post=754317"}],"curies":[{"name":"wp","href":"https:\/\/api.w.org\/{rel}","templated":true}]}}