{"id":754314,"date":"2025-08-28T06:07:34","date_gmt":"2025-08-28T03:07:34","guid":{"rendered":"https:\/\/roveyayinevi.com.tr\/index.php\/urun\/mavi-vatan-makaleleri\/"},"modified":"2026-04-08T03:15:14","modified_gmt":"2026-04-08T00:15:14","slug":"mavi-vatan-makaleleri","status":"publish","type":"product","link":"https:\/\/roveyayinevi.com.tr\/index.php\/urun\/mavi-vatan-makaleleri\/","title":{"rendered":"Mavi Vatan Makaleleri"},"content":{"rendered":"<p>\u015e\u00fcphe yok ki 21. y\u00fczy\u0131l b\u00fct\u00fcn d\u00fcnyada okyanuslar ve denizler y\u00fczy\u0131l\u0131 olacakt\u0131r. Zira insanl\u0131k, tarihinde hi\u00e7 olmad\u0131\u011f\u0131 kadar okyanus ve denizlere ba\u011f\u0131ml\u0131 olacakt\u0131r. Bug\u00fcn Ege ve Do\u011fu Akdeniz\u2019de ya\u015fananlardan bu ger\u00e7e\u011fi \u00f6\u011frenmemiz gerekiyor. T\u00fcrkiye, co\u011frafyas\u0131 itibar\u0131 ile bir deniz \u00fclkesidir ancak denizci bir devlet de\u011fildir. 21. y\u00fczy\u0131lda T\u00fcrkiye\u2019nin gerek jeopolitik gerekse ekonomik perspektifte gelece\u011fi, denizlere tam ba\u011f\u0131ml\u0131 olacakt\u0131r. T\u00fcrkiye\u2019nin denizcile\u015fmesi bir se\u00e7enek de\u011fil art\u0131k zorunluluktur. Bu \u00e7er\u00e7evede savunma, g\u00fcvenlik ve refah yaratan denizlerimize devletin her a\u00e7\u0131dan \u00f6nem vermesi ve bu alanda durumsal fark\u0131ndal\u0131\u011f\u0131n\u0131 art\u0131rmas\u0131 gerekir. T\u00fcrk Bo\u011fazlar\u0131, Mavi Vatan olarak da adland\u0131r\u0131lan deniz yetki alanlar\u0131m\u0131z ile KKTC\u2019nin ba\u011f\u0131ms\u0131z varl\u0131\u011f\u0131, deniz jeopoliti\u011fimiz \u00e7er\u00e7evesinde vazge\u00e7ilmez \u00e7\u0131karlar\u0131m\u0131z\u0131n oldu\u011fu alanlard\u0131r. Devletin egemen g\u00fcc\u00fc, yasama ve y\u00fcr\u00fctmede denizcili\u011fi ger\u00e7ek anlamda partiler \u00fcst\u00fc bir \u00fclk\u00fcye d\u00f6n\u00fc\u015ft\u00fcrerek siyasi, ekonomik, k\u00fclt\u00fcrel ve sosyal alanlarda elle tutulur projelerle somutla\u015ft\u0131rabilir ve hepsinden \u00f6nemlisi \u201cToprak Gemi\u201d Anadolu\u2019nun i\u00e7 k\u0131s\u0131mlar\u0131na deniz k\u00fclt\u00fcr\u00fcn\u00fc ta\u015f\u0131yabilirse, T\u00fcrkiye\u2019nin kaderi de\u011fi\u015fecektir. Deniz k\u00fclt\u00fcr\u00fc ile fark\u0131ndal\u0131\u011f\u0131 artacak, T\u00fcrk milleti denizcili\u011fin her alan\u0131nda ekonomik \u00e7\u0131karlar\u0131n\u0131 \u00e7o\u011falt\u0131p geni\u015fletirken, denizi ve onun e\u015fsiz k\u00fclt\u00fcr\u00fcn\u00fc ya\u015fam tarz\u0131n\u0131n \u00f6nemli bir par\u00e7as\u0131na vazge\u00e7ilemeyecek \u015fekilde ekleyebilecektir. O g\u00fcn geldi\u011finde, daha ba\u011f\u0131ms\u0131z, daha uygar, daha demokratik, daha ak\u0131lc\u0131, daha bilimsel, daha \u00fcretken, daha \u00e7al\u0131\u015fkan, daha cesur, daha \u00e7evreci ve t\u00fcm bunlar\u0131n sonucunda daha zengin ve daha mutlu olaca\u011f\u0131z. <\/p>\n","protected":false},"excerpt":{"rendered":"<p>\u015e\u00fcphe yok ki 21. y\u00fczy\u0131l b\u00fct\u00fcn d\u00fcnyada okyanuslar ve denizler y\u00fczy\u0131l\u0131 olacakt\u0131r. Zira insanl\u0131k, tarihinde hi\u00e7 olmad\u0131\u011f\u0131 kadar okyanus ve denizlere ba\u011f\u0131ml\u0131 olacakt\u0131r. Bug\u00fcn Ege ve<span class=\"excerpt-hellip\"> [\u2026]<\/span><\/p>\n","protected":false},"featured_media":0,"template":"","meta":{"_monsterinsights_skip_tracking":false,"_monsterinsights_sitenote_active":false,"_monsterinsights_sitenote_note":"","_monsterinsights_sitenote_category":0},"product_brand":[],"product_cat":[12337],"product_tag":[],"class_list":{"0":"post-754314","1":"product","2":"type-product","3":"status-publish","5":"product_cat-politika-siyaset","6":"pa_cilt-ciltsiz","7":"pa_tur-kitap","8":"pa_yayinevi-pankus-yayinlari","9":"pa_yazar-cem-gurdeniz","11":"first","12":"instock","13":"sale","14":"shipping-taxable","15":"purchasable","16":"product-type-simple"},"_links":{"self":[{"href":"https:\/\/roveyayinevi.com.tr\/index.php\/wp-json\/wp\/v2\/product\/754314","targetHints":{"allow":["GET"]}}],"collection":[{"href":"https:\/\/roveyayinevi.com.tr\/index.php\/wp-json\/wp\/v2\/product"}],"about":[{"href":"https:\/\/roveyayinevi.com.tr\/index.php\/wp-json\/wp\/v2\/types\/product"}],"wp:attachment":[{"href":"https:\/\/roveyayinevi.com.tr\/index.php\/wp-json\/wp\/v2\/media?parent=754314"}],"wp:term":[{"taxonomy":"product_brand","embeddable":true,"href":"https:\/\/roveyayinevi.com.tr\/index.php\/wp-json\/wp\/v2\/product_brand?post=754314"},{"taxonomy":"product_cat","embeddable":true,"href":"https:\/\/roveyayinevi.com.tr\/index.php\/wp-json\/wp\/v2\/product_cat?post=754314"},{"taxonomy":"product_tag","embeddable":true,"href":"https:\/\/roveyayinevi.com.tr\/index.php\/wp-json\/wp\/v2\/product_tag?post=754314"}],"curies":[{"name":"wp","href":"https:\/\/api.w.org\/{rel}","templated":true}]}}