{"id":754313,"date":"2025-08-28T06:07:33","date_gmt":"2025-08-28T03:07:33","guid":{"rendered":"https:\/\/roveyayinevi.com.tr\/index.php\/urun\/doruk-operasyonu\/"},"modified":"2026-04-16T03:07:46","modified_gmt":"2026-04-16T00:07:46","slug":"doruk-operasyonu","status":"publish","type":"product","link":"https:\/\/roveyayinevi.com.tr\/index.php\/urun\/doruk-operasyonu\/","title":{"rendered":"Doruk Operasyonu"},"content":{"rendered":"<p>K\u00fcresel emperyalizmin d\u00fcnyay\u0131 k\u0131sk\u0131vrak sard\u0131\u011f\u0131, geli\u015femeyen devletlerin uydu stat\u00fc kazand\u0131\u011f\u0131, yar\u0131 s\u00f6m\u00fcrge \u00fclkelerin demokrasi ya da darbe ile \u2018dize getirildi\u011fi\u2019 karanl\u0131k \u00e7a\u011fa do\u011fru ilerleniyordu. II. D\u00fcnya Sava\u015f\u0131\u2019ndan sonra Do\u011fu ile Bat\u0131 blo\u011fu aras\u0131nda k\u00f6\u015fe kapmaca oynan\u0131rken geli\u015femeyen devletler emperyalizmin pen\u00e7eleri alt\u0131nda m\u00fccadele ediyordu. T\u00fcrkiye, Orta Do\u011fu, Latin Amerika, Uzak Asya; y\u0131llarca ABD emperyalizminin etkinliklerinden dolay\u0131 ulusal m\u00fccadele birikimini ya yitirmi\u015fti ya da yitirmesi i\u00e7in \u00e7aba harcan\u0131yordu. Darbeler, sermaye egemenli\u011fiyle yay\u0131lmac\u0131 politika, toplumsal kaoslar ve daha nicesi\u2026 Talat Turhan, 20. y\u00fczy\u0131l T\u00fcrkiye\u2019sinin karanl\u0131\u011f\u0131na \u0131\u015f\u0131k tutuyor. ABD emperyalizminin egemenli\u011fi ve d\u00fcnya diktat\u00f6rl\u00fc\u011f\u00fc i\u00e7in devlet i\u00e7indeki devletin faaliyetlerinden ordu ve istihbarattaki muhbirlerine kadar hepsi if\u015fa oluyor. G\u00fcn\u00fcm\u00fczde ya\u015fanan t\u00fcm kaosun perde arkas\u0131 i\u00e7in; \u00b7         Devlet i\u00e7indeki devletin faaliyetleri nelerdi? \u00b7         T\u00fcrk istihbarat\u0131 kimlerin elindeydi ve kime \u00e7al\u0131\u015f\u0131yordu? \u00b7         T\u00fcrkiye\u2019deki darbeler kimin eliyle ve nas\u0131l ger\u00e7ekle\u015ftirildi? \u00b7         Gen\u00e7 Kemalistler Davas\u0131 kimler eliyle M\u0130T\u2019te olu\u015fturuldu? \u00b7         Ordu ve istihbarattaki k\u00f6stebekler kimlerdi? \u00b7         M\u0130T\u2019in siville\u015ftirilmesini kimler istedi? \u00b7         M\u0130T\u2019in siville\u015ftirilmesi konusundaki farkl\u0131 g\u00f6r\u00fc\u015fler kimlere aitti? \u00b7         FM 30-31 B gizli eki neyi anlat\u0131yordu? \u00b7         Darbe d\u00f6nemi i\u015fkencecileri kimlere hizmet ediyordu? \u00b7         \u00d6l\u00fcm mangalar\u0131 kimlerden olu\u015fuyordu? \u00b7         Orta Do\u011fu\u2019ya \u00f6l\u00fcm sa\u00e7anlar kimlerdi? \u00b7         Hayali ihracat\u0131n \u2018bilge\u2019 \u00f6nderleri kimlerdi? <\/p>\n","protected":false},"excerpt":{"rendered":"<p>K\u00fcresel emperyalizmin d\u00fcnyay\u0131 k\u0131sk\u0131vrak sard\u0131\u011f\u0131, geli\u015femeyen devletlerin uydu stat\u00fc kazand\u0131\u011f\u0131, yar\u0131 s\u00f6m\u00fcrge \u00fclkelerin demokrasi ya da darbe ile \u2018dize getirildi\u011fi\u2019 karanl\u0131k \u00e7a\u011fa do\u011fru ilerleniyordu. II. D\u00fcnya<span class=\"excerpt-hellip\"> [\u2026]<\/span><\/p>\n","protected":false},"featured_media":0,"template":"","meta":{"_monsterinsights_skip_tracking":false,"_monsterinsights_sitenote_active":false,"_monsterinsights_sitenote_note":"","_monsterinsights_sitenote_category":0},"product_brand":[],"product_cat":[12337],"product_tag":[],"class_list":{"0":"post-754313","1":"product","2":"type-product","3":"status-publish","5":"product_cat-politika-siyaset","6":"pa_cilt-ciltsiz","7":"pa_tur-kitap","8":"pa_yayinevi-pankus-yayinlari","9":"pa_yazar-talat-turhan","11":"first","12":"instock","13":"sale","14":"shipping-taxable","15":"purchasable","16":"product-type-simple"},"_links":{"self":[{"href":"https:\/\/roveyayinevi.com.tr\/index.php\/wp-json\/wp\/v2\/product\/754313","targetHints":{"allow":["GET"]}}],"collection":[{"href":"https:\/\/roveyayinevi.com.tr\/index.php\/wp-json\/wp\/v2\/product"}],"about":[{"href":"https:\/\/roveyayinevi.com.tr\/index.php\/wp-json\/wp\/v2\/types\/product"}],"wp:attachment":[{"href":"https:\/\/roveyayinevi.com.tr\/index.php\/wp-json\/wp\/v2\/media?parent=754313"}],"wp:term":[{"taxonomy":"product_brand","embeddable":true,"href":"https:\/\/roveyayinevi.com.tr\/index.php\/wp-json\/wp\/v2\/product_brand?post=754313"},{"taxonomy":"product_cat","embeddable":true,"href":"https:\/\/roveyayinevi.com.tr\/index.php\/wp-json\/wp\/v2\/product_cat?post=754313"},{"taxonomy":"product_tag","embeddable":true,"href":"https:\/\/roveyayinevi.com.tr\/index.php\/wp-json\/wp\/v2\/product_tag?post=754313"}],"curies":[{"name":"wp","href":"https:\/\/api.w.org\/{rel}","templated":true}]}}