{"id":754312,"date":"2025-08-28T06:07:31","date_gmt":"2025-08-28T03:07:31","guid":{"rendered":"https:\/\/roveyayinevi.com.tr\/index.php\/urun\/buyuyunce-veteriner-olacagim-2\/"},"modified":"2026-04-11T14:23:28","modified_gmt":"2026-04-11T11:23:28","slug":"buyuyunce-veteriner-olacagim-2","status":"publish","type":"product","link":"https:\/\/roveyayinevi.com.tr\/index.php\/urun\/buyuyunce-veteriner-olacagim-2\/","title":{"rendered":"B\u00fcy\u00fcy\u00fcnce Veteriner Olaca\u011f\u0131m"},"content":{"rendered":"<p>Merakl\u0131 minikler b\u00fcy\u00fck hayaller kuruyor. Pofuduk oyuncaklarla oynuyor gibi g\u00f6r\u00fcnebilirler, ama asl\u0131nda kendini iyi hissetmeyen hayvanlar\u0131 muayene ediyor, yavru k\u00f6peklere bak\u0131yor, nesli t\u00fckenen hayvan t\u00fcrlerini korumak i\u00e7in g\u00f6revler \u00fcstleniyorlar. Bu e\u011flenceli kitap, miniklere veterinerlerin neler yapt\u0131\u011f\u0131n\u0131 \u00f6\u011fretirken, ya\u015fam boyu s\u00fcrecek bilimsel merak\u0131n k\u0131v\u0131lc\u0131m\u0131n\u0131 ate\u015fleyecek.<\/p>\n","protected":false},"excerpt":{"rendered":"<p>Merakl\u0131 minikler b\u00fcy\u00fck hayaller kuruyor. Pofuduk oyuncaklarla oynuyor gibi g\u00f6r\u00fcnebilirler, ama asl\u0131nda kendini iyi hissetmeyen hayvanlar\u0131 muayene ediyor, yavru k\u00f6peklere bak\u0131yor, nesli t\u00fckenen hayvan t\u00fcrlerini korumak<span class=\"excerpt-hellip\"> [\u2026]<\/span><\/p>\n","protected":false},"featured_media":0,"template":"","meta":{"_monsterinsights_skip_tracking":false,"_monsterinsights_sitenote_active":false,"_monsterinsights_sitenote_note":"","_monsterinsights_sitenote_category":0},"product_brand":[],"product_cat":[12274,12284],"product_tag":[],"class_list":{"0":"post-754312","1":"product","2":"type-product","3":"status-publish","5":"product_cat-cocuk-ve-genclik-kitaplari","6":"product_cat-hikayeler","7":"pa_cilt-ciltsiz","8":"pa_tur-kitap","9":"pa_yayinevi-koc-universitesi-yayinlari","10":"pa_yazar-marnie-willow","12":"first","13":"instock","14":"sale","15":"shipping-taxable","16":"purchasable","17":"product-type-simple"},"_links":{"self":[{"href":"https:\/\/roveyayinevi.com.tr\/index.php\/wp-json\/wp\/v2\/product\/754312","targetHints":{"allow":["GET"]}}],"collection":[{"href":"https:\/\/roveyayinevi.com.tr\/index.php\/wp-json\/wp\/v2\/product"}],"about":[{"href":"https:\/\/roveyayinevi.com.tr\/index.php\/wp-json\/wp\/v2\/types\/product"}],"wp:attachment":[{"href":"https:\/\/roveyayinevi.com.tr\/index.php\/wp-json\/wp\/v2\/media?parent=754312"}],"wp:term":[{"taxonomy":"product_brand","embeddable":true,"href":"https:\/\/roveyayinevi.com.tr\/index.php\/wp-json\/wp\/v2\/product_brand?post=754312"},{"taxonomy":"product_cat","embeddable":true,"href":"https:\/\/roveyayinevi.com.tr\/index.php\/wp-json\/wp\/v2\/product_cat?post=754312"},{"taxonomy":"product_tag","embeddable":true,"href":"https:\/\/roveyayinevi.com.tr\/index.php\/wp-json\/wp\/v2\/product_tag?post=754312"}],"curies":[{"name":"wp","href":"https:\/\/api.w.org\/{rel}","templated":true}]}}