{"id":754310,"date":"2025-08-28T06:07:28","date_gmt":"2025-08-28T03:07:28","guid":{"rendered":"https:\/\/roveyayinevi.com.tr\/index.php\/urun\/resimli-kelime-dunyasi-ciltli\/"},"modified":"2026-04-16T03:07:46","modified_gmt":"2026-04-16T00:07:46","slug":"resimli-kelime-dunyasi-ciltli","status":"publish","type":"product","link":"https:\/\/roveyayinevi.com.tr\/index.php\/urun\/resimli-kelime-dunyasi-ciltli\/","title":{"rendered":"Resimli Kelime D\u00fcnyas\u0131 (Ciltli)"},"content":{"rendered":"<p>\u201cResimli Kelime D\u00fcnyas\u0131\u201d kitab\u0131, \u00f6\u011frenmeyi e\u011flenceli h\u00e2le getirerek \u0130ngilizce ve Almanca\u2019ya ba\u015flang\u0131\u00e7 d\u00fczeyindeki her \u00e7ocuk i\u00e7in vazge\u00e7ilmez bir kaynak olacak. Konulara g\u00f6re ayr\u0131lm\u0131\u015f b\u00f6l\u00fcmlerle ve g\u00f6rsellerle desteklenen s\u00f6zc\u00fckleri h\u0131zl\u0131ca kavrayacak ve \u00f6\u011frenecekler.<\/p>\n","protected":false},"excerpt":{"rendered":"<p>\u201cResimli Kelime D\u00fcnyas\u0131\u201d kitab\u0131, \u00f6\u011frenmeyi e\u011flenceli h\u00e2le getirerek \u0130ngilizce ve Almanca\u2019ya ba\u015flang\u0131\u00e7 d\u00fczeyindeki her \u00e7ocuk i\u00e7in vazge\u00e7ilmez bir kaynak olacak. Konulara g\u00f6re ayr\u0131lm\u0131\u015f b\u00f6l\u00fcmlerle ve g\u00f6rsellerle<span class=\"excerpt-hellip\"> [\u2026]<\/span><\/p>\n","protected":false},"featured_media":0,"template":"","meta":{"_monsterinsights_skip_tracking":false,"_monsterinsights_sitenote_active":false,"_monsterinsights_sitenote_note":"","_monsterinsights_sitenote_category":0},"product_brand":[],"product_cat":[12274,15842],"product_tag":[],"class_list":{"0":"post-754310","1":"product","2":"type-product","3":"status-publish","5":"product_cat-cocuk-ve-genclik-kitaplari","6":"product_cat-egitici-kitaplar","7":"pa_cilt-ciltli","8":"pa_tur-kitap","9":"pa_yayinevi-bicirik-yayinlari","10":"pa_yazar-kolektif","12":"first","13":"instock","14":"sale","15":"shipping-taxable","16":"purchasable","17":"product-type-simple"},"_links":{"self":[{"href":"https:\/\/roveyayinevi.com.tr\/index.php\/wp-json\/wp\/v2\/product\/754310","targetHints":{"allow":["GET"]}}],"collection":[{"href":"https:\/\/roveyayinevi.com.tr\/index.php\/wp-json\/wp\/v2\/product"}],"about":[{"href":"https:\/\/roveyayinevi.com.tr\/index.php\/wp-json\/wp\/v2\/types\/product"}],"wp:attachment":[{"href":"https:\/\/roveyayinevi.com.tr\/index.php\/wp-json\/wp\/v2\/media?parent=754310"}],"wp:term":[{"taxonomy":"product_brand","embeddable":true,"href":"https:\/\/roveyayinevi.com.tr\/index.php\/wp-json\/wp\/v2\/product_brand?post=754310"},{"taxonomy":"product_cat","embeddable":true,"href":"https:\/\/roveyayinevi.com.tr\/index.php\/wp-json\/wp\/v2\/product_cat?post=754310"},{"taxonomy":"product_tag","embeddable":true,"href":"https:\/\/roveyayinevi.com.tr\/index.php\/wp-json\/wp\/v2\/product_tag?post=754310"}],"curies":[{"name":"wp","href":"https:\/\/api.w.org\/{rel}","templated":true}]}}