{"id":754307,"date":"2025-08-28T06:07:24","date_gmt":"2025-08-28T03:07:24","guid":{"rendered":"https:\/\/roveyayinevi.com.tr\/index.php\/urun\/fatma-karabiyik-barbarosoglunun-hayati-ve-edebi-eserleri-uzerine-bir-inceleme\/"},"modified":"2026-04-16T03:07:46","modified_gmt":"2026-04-16T00:07:46","slug":"fatma-karabiyik-barbarosoglunun-hayati-ve-edebi-eserleri-uzerine-bir-inceleme","status":"publish","type":"product","link":"https:\/\/roveyayinevi.com.tr\/index.php\/urun\/fatma-karabiyik-barbarosoglunun-hayati-ve-edebi-eserleri-uzerine-bir-inceleme\/","title":{"rendered":"Fatma Karab\u0131y\u0131k Barbaroso\u011flu&#8217;nun Hayat\u0131 ve Edebi Eserleri \u00dczerine Bir \u0130nceleme"},"content":{"rendered":"<p>Bu kitab\u0131n konusu Fatma Karab\u0131y\u0131k Barbaroso\u011flu\u2019nun hayat\u0131 ve edeb\u00ee eserleridir. \u00c7al\u0131\u015fmam\u0131z\u0131n amac\u0131 yazar\u0131n hayat\u0131n\u0131 ve edeb\u00ee eserlerini incelemektir. \u00c7al\u0131\u015fmam\u0131zda t\u00fcmdengelim y\u00f6ntemi kullan\u0131lm\u0131\u015ft\u0131r. Hik\u00e2ye ve romanlar olay \u00f6rg\u00fcs\u00fc, ki\u015filer, mek\u00e2n zaman y\u00f6nleriyle incelenmi\u015ftir. Ayr\u0131ca hik\u00e2ye ve romanlar tema, anlat\u0131c\u0131 ve bak\u0131\u015f a\u00e7\u0131s\u0131, dil ve \u00fcslup, anlat\u0131m teknikleri ile anlama yorumlama a\u00e7\u0131lar\u0131ndan incelenmi\u015f ve de\u011ferlendirilmi\u015ftir. Deneme kitaplar\u0131 da tema, dil ve \u00fcslup ba\u011flam\u0131nda irdelenmi\u015ftir. Felsefe ve sosyoloji e\u011fitimi g\u00f6ren Barbaroso\u011flu, ba\u015f\u00f6rt\u00fcs\u00fc sebebiyle \u00fcniversitede \u00e7al\u0131\u015famad\u0131\u011f\u0131 i\u00e7in edebiyata y\u00f6neldi\u011fini belirtmektedir. <\/p>\n","protected":false},"excerpt":{"rendered":"<p>Bu kitab\u0131n konusu Fatma Karab\u0131y\u0131k Barbaroso\u011flu\u2019nun hayat\u0131 ve edeb\u00ee eserleridir. \u00c7al\u0131\u015fmam\u0131z\u0131n amac\u0131 yazar\u0131n hayat\u0131n\u0131 ve edeb\u00ee eserlerini incelemektir. \u00c7al\u0131\u015fmam\u0131zda t\u00fcmdengelim y\u00f6ntemi kullan\u0131lm\u0131\u015ft\u0131r. Hik\u00e2ye ve romanlar olay<span class=\"excerpt-hellip\"> [\u2026]<\/span><\/p>\n","protected":false},"featured_media":0,"template":"","meta":{"_monsterinsights_skip_tracking":false,"_monsterinsights_sitenote_active":false,"_monsterinsights_sitenote_note":"","_monsterinsights_sitenote_category":0},"product_brand":[],"product_cat":[13072,12291],"product_tag":[],"class_list":{"0":"post-754307","1":"product","2":"type-product","3":"status-publish","5":"product_cat-arastirma-inceleme-referans","6":"product_cat-edebiyat","7":"pa_cilt-ciltsiz","8":"pa_tur-kitap","9":"pa_yayinevi-soncag-akademik-kitaplar","10":"pa_yazar-yilmaz-evat","12":"first","13":"instock","14":"sale","15":"shipping-taxable","16":"purchasable","17":"product-type-simple"},"_links":{"self":[{"href":"https:\/\/roveyayinevi.com.tr\/index.php\/wp-json\/wp\/v2\/product\/754307","targetHints":{"allow":["GET"]}}],"collection":[{"href":"https:\/\/roveyayinevi.com.tr\/index.php\/wp-json\/wp\/v2\/product"}],"about":[{"href":"https:\/\/roveyayinevi.com.tr\/index.php\/wp-json\/wp\/v2\/types\/product"}],"wp:attachment":[{"href":"https:\/\/roveyayinevi.com.tr\/index.php\/wp-json\/wp\/v2\/media?parent=754307"}],"wp:term":[{"taxonomy":"product_brand","embeddable":true,"href":"https:\/\/roveyayinevi.com.tr\/index.php\/wp-json\/wp\/v2\/product_brand?post=754307"},{"taxonomy":"product_cat","embeddable":true,"href":"https:\/\/roveyayinevi.com.tr\/index.php\/wp-json\/wp\/v2\/product_cat?post=754307"},{"taxonomy":"product_tag","embeddable":true,"href":"https:\/\/roveyayinevi.com.tr\/index.php\/wp-json\/wp\/v2\/product_tag?post=754307"}],"curies":[{"name":"wp","href":"https:\/\/api.w.org\/{rel}","templated":true}]}}