{"id":754304,"date":"2025-08-28T06:07:19","date_gmt":"2025-08-28T03:07:19","guid":{"rendered":"https:\/\/roveyayinevi.com.tr\/index.php\/urun\/disney-arabalar-100-cikartma-hediyeli-boyama-kitabi\/"},"modified":"2026-04-16T03:07:46","modified_gmt":"2026-04-16T00:07:46","slug":"disney-arabalar-100-cikartma-hediyeli-boyama-kitabi","status":"publish","type":"product","link":"https:\/\/roveyayinevi.com.tr\/index.php\/urun\/disney-arabalar-100-cikartma-hediyeli-boyama-kitabi\/","title":{"rendered":"Disney Arabalar 100 \u00c7\u0131kartma Hediyeli Boyama Kitab\u0131"},"content":{"rendered":"<p>Nas\u0131l yap\u0131l\u0131r? Malzemeler: -Makas -Yap\u0131\u015ft\u0131r\u0131c\u0131 Makas kullan\u0131rken bir b\u00fcy\u00fc\u011f\u00fcnden yard\u0131m al. 1-      Par\u00e7alar\u0131 keserek \u00e7\u0131kar. 2-      Araba \u00fcst\u00fcndeki \u00e7entikleri kes ve di\u011fer par\u00e7alar\u0131 aras\u0131ndan ge\u00e7irerek birle\u015ftir. 3-      Daha sa\u011flam durmas\u0131 i\u00e7in yap\u0131\u015ft\u0131r\u0131c\u0131 kullanarak sa\u011flamla\u015ft\u0131r. 4-      Kalemli\u011fin haz\u0131r! <\/p>\n","protected":false},"excerpt":{"rendered":"<p>Nas\u0131l yap\u0131l\u0131r? Malzemeler: -Makas -Yap\u0131\u015ft\u0131r\u0131c\u0131 Makas kullan\u0131rken bir b\u00fcy\u00fc\u011f\u00fcnden yard\u0131m al. 1- Par\u00e7alar\u0131 keserek \u00e7\u0131kar. 2- Araba \u00fcst\u00fcndeki \u00e7entikleri kes ve di\u011fer par\u00e7alar\u0131 aras\u0131ndan ge\u00e7irerek birle\u015ftir.<span class=\"excerpt-hellip\"> [\u2026]<\/span><\/p>\n","protected":false},"featured_media":0,"template":"","meta":{"_monsterinsights_skip_tracking":false,"_monsterinsights_sitenote_active":false,"_monsterinsights_sitenote_note":"","_monsterinsights_sitenote_category":0},"product_brand":[],"product_cat":[12644,12274],"product_tag":[],"class_list":{"0":"post-754304","1":"product","2":"type-product","3":"status-publish","5":"product_cat-boyama-kitaplari","6":"product_cat-cocuk-ve-genclik-kitaplari","7":"pa_cilt-ciltsiz","8":"pa_tur-kitap","9":"pa_yayinevi-dogan-cocuk","10":"pa_yazar-kolektif","12":"first","13":"instock","14":"sale","15":"shipping-taxable","16":"purchasable","17":"product-type-simple"},"_links":{"self":[{"href":"https:\/\/roveyayinevi.com.tr\/index.php\/wp-json\/wp\/v2\/product\/754304","targetHints":{"allow":["GET"]}}],"collection":[{"href":"https:\/\/roveyayinevi.com.tr\/index.php\/wp-json\/wp\/v2\/product"}],"about":[{"href":"https:\/\/roveyayinevi.com.tr\/index.php\/wp-json\/wp\/v2\/types\/product"}],"wp:attachment":[{"href":"https:\/\/roveyayinevi.com.tr\/index.php\/wp-json\/wp\/v2\/media?parent=754304"}],"wp:term":[{"taxonomy":"product_brand","embeddable":true,"href":"https:\/\/roveyayinevi.com.tr\/index.php\/wp-json\/wp\/v2\/product_brand?post=754304"},{"taxonomy":"product_cat","embeddable":true,"href":"https:\/\/roveyayinevi.com.tr\/index.php\/wp-json\/wp\/v2\/product_cat?post=754304"},{"taxonomy":"product_tag","embeddable":true,"href":"https:\/\/roveyayinevi.com.tr\/index.php\/wp-json\/wp\/v2\/product_tag?post=754304"}],"curies":[{"name":"wp","href":"https:\/\/api.w.org\/{rel}","templated":true}]}}