{"id":754303,"date":"2025-08-28T06:07:18","date_gmt":"2025-08-28T03:07:18","guid":{"rendered":"https:\/\/roveyayinevi.com.tr\/index.php\/urun\/cilgin-cocuk\/"},"modified":"2026-04-16T03:07:46","modified_gmt":"2026-04-16T00:07:46","slug":"cilgin-cocuk","status":"publish","type":"product","link":"https:\/\/roveyayinevi.com.tr\/index.php\/urun\/cilgin-cocuk\/","title":{"rendered":"\u00c7\u0131lg\u0131n \u00c7ocuk"},"content":{"rendered":"<p>\u00c7\u0131lg\u0131n \u00c7ocuk, hepimizin sahip olmak isteyece\u011fi k\u00fc\u00e7\u00fck karde\u015f veya en yak\u0131n, en \u00f6zenle se\u00e7ilmi\u015f arkada\u015f\u0131m\u0131z gibi \u00e7\u00fcnk\u00fc bu \u00e7ocukta ger\u00e7ekten \u00e7\u0131lg\u0131n hi\u00e7bir \u015fey yok&#8230; O sadece akl\u0131 ba\u015f\u0131nda, \u00f6zg\u00fcr ve e\u011flenmeyi seven bir \u00e7ocuk. Bilmesi gereken her \u015feyi \u00f6zellikle de e\u011flenmeyi bilen, muhte\u015fem icatlar\u0131n mucidi. Hatta bir \u015fair! Herkesin tan\u0131y\u0131p sevece\u011fi ger\u00e7ek bir \u00e7ocuk.   \u201c\u00c7\u0131lg\u0131n \u00c7ocuk ger\u00e7ekten iyi bir kitap. \u00c7ocuklar kendilerini bu canl\u0131 karakterle \u00f6zde\u015fle\u015ftirecek. Ne mutlu d\u00fcnyadaki t\u00fcm \u00e7\u0131lg\u0131n \u00e7ocuklara!\u201d Paula Saldanha   \u201cBir zamanlar mutlu, sa\u011fl\u0131kl\u0131, hevesli ve sevgi dolu bir \u00e7ocuk varm\u0131\u015f. Bir zamanlar mutlu \u00e7ocuklar\u0131 seven Ziraldo ad\u0131nda bir sanat\u00e7\u0131 ya\u015farm\u0131\u015f. Ve sevgiyi biz \u00e7ocuklar, b\u00fcy\u00fckler, hepimiz i\u00e7in sevgiyle anlatan \u00c7\u0131lg\u0131n \u00c7ocuk ad\u0131nda bir kitap varm\u0131\u015f.\u201d Jacob Klintowitz   \u201cZiraldo hakl\u0131. Ger\u00e7ek \u00e7ocukluk, \u00e7izimlerinde ve m\u0131sralar\u0131nda bize anlatt\u0131klar\u0131, \u00e7ikolatal\u0131 turta kadar lezzetlidir. B\u00f6yle bir \u00e7ocukluk ge\u00e7irmi\u015f olanlar bilir. Ve ge\u00e7irmemi\u015f olanlara&#8230; \u00c7ok yaz\u0131k!\u201d Carlos Drummond de Andrade <\/p>\n","protected":false},"excerpt":{"rendered":"<p>\u00c7\u0131lg\u0131n \u00c7ocuk, hepimizin sahip olmak isteyece\u011fi k\u00fc\u00e7\u00fck karde\u015f veya en yak\u0131n, en \u00f6zenle se\u00e7ilmi\u015f arkada\u015f\u0131m\u0131z gibi \u00e7\u00fcnk\u00fc bu \u00e7ocukta ger\u00e7ekten \u00e7\u0131lg\u0131n hi\u00e7bir \u015fey yok&#8230; O sadece<span class=\"excerpt-hellip\"> [\u2026]<\/span><\/p>\n","protected":false},"featured_media":0,"template":"","meta":{"_monsterinsights_skip_tracking":false,"_monsterinsights_sitenote_active":false,"_monsterinsights_sitenote_note":"","_monsterinsights_sitenote_category":0},"product_brand":[],"product_cat":[12274,12284],"product_tag":[],"class_list":{"0":"post-754303","1":"product","2":"type-product","3":"status-publish","5":"product_cat-cocuk-ve-genclik-kitaplari","6":"product_cat-hikayeler","7":"pa_cilt-ciltsiz","8":"pa_tur-kitap","9":"pa_yayinevi-dogan-cocuk","10":"pa_yazar-ziraldo","12":"first","13":"instock","14":"sale","15":"shipping-taxable","16":"purchasable","17":"product-type-simple"},"_links":{"self":[{"href":"https:\/\/roveyayinevi.com.tr\/index.php\/wp-json\/wp\/v2\/product\/754303","targetHints":{"allow":["GET"]}}],"collection":[{"href":"https:\/\/roveyayinevi.com.tr\/index.php\/wp-json\/wp\/v2\/product"}],"about":[{"href":"https:\/\/roveyayinevi.com.tr\/index.php\/wp-json\/wp\/v2\/types\/product"}],"wp:attachment":[{"href":"https:\/\/roveyayinevi.com.tr\/index.php\/wp-json\/wp\/v2\/media?parent=754303"}],"wp:term":[{"taxonomy":"product_brand","embeddable":true,"href":"https:\/\/roveyayinevi.com.tr\/index.php\/wp-json\/wp\/v2\/product_brand?post=754303"},{"taxonomy":"product_cat","embeddable":true,"href":"https:\/\/roveyayinevi.com.tr\/index.php\/wp-json\/wp\/v2\/product_cat?post=754303"},{"taxonomy":"product_tag","embeddable":true,"href":"https:\/\/roveyayinevi.com.tr\/index.php\/wp-json\/wp\/v2\/product_tag?post=754303"}],"curies":[{"name":"wp","href":"https:\/\/api.w.org\/{rel}","templated":true}]}}