{"id":754301,"date":"2025-08-28T06:07:14","date_gmt":"2025-08-28T03:07:14","guid":{"rendered":"https:\/\/roveyayinevi.com.tr\/index.php\/urun\/gecenin-kitabi\/"},"modified":"2026-04-16T03:07:46","modified_gmt":"2026-04-16T00:07:46","slug":"gecenin-kitabi","status":"publish","type":"product","link":"https:\/\/roveyayinevi.com.tr\/index.php\/urun\/gecenin-kitabi\/","title":{"rendered":"Gecenin Kitab\u0131"},"content":{"rendered":"<p>Bir zamanlar do\u011fu\u015ftan g\u00f6lgesi a\u00e7 olan bir \u00e7ocuk varm\u0131\u015f. Bu \u00e7ocuk son derece \u015fansl\u0131ym\u0131\u015f; oysa t\u00fcm talihsizlikler g\u00f6lgesi olmayan ikizini bulurmu\u015f. Peri Krali\u00e7esi Holly Black\u2019ten b\u00fcy\u00fcc\u00fcler ve g\u00f6lgeler, ihanetler ve cinayetler, s\u0131rlar ve h\u0131rs\u0131zlar aras\u0131nda dolanan kapkara, modern bir masal   Charlie Hall her kilidi a\u00e7ar, her istenileni \u00e7alard\u0131 ama k\u00f6t\u00fc kararlar vermede de \u00e7ok ustayd\u0131. Hayat\u0131n\u0131n yar\u0131s\u0131n\u0131 g\u00f6lge b\u00fcy\u00fcc\u00fcleri ve sihirbazlar i\u00e7in \u00e7al\u0131\u015farak ve doland\u0131r\u0131c\u0131l\u0131k yaparak ge\u00e7irmi\u015fti. \u015eimdilerde kirli ge\u00e7mi\u015finden ve g\u00f6lge ticaretinin tehlikeli yeralt\u0131 d\u00fcnyas\u0131ndan uzak durmaya \u00e7al\u0131\u015f\u0131yordu, her ne kadar k\u0131z karde\u015finin b\u00fcy\u00fc tutkusu ve erkek arkada\u015f\u0131n\u0131n g\u00f6lgesizli\u011fi i\u015fini zorla\u015ft\u0131rsa da. Ve bir g\u00fcn beklenen oldu, ge\u00e7mi\u015ften gelen korkun\u00e7 biri Charlie\u2019yi \u00fcrk\u00fct\u00fcc\u00fc bir girdaba s\u00fcr\u00fckledi. Tekinsiz ikizler, milyarderler, g\u00f6lge b\u00fcy\u00fcc\u00fcleri ve hayatta en sevdi\u011fi insanlar onlara korkun\u00e7 ve s\u0131n\u0131rs\u0131z bir g\u00fc\u00e7 verecek s\u0131rr\u0131 \u00e7almaya \u00e7al\u0131\u015f\u0131rken,Charlie hayatta kalman\u0131n yollar\u0131n\u0131 ar\u0131yordu. <\/p>\n","protected":false},"excerpt":{"rendered":"<p>Bir zamanlar do\u011fu\u015ftan g\u00f6lgesi a\u00e7 olan bir \u00e7ocuk varm\u0131\u015f. Bu \u00e7ocuk son derece \u015fansl\u0131ym\u0131\u015f; oysa t\u00fcm talihsizlikler g\u00f6lgesi olmayan ikizini bulurmu\u015f. Peri Krali\u00e7esi Holly Black\u2019ten b\u00fcy\u00fcc\u00fcler<span class=\"excerpt-hellip\"> [\u2026]<\/span><\/p>\n","protected":false},"featured_media":0,"template":"","meta":{"_monsterinsights_skip_tracking":false,"_monsterinsights_sitenote_active":false,"_monsterinsights_sitenote_note":"","_monsterinsights_sitenote_category":0},"product_brand":[],"product_cat":[12291,17033],"product_tag":[],"class_list":{"0":"post-754301","1":"product","2":"type-product","3":"status-publish","5":"product_cat-edebiyat","6":"product_cat-korku-gerilim","7":"pa_cilt-ciltsiz","8":"pa_tur-kitap","9":"pa_yayinevi-dex-yayinevi","10":"pa_yazar-holly-black","12":"first","13":"instock","14":"sale","15":"shipping-taxable","16":"purchasable","17":"product-type-simple"},"_links":{"self":[{"href":"https:\/\/roveyayinevi.com.tr\/index.php\/wp-json\/wp\/v2\/product\/754301","targetHints":{"allow":["GET"]}}],"collection":[{"href":"https:\/\/roveyayinevi.com.tr\/index.php\/wp-json\/wp\/v2\/product"}],"about":[{"href":"https:\/\/roveyayinevi.com.tr\/index.php\/wp-json\/wp\/v2\/types\/product"}],"wp:attachment":[{"href":"https:\/\/roveyayinevi.com.tr\/index.php\/wp-json\/wp\/v2\/media?parent=754301"}],"wp:term":[{"taxonomy":"product_brand","embeddable":true,"href":"https:\/\/roveyayinevi.com.tr\/index.php\/wp-json\/wp\/v2\/product_brand?post=754301"},{"taxonomy":"product_cat","embeddable":true,"href":"https:\/\/roveyayinevi.com.tr\/index.php\/wp-json\/wp\/v2\/product_cat?post=754301"},{"taxonomy":"product_tag","embeddable":true,"href":"https:\/\/roveyayinevi.com.tr\/index.php\/wp-json\/wp\/v2\/product_tag?post=754301"}],"curies":[{"name":"wp","href":"https:\/\/api.w.org\/{rel}","templated":true}]}}