{"id":754300,"date":"2025-08-28T06:07:12","date_gmt":"2025-08-28T03:07:12","guid":{"rendered":"https:\/\/roveyayinevi.com.tr\/index.php\/urun\/kayip-hatiralar-muzesi\/"},"modified":"2026-04-16T03:07:46","modified_gmt":"2026-04-16T00:07:46","slug":"kayip-hatiralar-muzesi","status":"publish","type":"product","link":"https:\/\/roveyayinevi.com.tr\/index.php\/urun\/kayip-hatiralar-muzesi\/","title":{"rendered":"Kay\u0131p Hat\u0131ralar M\u00fczesi"},"content":{"rendered":"<p>Bu kitab\u0131n ad\u0131n\u0131 g\u00f6rd\u00fc\u011f\u00fcn\u00fczde ne d\u00fc\u015f\u00fcnd\u00fcn\u00fcz? Kaybetti\u011finiz bir hat\u0131ray\u0131 hat\u0131rlad\u0131n\u0131z, belki burnunuza tan\u0131d\u0131k bir koku geldi, belki de a\u011fz\u0131n\u0131za tatl\u0131 ek\u015fi bir tat. Ya da kapa\u011f\u0131n arkas\u0131n\u0131 \u00e7evirdiniz, bu yaz\u0131y\u0131 g\u00f6rd\u00fcn\u00fcz ve tam \u015fu anda unuttu\u011funuzu d\u00fc\u015f\u00fcnd\u00fc\u011f\u00fcn\u00fcz bir an\u0131 hat\u0131rlad\u0131n\u0131z&#8230; Hat\u0131ralar unutulmaz. Sadece kaybolur, bir g\u00fcn yeniden bulunmak \u00fczere.  Sokaktaki pastaneden ge\u00e7erken gelen koku \u00e7ocuklu\u011fa g\u00f6t\u00fcr\u00fcr, c\u0131rc\u0131r b\u00f6cekleri s\u0131cak bir yaza, sokaktan ge\u00e7en birinin g\u00fcl\u00fcmsemesi ilk a\u015fka\u2026 Hat\u0131ralar hep oradad\u0131r. Bazen anneannenizin alb\u00fcmleri aras\u0131ndaki bir foto\u011frafta, bazen baban\u0131z\u0131n g\u00f6mle\u011fine sinmi\u015f bir parf\u00fcmde, bazen de eski bir mektupta\u2026   Kay\u0131p Hat\u0131ralar M\u00fczesi\u2019nde Leyla ve Deniz, kayboldu\u011fu d\u00fc\u015f\u00fcn\u00fclen hat\u0131ralar\u0131 sahiplerine kavu\u015fturup yenilerine yol a\u00e7arken, sizi de \u0130stanbul sokaklar\u0131nda s\u0131cac\u0131k bir hik\u00e2yeye davet ediyor. <\/p>\n","protected":false},"excerpt":{"rendered":"<p>Bu kitab\u0131n ad\u0131n\u0131 g\u00f6rd\u00fc\u011f\u00fcn\u00fczde ne d\u00fc\u015f\u00fcnd\u00fcn\u00fcz? Kaybetti\u011finiz bir hat\u0131ray\u0131 hat\u0131rlad\u0131n\u0131z, belki burnunuza tan\u0131d\u0131k bir koku geldi, belki de a\u011fz\u0131n\u0131za tatl\u0131 ek\u015fi bir tat. Ya da kapa\u011f\u0131n<span class=\"excerpt-hellip\"> [\u2026]<\/span><\/p>\n","protected":false},"featured_media":0,"template":"","meta":{"_monsterinsights_skip_tracking":false,"_monsterinsights_sitenote_active":false,"_monsterinsights_sitenote_note":"","_monsterinsights_sitenote_category":0},"product_brand":[],"product_cat":[12291,12711],"product_tag":[],"class_list":{"0":"post-754300","1":"product","2":"type-product","3":"status-publish","5":"product_cat-edebiyat","6":"product_cat-roman-oyku","7":"pa_cilt-ciltsiz","8":"pa_tur-kitap","9":"pa_yayinevi-dogan-kitap","10":"pa_yazar-alya-barutoglu","12":"first","13":"instock","14":"sale","15":"shipping-taxable","16":"purchasable","17":"product-type-simple"},"_links":{"self":[{"href":"https:\/\/roveyayinevi.com.tr\/index.php\/wp-json\/wp\/v2\/product\/754300","targetHints":{"allow":["GET"]}}],"collection":[{"href":"https:\/\/roveyayinevi.com.tr\/index.php\/wp-json\/wp\/v2\/product"}],"about":[{"href":"https:\/\/roveyayinevi.com.tr\/index.php\/wp-json\/wp\/v2\/types\/product"}],"wp:attachment":[{"href":"https:\/\/roveyayinevi.com.tr\/index.php\/wp-json\/wp\/v2\/media?parent=754300"}],"wp:term":[{"taxonomy":"product_brand","embeddable":true,"href":"https:\/\/roveyayinevi.com.tr\/index.php\/wp-json\/wp\/v2\/product_brand?post=754300"},{"taxonomy":"product_cat","embeddable":true,"href":"https:\/\/roveyayinevi.com.tr\/index.php\/wp-json\/wp\/v2\/product_cat?post=754300"},{"taxonomy":"product_tag","embeddable":true,"href":"https:\/\/roveyayinevi.com.tr\/index.php\/wp-json\/wp\/v2\/product_tag?post=754300"}],"curies":[{"name":"wp","href":"https:\/\/api.w.org\/{rel}","templated":true}]}}