{"id":754297,"date":"2025-08-28T06:07:05","date_gmt":"2025-08-28T03:07:05","guid":{"rendered":"https:\/\/roveyayinevi.com.tr\/index.php\/urun\/cirpinan-kadin\/"},"modified":"2026-04-03T03:09:35","modified_gmt":"2026-04-03T00:09:35","slug":"cirpinan-kadin","status":"publish","type":"product","link":"https:\/\/roveyayinevi.com.tr\/index.php\/urun\/cirpinan-kadin\/","title":{"rendered":"\u00c7\u0131rp\u0131nan Kad\u0131n"},"content":{"rendered":"<p>G\u00fclnaz delirecek gibiydi evet sonu buydu, halk\u0131m\u0131z ger\u00e7ekten bunu mu istiyordu? Yoksa!!!! Yok can\u0131m!!!!!!! Yaaaa, bu memlekete \u015feriat meriat gelmez safsatas\u0131na m\u0131 g\u00fcveniyordu? \u015eeriat demek h\u0131rs\u0131zlar\u0131n, kirli politikac\u0131lar\u0131n, kriminal insanlar\u0131n arkas\u0131na sakland\u0131klar\u0131 kal\u0131n bir duvard\u0131. \u015eeriat\u0131n kanunlar\u0131yla insanlar\u0131 korkut ve sessiz kalmalar\u0131n\u0131 sa\u011fla, \u00f6b\u00fcr yandan mal\u0131 g\u00f6t\u00fcr!!! Kimse de sana bir \u015fey diyemesin, kimse soru soramas\u0131n! Bunu bizim halk\u0131m\u0131z ger\u00e7ekten istiyor muydu? Y\u0131llar i\u00e7erisinde halk\u0131n \u00f6zellikle cahil b\u0131rak\u0131ld\u0131\u011f\u0131n\u0131, sorgulaman\u0131n ay\u0131p oldu\u011fu ortam yarat\u0131lm\u0131\u015ft\u0131. Halktan bir ki\u015finin devlet b\u00fcy\u00fcklerine bir \u015fey sormak istemesi nerede g\u00f6r\u00fclm\u00fc\u015ft\u00fc, velev ki sordu, ald\u0131\u011f\u0131 cevaplar\u0131 siz halk\u0131m benden daha iyi bilmektesiniz diyordu G\u00fclnaz i\u00e7inden. Soru sorarsan mimlenirdin, hi\u00e7bir yerde i\u015f bulamazd\u0131n, varsa da i\u015ften at\u0131l\u0131rd\u0131n, seni toplumda yaln\u0131zla\u015ft\u0131r\u0131rlard\u0131. B\u00f6ylece soru sormay\u0131, sorgulamay\u0131 unutmal\u0131yd\u0131n, devlet b\u00fcy\u00fcklerimizin arkas\u0131na tak\u0131l\u0131p tin tin, nereye gidiyorlarsa takip etmeliydin, bu \u015fekilde hayatta kal\u0131rd\u0131n. Ey halk\u0131m unutma bunu, ya\u015famak istiyorsan yalakal\u0131k yapmak, biat etmek moda olmu\u015ftu. Nereden nereye gelmi\u015ftik de\u011fil mi?<\/p>\n","protected":false},"excerpt":{"rendered":"<p>G\u00fclnaz delirecek gibiydi evet sonu buydu, halk\u0131m\u0131z ger\u00e7ekten bunu mu istiyordu? Yoksa!!!! Yok can\u0131m!!!!!!! Yaaaa, bu memlekete \u015feriat meriat gelmez safsatas\u0131na m\u0131 g\u00fcveniyordu? \u015eeriat demek h\u0131rs\u0131zlar\u0131n,<span class=\"excerpt-hellip\"> [\u2026]<\/span><\/p>\n","protected":false},"featured_media":0,"template":"","meta":{"_monsterinsights_skip_tracking":false,"_monsterinsights_sitenote_active":false,"_monsterinsights_sitenote_note":"","_monsterinsights_sitenote_category":0},"product_brand":[],"product_cat":[12291,12711],"product_tag":[],"class_list":{"0":"post-754297","1":"product","2":"type-product","3":"status-publish","5":"product_cat-edebiyat","6":"product_cat-roman-oyku","7":"pa_cilt-ciltsiz","8":"pa_tur-kitap","9":"pa_yayinevi-elpis-yayinlari","10":"pa_yazar-osman-akdere","12":"first","13":"instock","14":"sale","15":"shipping-taxable","16":"purchasable","17":"product-type-simple"},"_links":{"self":[{"href":"https:\/\/roveyayinevi.com.tr\/index.php\/wp-json\/wp\/v2\/product\/754297","targetHints":{"allow":["GET"]}}],"collection":[{"href":"https:\/\/roveyayinevi.com.tr\/index.php\/wp-json\/wp\/v2\/product"}],"about":[{"href":"https:\/\/roveyayinevi.com.tr\/index.php\/wp-json\/wp\/v2\/types\/product"}],"wp:attachment":[{"href":"https:\/\/roveyayinevi.com.tr\/index.php\/wp-json\/wp\/v2\/media?parent=754297"}],"wp:term":[{"taxonomy":"product_brand","embeddable":true,"href":"https:\/\/roveyayinevi.com.tr\/index.php\/wp-json\/wp\/v2\/product_brand?post=754297"},{"taxonomy":"product_cat","embeddable":true,"href":"https:\/\/roveyayinevi.com.tr\/index.php\/wp-json\/wp\/v2\/product_cat?post=754297"},{"taxonomy":"product_tag","embeddable":true,"href":"https:\/\/roveyayinevi.com.tr\/index.php\/wp-json\/wp\/v2\/product_tag?post=754297"}],"curies":[{"name":"wp","href":"https:\/\/api.w.org\/{rel}","templated":true}]}}