{"id":754296,"date":"2025-08-28T06:07:04","date_gmt":"2025-08-28T03:07:04","guid":{"rendered":"https:\/\/roveyayinevi.com.tr\/index.php\/urun\/fikriyat\/"},"modified":"2026-04-16T03:07:46","modified_gmt":"2026-04-16T00:07:46","slug":"fikriyat","status":"publish","type":"product","link":"https:\/\/roveyayinevi.com.tr\/index.php\/urun\/fikriyat\/","title":{"rendered":"Fikriyat"},"content":{"rendered":"<p>Hayat\u0131n \u00d6n S\u00f6z\u00fc   Kuzdan mesken kafa \u00fct\u00fcleyen kuzgun Daktilo ile yaz\u0131lm\u0131\u015f kasvetli bir hava Radyolarda f\u0131s\u0131ldanan Ophelia&#8217;dan rayihane bah\u00e7e Bir roman\u0131n \u00f6n s\u00f6z\u00fcne yaz\u0131lm\u0131\u015f man\u015fetlere kaz\u0131nan a\u015fka darg\u0131n   Y\u0131ld\u0131z tozundan yaz\u0131lm\u0131\u015f \u015fiir Mahpus dam\u0131nda s\u00f6ylenen bir \u00e7ift k\u00fcf\u00fcr Kaleska ile a\u015f\u0131lan yollarda bulunan  Birka\u00e7 tezah\u00fcr\u00fc kalkm\u0131\u015f budala insan   Gazete kup\u00fcrlerinde c\u0131zlam eden husumet  Cefak\u00e2r mahiyetinden d\u00fc\u015fen bir pay  K\u0131n\u0131ndan f\u0131rlayan k\u0131l\u0131\u00e7 gibi keskin ve azat Denize bakan ba\u015f\u0131 bozuk ay<\/p>\n","protected":false},"excerpt":{"rendered":"<p>Hayat\u0131n \u00d6n S\u00f6z\u00fc Kuzdan mesken kafa \u00fct\u00fcleyen kuzgun Daktilo ile yaz\u0131lm\u0131\u015f kasvetli bir hava Radyolarda f\u0131s\u0131ldanan Ophelia&#8217;dan rayihane bah\u00e7e Bir roman\u0131n \u00f6n s\u00f6z\u00fcne yaz\u0131lm\u0131\u015f man\u015fetlere kaz\u0131nan<span class=\"excerpt-hellip\"> [\u2026]<\/span><\/p>\n","protected":false},"featured_media":0,"template":"","meta":{"_monsterinsights_skip_tracking":false,"_monsterinsights_sitenote_active":false,"_monsterinsights_sitenote_note":"","_monsterinsights_sitenote_category":0},"product_brand":[],"product_cat":[12291,12509],"product_tag":[],"class_list":{"0":"post-754296","1":"product","2":"type-product","3":"status-publish","5":"product_cat-edebiyat","6":"product_cat-siir","7":"pa_cilt-ciltsiz","8":"pa_tur-kitap","9":"pa_yayinevi-elpis-yayinlari","10":"pa_yazar-emre-ece","12":"first","13":"instock","14":"sale","15":"shipping-taxable","16":"purchasable","17":"product-type-simple"},"_links":{"self":[{"href":"https:\/\/roveyayinevi.com.tr\/index.php\/wp-json\/wp\/v2\/product\/754296","targetHints":{"allow":["GET"]}}],"collection":[{"href":"https:\/\/roveyayinevi.com.tr\/index.php\/wp-json\/wp\/v2\/product"}],"about":[{"href":"https:\/\/roveyayinevi.com.tr\/index.php\/wp-json\/wp\/v2\/types\/product"}],"wp:attachment":[{"href":"https:\/\/roveyayinevi.com.tr\/index.php\/wp-json\/wp\/v2\/media?parent=754296"}],"wp:term":[{"taxonomy":"product_brand","embeddable":true,"href":"https:\/\/roveyayinevi.com.tr\/index.php\/wp-json\/wp\/v2\/product_brand?post=754296"},{"taxonomy":"product_cat","embeddable":true,"href":"https:\/\/roveyayinevi.com.tr\/index.php\/wp-json\/wp\/v2\/product_cat?post=754296"},{"taxonomy":"product_tag","embeddable":true,"href":"https:\/\/roveyayinevi.com.tr\/index.php\/wp-json\/wp\/v2\/product_tag?post=754296"}],"curies":[{"name":"wp","href":"https:\/\/api.w.org\/{rel}","templated":true}]}}