{"id":754294,"date":"2025-08-28T06:07:00","date_gmt":"2025-08-28T03:07:00","guid":{"rendered":"https:\/\/roveyayinevi.com.tr\/index.php\/urun\/haklarina-sahip-cik\/"},"modified":"2026-04-16T03:07:46","modified_gmt":"2026-04-16T00:07:46","slug":"haklarina-sahip-cik","status":"publish","type":"product","link":"https:\/\/roveyayinevi.com.tr\/index.php\/urun\/haklarina-sahip-cik\/","title":{"rendered":"Haklar\u0131na Sahip \u00c7\u0131k!"},"content":{"rendered":"<p>Haklar\u0131n\u0131z\u0131 savunabilmeniz i\u00e7in \u00f6nce onlar\u0131 bilmelisiniz. Uluslararas\u0131 Af \u00d6rg\u00fct\u00fc Yay\u0131n Projeleri Y\u00fcr\u00fct\u00fcc\u00fcs\u00fc Nicky Parker, Angelina Jolie ve insan haklar\u0131 avukat\u0131 Geraldine Van Bueren taraf\u0131ndan kaleme al\u0131nan Haklar\u0131na Sahip \u00c7\u0131k! gen\u00e7leri, 1989 tarihli Birle\u015fmi\u015f Milletler \u00c7ocuk Haklar\u0131 S\u00f6zle\u015fmesi&#8217;nde vaat edilen haklar\u0131 konusunda bilin\u00e7lenmeye \u00e7a\u011f\u0131ran bir ba\u015fvuru k\u0131lavuzu. \u00c7ocuk haklar\u0131n\u0131n ortaya \u00e7\u0131k\u0131\u015f\u0131n\u0131, pratikte nas\u0131l uyguland\u0131\u011f\u0131n\u0131 ve haklar\u0131n ihlal edildi\u011fi durumlarda nelerle kar\u015f\u0131la\u015f\u0131labilece\u011fini hap bilgiler e\u015fli\u011finde a\u00e7\u0131klayan bu kapsaml\u0131 \u00e7al\u0131\u015fma, ayn\u0131 zamanda hak taleplerinde ba\u015far\u0131l\u0131 olan gen\u00e7 aktivistlerin esin verici m\u00fccadele \u00f6yk\u00fclerine de yer veriyor.Gen\u00e7 bir bireyin yeti\u015fkin bir bireyle e\u015fit haklara sahip oldu\u011funu vurgulayan kitap ayr\u0131ca, bar\u0131\u015f\u00e7\u0131l g\u00f6steriler d\u00fczenleyerek haklar\u0131n\u0131 savunmak ve hem \u00e7evresinde hem de toplumda fark\u0131ndal\u0131k yaratmak isteyen okurlara g\u00fcvenlikten \u00f6d\u00fcn vermeden becerilerini nas\u0131l geli\u015ftirebileceklerini de anlat\u0131yor. Kim oldu\u011fu, nerede ya\u015fad\u0131\u011f\u0131, \u0131rk\u0131, etnik k\u00f6keni, ten rengi, dini, cinsiyeti fark etmeksizin, bu gezegende ya\u015fayan t\u00fcm \u00e7ocuklar\u0131n ve gen\u00e7lerin haklar\u0131 var!Peki, toplam d\u00fcnya n\u00fcfusunun neredeyse \u00fc\u00e7te birine kar\u015f\u0131l\u0131k gelen 2,3 milyar \u00e7ocuk, 196 \u00fclke taraf\u0131ndan imzalanan bir s\u00f6zle\u015fmeyle korunan haklar\u0131n\u0131n ne kadar\u0131n\u0131n fark\u0131nda?\u00d6zg\u00fcrl\u00fckleri elinden al\u0131nan \u00e7ocuk k\u00f6leler, e\u011fitim hakk\u0131ndan mahrum b\u0131rak\u0131lan \u00e7ocuk i\u015f\u00e7iler, yeti\u015fkin adalet sistemiyle yarg\u0131lanan \u00e7ocuklar&#8230;Oysa hi\u00e7 kimse hen\u00fcz re\u015fit olmayan birine zarar verme, onu susturma, onu de\u011fersizle\u015ftirme veyahut onun, toplumun bir par\u00e7as\u0131 olmas\u0131n\u0131 engelleme hakk\u0131na sahip de\u011fil!O h\u00e2lde, \u00e7ocuklar\u0131 ve gen\u00e7leri haklar\u0131na ula\u015fmalar\u0131 i\u00e7in \u00f6ncelikle bilin\u00e7lendirmek gerekiyor. Gen\u00e7leri haklar\u0131n\u0131 \u00f6\u011frenmeye, \u00f6z\u00fcmsemeye, kimin neden haklar\u0131na engel olmaya \u00e7al\u0131\u015ft\u0131\u011f\u0131n\u0131 sorgulamaya ve bu yolda harekete ge\u00e7ip kendilerini savunmaya y\u00fcreklendiren bu bilgilendirici kitap; ufuk a\u00e7\u0131c\u0131 \u00f6neri ve y\u00f6nlendirmelerle okurlara rehberlik ediyor.\u00d6zg\u00fcrl\u00fc\u011fe, e\u015fitli\u011fe ve d\u00fcnyan\u0131n herkes i\u00e7in \u00e7ok daha iyi bir yer olmas\u0131 gerekti\u011fine inanan gen\u00e7lere adanan Haklar\u0131na Sahip \u00c7\u0131k! zengin i\u00e7eri\u011fini kutu i\u00e7i-notlar ve foto\u011fraflarla destekleyerek kapsaml\u0131 bir el kitab\u0131na d\u00f6n\u00fc\u015f\u00fcyor. &#8221;Bu kitap, d\u00fcnyay\u0131 \u00f6nemseyen ve fark yaratmak isteyen gen\u00e7ler i\u00e7in m\u00fckemmel bir eser.&#8221;Greta Thunberg<\/p>\n","protected":false},"excerpt":{"rendered":"<p>Haklar\u0131n\u0131z\u0131 savunabilmeniz i\u00e7in \u00f6nce onlar\u0131 bilmelisiniz. Uluslararas\u0131 Af \u00d6rg\u00fct\u00fc Yay\u0131n Projeleri Y\u00fcr\u00fct\u00fcc\u00fcs\u00fc Nicky Parker, Angelina Jolie ve insan haklar\u0131 avukat\u0131 Geraldine Van Bueren taraf\u0131ndan kaleme al\u0131nan<span class=\"excerpt-hellip\"> [\u2026]<\/span><\/p>\n","protected":false},"featured_media":0,"template":"","meta":{"_monsterinsights_skip_tracking":false,"_monsterinsights_sitenote_active":false,"_monsterinsights_sitenote_note":"","_monsterinsights_sitenote_category":0},"product_brand":[],"product_cat":[12274],"product_tag":[],"class_list":{"0":"post-754294","1":"product","2":"type-product","3":"status-publish","5":"product_cat-cocuk-ve-genclik-kitaplari","6":"pa_cilt-ciltsiz","7":"pa_tur-kitap","8":"pa_yayinevi-tudem-yayinlari","9":"pa_yazar-angelina-jolie-geraldine-van-bueren","11":"first","12":"instock","13":"sale","14":"shipping-taxable","15":"purchasable","16":"product-type-simple"},"_links":{"self":[{"href":"https:\/\/roveyayinevi.com.tr\/index.php\/wp-json\/wp\/v2\/product\/754294","targetHints":{"allow":["GET"]}}],"collection":[{"href":"https:\/\/roveyayinevi.com.tr\/index.php\/wp-json\/wp\/v2\/product"}],"about":[{"href":"https:\/\/roveyayinevi.com.tr\/index.php\/wp-json\/wp\/v2\/types\/product"}],"wp:attachment":[{"href":"https:\/\/roveyayinevi.com.tr\/index.php\/wp-json\/wp\/v2\/media?parent=754294"}],"wp:term":[{"taxonomy":"product_brand","embeddable":true,"href":"https:\/\/roveyayinevi.com.tr\/index.php\/wp-json\/wp\/v2\/product_brand?post=754294"},{"taxonomy":"product_cat","embeddable":true,"href":"https:\/\/roveyayinevi.com.tr\/index.php\/wp-json\/wp\/v2\/product_cat?post=754294"},{"taxonomy":"product_tag","embeddable":true,"href":"https:\/\/roveyayinevi.com.tr\/index.php\/wp-json\/wp\/v2\/product_tag?post=754294"}],"curies":[{"name":"wp","href":"https:\/\/api.w.org\/{rel}","templated":true}]}}