{"id":754293,"date":"2025-08-28T06:06:58","date_gmt":"2025-08-28T03:06:58","guid":{"rendered":"https:\/\/roveyayinevi.com.tr\/index.php\/urun\/iliski-dansi\/"},"modified":"2026-04-16T03:07:46","modified_gmt":"2026-04-16T00:07:46","slug":"iliski-dansi","status":"publish","type":"product","link":"https:\/\/roveyayinevi.com.tr\/index.php\/urun\/iliski-dansi\/","title":{"rendered":"\u0130li\u015fki Dans\u0131"},"content":{"rendered":"<p>\u201cKendinizi tan\u0131madan, nas\u0131l biri oldu\u011funuzu bilmeden ad\u0131m att\u0131\u011f\u0131n\u0131z her ili\u015fki, bir rastlant\u0131 d\u00fcnyas\u0131na ad\u0131m atmak anlam\u0131na gelir.\u201d Uzman Klinik Psikolog \u0130lknur Y\u0131lmaz, \u0130li\u015fki Dans\u0131\u2019nda insan ili\u015fkilerinin karma\u015f\u0131k koreografisini masaya yat\u0131r\u0131yor. Yirmi be\u015f y\u0131ll\u0131k meslek hayat\u0131nda edindi\u011fi deneyim ve g\u00f6zlemlerle, okuyucular\u0131na ili\u015fkilerinin derinliklerine dalmak i\u00e7in bir f\u0131rsat sunuyor.Yaln\u0131zca romantik ili\u015fki dinamiklerinin de\u011fil, ayn\u0131 zamanda toplumsal normlar\u0131n ve aile beklentilerinin de incelendi\u011fi kitapta, evlilik ve ili\u015fkilerde dengenin nas\u0131l sa\u011flanaca\u011f\u0131, s\u0131n\u0131rlar\u0131n nas\u0131l korunaca\u011f\u0131 meselelerine de yer veriliyor. Terapi odas\u0131ndan ger\u00e7ek vakalarla, ba\u011f\u0131ml\u0131, obsesif, s\u0131n\u0131r ki\u015filik ile narsisistik ki\u015filik t\u00fcrleri inceleniyor ve bu ki\u015filiklere sahip insanlarla kurulan ili\u015fkilere dair \u00f6nemli i\u00e7g\u00f6r\u00fcler sunuluyor.\u201cBen\u201d, \u201cbiz\u201d ve \u201conlar\u201d dengesinin kuruldu\u011fu sa\u011fl\u0131kl\u0131 ve huzurlu ili\u015fkiler herkes i\u00e7in m\u00fcmk\u00fcn. Kendi dans\u0131n\u0131 ke\u015ffetmeye cesaret edenlerin, \u0130li\u015fki Dans\u0131\u2019ndan \u00f6\u011frenece\u011fi \u00e7ok \u015fey var.<\/p>\n","protected":false},"excerpt":{"rendered":"<p>\u201cKendinizi tan\u0131madan, nas\u0131l biri oldu\u011funuzu bilmeden ad\u0131m att\u0131\u011f\u0131n\u0131z her ili\u015fki, bir rastlant\u0131 d\u00fcnyas\u0131na ad\u0131m atmak anlam\u0131na gelir.\u201d Uzman Klinik Psikolog \u0130lknur Y\u0131lmaz, \u0130li\u015fki Dans\u0131\u2019nda insan ili\u015fkilerinin<span class=\"excerpt-hellip\"> [\u2026]<\/span><\/p>\n","protected":false},"featured_media":0,"template":"","meta":{"_monsterinsights_skip_tracking":false,"_monsterinsights_sitenote_active":false,"_monsterinsights_sitenote_note":"","_monsterinsights_sitenote_category":0},"product_brand":[],"product_cat":[12357],"product_tag":[],"class_list":{"0":"post-754293","1":"product","2":"type-product","3":"status-publish","5":"product_cat-psikoloji","6":"pa_cilt-ciltsiz","7":"pa_tur-kitap","8":"pa_yayinevi-nemesis-kitap","9":"pa_yazar-ilknur-yilmaz","11":"first","12":"instock","13":"sale","14":"shipping-taxable","15":"purchasable","16":"product-type-simple"},"_links":{"self":[{"href":"https:\/\/roveyayinevi.com.tr\/index.php\/wp-json\/wp\/v2\/product\/754293","targetHints":{"allow":["GET"]}}],"collection":[{"href":"https:\/\/roveyayinevi.com.tr\/index.php\/wp-json\/wp\/v2\/product"}],"about":[{"href":"https:\/\/roveyayinevi.com.tr\/index.php\/wp-json\/wp\/v2\/types\/product"}],"wp:attachment":[{"href":"https:\/\/roveyayinevi.com.tr\/index.php\/wp-json\/wp\/v2\/media?parent=754293"}],"wp:term":[{"taxonomy":"product_brand","embeddable":true,"href":"https:\/\/roveyayinevi.com.tr\/index.php\/wp-json\/wp\/v2\/product_brand?post=754293"},{"taxonomy":"product_cat","embeddable":true,"href":"https:\/\/roveyayinevi.com.tr\/index.php\/wp-json\/wp\/v2\/product_cat?post=754293"},{"taxonomy":"product_tag","embeddable":true,"href":"https:\/\/roveyayinevi.com.tr\/index.php\/wp-json\/wp\/v2\/product_tag?post=754293"}],"curies":[{"name":"wp","href":"https:\/\/api.w.org\/{rel}","templated":true}]}}