{"id":754289,"date":"2025-08-28T06:06:52","date_gmt":"2025-08-28T03:06:52","guid":{"rendered":"https:\/\/roveyayinevi.com.tr\/index.php\/urun\/ay-cicegi\/"},"modified":"2026-04-16T03:07:46","modified_gmt":"2026-04-16T00:07:46","slug":"ay-cicegi","status":"publish","type":"product","link":"https:\/\/roveyayinevi.com.tr\/index.php\/urun\/ay-cicegi\/","title":{"rendered":"Ay \u00c7i\u00e7e\u011fi"},"content":{"rendered":"<p>Adan\u0131n birinde, eski bir ta\u015f evde ya\u015fayan ve g\u00fcnlerini gizemli bah\u00e7esinin dolamba\u00e7l\u0131 patikalar\u0131nda dola\u015farak ge\u00e7iren bir adam, bir sabah bah\u00e7esinde daha \u00f6nce hi\u00e7 g\u00f6rmedi\u011fi bir bitkiyi fark eder. Adam o g\u00fcnden sonra durmaks\u0131z\u0131n bu bitkiyle ilgilenir ve sonunda mucizevi bir tomurcu\u011fun belirdi\u011fine tan\u0131k olur. Ancak bu kez de adam ne yaparsa yaps\u0131n, tomurcuk bir t\u00fcrl\u00fc a\u00e7maz. G\u00f6r\u00fcn\u00fc\u015fe g\u00f6re bu bitkinin dolunayla bir ili\u015fkisi vard\u0131r&#8230;                                                             \u2767 \u201cEinar Turkowski bize fantastik bir bah\u00e7enin kap\u0131lar\u0131n\u0131 aral\u0131yor. Son derece detayl\u0131 ve ustal\u0131kla yap\u0131lm\u0131\u015f \u00e7izimler bu esrarengiz bah\u00e7eyi ad\u0131m ad\u0131m a\u00e7\u0131\u011fa \u00e7\u0131kar\u0131rken hik\u00e2yenin gizemi korunuyor.\u201d Rattenf\u00e4nger Edebiyat \u00d6d\u00fcl\u00fc j\u00fcrisi, 2010, k\u0131sa liste. \u201cBu kitap \u00e7ocuklar\u0131 oldu\u011fu kadar yeti\u015fkinleri de b\u00fcy\u00fcleyen bir sanat eseri.\u201d Buch&amp;Maus<\/p>\n","protected":false},"excerpt":{"rendered":"<p>Adan\u0131n birinde, eski bir ta\u015f evde ya\u015fayan ve g\u00fcnlerini gizemli bah\u00e7esinin dolamba\u00e7l\u0131 patikalar\u0131nda dola\u015farak ge\u00e7iren bir adam, bir sabah bah\u00e7esinde daha \u00f6nce hi\u00e7 g\u00f6rmedi\u011fi bir bitkiyi<span class=\"excerpt-hellip\"> [\u2026]<\/span><\/p>\n","protected":false},"featured_media":0,"template":"","meta":{"_monsterinsights_skip_tracking":false,"_monsterinsights_sitenote_active":false,"_monsterinsights_sitenote_note":"","_monsterinsights_sitenote_category":0},"product_brand":[],"product_cat":[12274,12284],"product_tag":[],"class_list":{"0":"post-754289","1":"product","2":"type-product","3":"status-publish","5":"product_cat-cocuk-ve-genclik-kitaplari","6":"product_cat-hikayeler","7":"pa_cilt-ciltsiz","8":"pa_tur-kitap","9":"pa_yayinevi-kuraldisi-yayinevi","10":"pa_yazar-einar-turkowski","12":"first","13":"instock","14":"sale","15":"shipping-taxable","16":"purchasable","17":"product-type-simple"},"_links":{"self":[{"href":"https:\/\/roveyayinevi.com.tr\/index.php\/wp-json\/wp\/v2\/product\/754289","targetHints":{"allow":["GET"]}}],"collection":[{"href":"https:\/\/roveyayinevi.com.tr\/index.php\/wp-json\/wp\/v2\/product"}],"about":[{"href":"https:\/\/roveyayinevi.com.tr\/index.php\/wp-json\/wp\/v2\/types\/product"}],"wp:attachment":[{"href":"https:\/\/roveyayinevi.com.tr\/index.php\/wp-json\/wp\/v2\/media?parent=754289"}],"wp:term":[{"taxonomy":"product_brand","embeddable":true,"href":"https:\/\/roveyayinevi.com.tr\/index.php\/wp-json\/wp\/v2\/product_brand?post=754289"},{"taxonomy":"product_cat","embeddable":true,"href":"https:\/\/roveyayinevi.com.tr\/index.php\/wp-json\/wp\/v2\/product_cat?post=754289"},{"taxonomy":"product_tag","embeddable":true,"href":"https:\/\/roveyayinevi.com.tr\/index.php\/wp-json\/wp\/v2\/product_tag?post=754289"}],"curies":[{"name":"wp","href":"https:\/\/api.w.org\/{rel}","templated":true}]}}