{"id":754288,"date":"2025-08-28T06:06:50","date_gmt":"2025-08-28T03:06:50","guid":{"rendered":"https:\/\/roveyayinevi.com.tr\/index.php\/urun\/arkadasim-tasiniyor-endiselerim-ve-ben\/"},"modified":"2026-04-16T03:07:46","modified_gmt":"2026-04-16T00:07:46","slug":"arkadasim-tasiniyor-endiselerim-ve-ben","status":"publish","type":"product","link":"https:\/\/roveyayinevi.com.tr\/index.php\/urun\/arkadasim-tasiniyor-endiselerim-ve-ben\/","title":{"rendered":"Arkada\u015f\u0131m Ta\u015f\u0131n\u0131yor &#8211; Endi\u015felerim ve Ben"},"content":{"rendered":"<p>Emel ve Eda \u00e7ok yak\u0131n iki arkada\u015f. Her anlar\u0131 birlikte ge\u00e7iyor. Ne yaz\u0131k ki Emel, ba\u015fka bir \u015fehre ta\u015f\u0131nacak. \u0130kisi de \u00e7ok \u00fczg\u00fcn. Neyse ki hayat, s\u00fcrprizlerle dolu. Kimbilir, belki de Emel ve Eda&#8217;n\u0131n dostluklar\u0131 \u00f6m\u00fcr boyu s\u00fcrer.   Arkada\u015f\u0131m Ta\u015f\u0131n\u0131yor, \u00e7ocuklar\u0131n en b\u00fcy\u00fck endi\u015felerinden birini, ta\u015f\u0131nma konusunu i\u015fliyor. \u00c7ocuklar\u0131n ilk okuma kitab\u0131 olarak tek ba\u015flar\u0131na okuyabilecekleri bu kitap ba\u015fka bir semte, \u015fehre ya da \u00fclkeye ta\u015f\u0131nmak \u00fczere olan ya da arkada\u015f\u0131n\u0131n ta\u015f\u0131naca\u011f\u0131n\u0131 \u00f6\u011frenen \u00e7ocuklara bu kayg\u0131yla ba\u015f etmelerini sa\u011flayacak bir bak\u0131\u015f a\u00e7\u0131s\u0131 kazand\u0131racak. Ayn\u0131 zamanda anne babalar\u0131yla birlikte okuyup derin anlamlar i\u00e7eren \u00e7izimlerin e\u015fli\u011finde tela\u015flar\u0131 \u00fcst\u00fcne sohbet etmelerine de olanak sa\u011flayacak.   Endi\u015felerim ve Ben serisi, terapist Dr. \u00c9ric Englebert&#8217;in tecr\u00fcbeleriyle harmanlanm\u0131\u015f s\u00f6zc\u00fcklerini \u00f6d\u00fcll\u00fc \u00e7izer Claude K. Dubois&#8217;nin kendine has \u00e7izimleriyle bulu\u015fturup hayat\u0131n ac\u0131s\u0131yla tatl\u0131s\u0131yla ne kadar g\u00fczel oldu\u011funu \u00e7ocuklar\u0131n penceresinden anlat\u0131yor. Sevin\u00e7 ve h\u00fczn\u00fcn dengesinin, an\u0131 ya\u015faman\u0131n de\u011ferinin alt\u0131n\u0131 \u00e7iziyor. \u00c7ocuklar ve yeti\u015fkinlere yepyeni sohbet alanlar\u0131 a\u00e7\u0131yor. <\/p>\n","protected":false},"excerpt":{"rendered":"<p>Emel ve Eda \u00e7ok yak\u0131n iki arkada\u015f. Her anlar\u0131 birlikte ge\u00e7iyor. Ne yaz\u0131k ki Emel, ba\u015fka bir \u015fehre ta\u015f\u0131nacak. \u0130kisi de \u00e7ok \u00fczg\u00fcn. Neyse ki hayat,<span class=\"excerpt-hellip\"> [\u2026]<\/span><\/p>\n","protected":false},"featured_media":0,"template":"","meta":{"_monsterinsights_skip_tracking":false,"_monsterinsights_sitenote_active":false,"_monsterinsights_sitenote_note":"","_monsterinsights_sitenote_category":0},"product_brand":[],"product_cat":[12274,12284],"product_tag":[],"class_list":{"0":"post-754288","1":"product","2":"type-product","3":"status-publish","5":"product_cat-cocuk-ve-genclik-kitaplari","6":"product_cat-hikayeler","7":"pa_cilt-ciltsiz","8":"pa_tur-kitap","9":"pa_yayinevi-kronik-kitap","10":"pa_yazar-eric-englebert","12":"first","13":"instock","14":"sale","15":"shipping-taxable","16":"purchasable","17":"product-type-simple"},"_links":{"self":[{"href":"https:\/\/roveyayinevi.com.tr\/index.php\/wp-json\/wp\/v2\/product\/754288","targetHints":{"allow":["GET"]}}],"collection":[{"href":"https:\/\/roveyayinevi.com.tr\/index.php\/wp-json\/wp\/v2\/product"}],"about":[{"href":"https:\/\/roveyayinevi.com.tr\/index.php\/wp-json\/wp\/v2\/types\/product"}],"wp:attachment":[{"href":"https:\/\/roveyayinevi.com.tr\/index.php\/wp-json\/wp\/v2\/media?parent=754288"}],"wp:term":[{"taxonomy":"product_brand","embeddable":true,"href":"https:\/\/roveyayinevi.com.tr\/index.php\/wp-json\/wp\/v2\/product_brand?post=754288"},{"taxonomy":"product_cat","embeddable":true,"href":"https:\/\/roveyayinevi.com.tr\/index.php\/wp-json\/wp\/v2\/product_cat?post=754288"},{"taxonomy":"product_tag","embeddable":true,"href":"https:\/\/roveyayinevi.com.tr\/index.php\/wp-json\/wp\/v2\/product_tag?post=754288"}],"curies":[{"name":"wp","href":"https:\/\/api.w.org\/{rel}","templated":true}]}}